{"id":3222,"date":"2022-04-29T02:49:49","date_gmt":"2022-04-29T02:49:49","guid":{"rendered":"https:\/\/blackandtanpearls.w3lab.dev\/about-us\/"},"modified":"2024-08-24T22:31:55","modified_gmt":"2024-08-24T22:31:55","slug":"ueber-uns","status":"publish","type":"page","link":"https:\/\/blackandtanpearls.com\/de\/ueber-uns\/","title":{"rendered":"\u00dcber uns"},"content":{"rendered":"\t\t<div data-elementor-type=\"wp-page\" data-elementor-id=\"3222\" class=\"elementor elementor-3222 elementor-76\">\n\t\t\t\t\t\t<section class=\"elementor-section elementor-top-section elementor-element elementor-element-a5ea5a6 elementor-section-full_width elementor-section-height-default elementor-section-height-default\" data-id=\"a5ea5a6\" data-element_type=\"section\">\n\t\t\t\t\t\t<div class=\"elementor-container elementor-column-gap-no\">\n\t\t\t\t\t<div class=\"elementor-column elementor-col-100 elementor-top-column elementor-element elementor-element-40a22b6\" data-id=\"40a22b6\" data-element_type=\"column\">\n\t\t\t<div class=\"elementor-widget-wrap elementor-element-populated\">\n\t\t\t\t\t\t<div class=\"elementor-element elementor-element-0790f65 elementor-align-left elementor-widget elementor-widget-pages-banner\" data-id=\"0790f65\" data-element_type=\"widget\" data-widget_type=\"pages-banner.default\">\n\t\t\t\t<div class=\"elementor-widget-container\">\n\t\t\t\t\t\r\n\t\t\t\t<div class=\"banner-header section-padding valign bg-img bg-fixed\" data-overlay-dark=\"4\" data-background=\"https:\/\/blackandtanpearls.com\/wp-content\/uploads\/2024\/01\/IMG_0412.jpeg\">\r\n\t\t\t\t\t<div class=\"container\">\r\n\t\t\t\t<div class=\"row\">\r\n\t\t\t\t\t<div class=\"col-md-12 caption mt-90\">\r\n\t\t\t\t\t\t\t\t\t\t\t\t\t\t\t\t\t\t<h1>\u00dcber uns<\/h1>\r\n\t\t\t\t\t\t\t\t\t\t\t<\/div>\r\n\t\t\t\t<\/div>\r\n\t\t\t<\/div>\r\n\t\t<\/div>\r\n\r\n\t\t\t\t\t<\/div>\n\t\t\t\t<\/div>\n\t\t\t\t\t<\/div>\n\t\t<\/div>\n\t\t\t\t\t<\/div>\n\t\t<\/section>\n\t\t\t\t<section class=\"elementor-section elementor-top-section elementor-element elementor-element-87591f9 elementor-section-full_width elementor-section-height-default elementor-section-height-default\" data-id=\"87591f9\" data-element_type=\"section\">\n\t\t\t\t\t\t<div class=\"elementor-container elementor-column-gap-no\">\n\t\t\t\t\t<div class=\"elementor-column elementor-col-100 elementor-top-column elementor-element elementor-element-a01a421\" data-id=\"a01a421\" data-element_type=\"column\">\n\t\t\t<div class=\"elementor-widget-wrap elementor-element-populated\">\n\t\t\t\t\t\t<div class=\"elementor-element elementor-element-cfcb09d elementor-align-left home-about-top elementor-widget elementor-widget-home-about\" data-id=\"cfcb09d\" data-element_type=\"widget\" data-widget_type=\"home-about.default\">\n\t\t\t\t<div class=\"elementor-widget-container\">\n\t\t\t\t\t\r\n\t\t<section class=\"about section-padding\">\r\n\t\t\t<h2 style=\"display: none!important;\">The Cappa<\/h2>\r\n\t\t\t<div class=\"container\">\r\n\t\t\t\t<div class=\"row\">\r\n\t\t\t\t\t<div class=\"col-md-6 mb-30 animate-box\" data-animate-effect=\"fadeInUp\">\r\n\t\t\t\t\t\t<span>\r\n\t\t\t\t\t\t\t\t\t\t\t\t\t\t\t<i class=\"star-rating\"><\/i>\r\n\t\t\t\t\t\t\t\t<i class=\"star-rating\"><\/i>\r\n\t\t\t\t\t\t\t\t<i class=\"star-rating\"><\/i>\r\n\t\t\t\t\t\t\t\t<i class=\"star-rating\"><\/i>\r\n\t\t\t\t\t\t\t\t<i class=\"star-rating\"><\/i>\r\n\t\t\t\t\t\t\t\t\t\t\t\t\t<\/span>\r\n\t\t\t\t\t\t\t\t\t\t\t\t<div class=\"section-subtitle\">Professioneller Rottweiler-Zwinger<\/div>\r\n\t\t\t\t\t\t\t\t\t\t\t\t\t\t\t\t\t\t<div class=\"section-title\">Black and Tan Pearls <\/div>\r\n\t\t\t\t\t\t\t\t\t\t\t\t\t\t\t\t\t\t<p>Willkommen bei Black And Tan Pearls, einem professionellen Rottweiler-Zwinger mit Sitz in Serbien. Unser Zwinger wurde 2016 von Jovana Gavrilovic gegr\u00fcndet und konzentriert sich auf die Zucht hochwertiger Rottweiler und das Angebot von Tiefk\u00fchlsperma f\u00fcr den weltweiten Versand.\n <\/p>\n\n<p>Wir sind sehr stolz auf unser Zuchtprogramm, das darauf abzielt, Rottweiler hervorzubringen, die sich durch Exterieur, Temperament und Gesundheit auszeichnen. Unsere Hunde stammen aus besten europ\u00e4ischen Blutlinien und wir halten uns an den FCI-Rassestandard. Bei Black And Tan Pearls legen wir gro\u00dfen Wert auf das Wohlbefinden und die Zufriedenheit unserer Hunde und stellen sicher, dass sie die beste Pflege und Sozialisierung erhalten.<\/p>\n\n<p>Unsere Liebe und Leidenschaft f\u00fcr Rottweiler treibt uns dazu, unsere Zuchtpraktiken kontinuierlich zu verbessern und weiterzuentwickeln, um Hunde zu schaffen, die Ihre Erwartungen nicht nur erf\u00fcllen, sondern \u00fcbertreffen.<\/p>\n\n\n<p>Bei weiteren Fragen oder um mehr \u00fcber unser Rottweiler-Zuchtprogramm und unsere Dienste f\u00fcr gefrorenes Sperma zu erfahren, wenden Sie sich bitte an unser Team.<\/p>\t\t\t\t\t\t\t\t\t\t\t\t<!-- call -->\r\n\t\t\t\t\t\t\t\t\t\t\t<\/div>\r\n\t\t\t\t\t\t\t\t\t\t<div class=\"col col-md-3 animate-box\" data-animate-effect=\"fadeInUp\">\r\n\t\t\t\t\t\t<img decoding=\"async\" src=\"https:\/\/blackandtanpearls.com\/wp-content\/uploads\/2024\/07\/851033F2-67B5-4E47-B864-976A4271CD04.jpeg\" alt=\"\" class=\"mt-90 mb-30\">\r\n\t\t\t\t\t<\/div>\r\n\t\t\t\t\t\t\t\t\t\t\t\t\t\t\t<div class=\"col col-md-3 animate-box\" data-animate-effect=\"fadeInUp\">\r\n\t\t\t\t\t\t<img decoding=\"async\" src=\"https:\/\/blackandtanpearls.com\/wp-content\/uploads\/2024\/07\/A313E7BE-EB3C-44F9-A7D9-2E846A1203D6.jpeg\" alt=\"\">\r\n\t\t\t\t\t<\/div>\r\n\t\t\t\t\t\t\t\t\t<\/div>\r\n\t\t\t<\/div>\r\n\t\t<\/section>\r\n\r\n\t\t\t\t\t<\/div>\n\t\t\t\t<\/div>\n\t\t\t\t\t<\/div>\n\t\t<\/div>\n\t\t\t\t\t<\/div>\n\t\t<\/section>\n\t\t\t\t<section class=\"elementor-section elementor-top-section elementor-element elementor-element-e2c593a elementor-section-full_width elementor-section-height-default elementor-section-height-default\" data-id=\"e2c593a\" data-element_type=\"section\">\n\t\t\t\t\t\t<div class=\"elementor-container elementor-column-gap-no\">\n\t\t\t\t\t<div class=\"elementor-column elementor-col-100 elementor-top-column elementor-element elementor-element-f1c465e\" data-id=\"f1c465e\" data-element_type=\"column\" data-settings=\"{&quot;background_background&quot;:&quot;slideshow&quot;,&quot;background_slideshow_gallery&quot;:[],&quot;background_slideshow_loop&quot;:&quot;yes&quot;,&quot;background_slideshow_slide_duration&quot;:5000,&quot;background_slideshow_slide_transition&quot;:&quot;fade&quot;,&quot;background_slideshow_transition_duration&quot;:500}\">\n\t\t\t<div class=\"elementor-widget-wrap elementor-element-populated\">\n\t\t\t\t\t\t<div class=\"elementor-element elementor-element-91b125f elementor-align-left e-transform e-transform e-transform elementor-widget elementor-widget-home-pricing\" data-id=\"91b125f\" data-element_type=\"widget\" data-settings=\"{&quot;_transform_rotateZ_effect&quot;:{&quot;unit&quot;:&quot;px&quot;,&quot;size&quot;:&quot;&quot;,&quot;sizes&quot;:[]},&quot;_transform_rotateZ_effect_tablet&quot;:{&quot;unit&quot;:&quot;deg&quot;,&quot;size&quot;:&quot;&quot;,&quot;sizes&quot;:[]},&quot;_transform_rotateZ_effect_mobile&quot;:{&quot;unit&quot;:&quot;deg&quot;,&quot;size&quot;:&quot;&quot;,&quot;sizes&quot;:[]},&quot;_transform_translateX_effect&quot;:{&quot;unit&quot;:&quot;px&quot;,&quot;size&quot;:&quot;&quot;,&quot;sizes&quot;:[]},&quot;_transform_translateX_effect_tablet&quot;:{&quot;unit&quot;:&quot;px&quot;,&quot;size&quot;:&quot;&quot;,&quot;sizes&quot;:[]},&quot;_transform_translateX_effect_mobile&quot;:{&quot;unit&quot;:&quot;px&quot;,&quot;size&quot;:&quot;&quot;,&quot;sizes&quot;:[]},&quot;_transform_translateY_effect&quot;:{&quot;unit&quot;:&quot;px&quot;,&quot;size&quot;:&quot;&quot;,&quot;sizes&quot;:[]},&quot;_transform_translateY_effect_tablet&quot;:{&quot;unit&quot;:&quot;px&quot;,&quot;size&quot;:&quot;&quot;,&quot;sizes&quot;:[]},&quot;_transform_translateY_effect_mobile&quot;:{&quot;unit&quot;:&quot;px&quot;,&quot;size&quot;:&quot;&quot;,&quot;sizes&quot;:[]},&quot;_transform_scaleX_effect&quot;:{&quot;unit&quot;:&quot;px&quot;,&quot;size&quot;:&quot;&quot;,&quot;sizes&quot;:[]},&quot;_transform_scaleX_effect_tablet&quot;:{&quot;unit&quot;:&quot;px&quot;,&quot;size&quot;:&quot;&quot;,&quot;sizes&quot;:[]},&quot;_transform_scaleX_effect_mobile&quot;:{&quot;unit&quot;:&quot;px&quot;,&quot;size&quot;:&quot;&quot;,&quot;sizes&quot;:[]},&quot;_transform_scaleY_effect&quot;:{&quot;unit&quot;:&quot;px&quot;,&quot;size&quot;:&quot;&quot;,&quot;sizes&quot;:[]},&quot;_transform_scaleY_effect_tablet&quot;:{&quot;unit&quot;:&quot;px&quot;,&quot;size&quot;:&quot;&quot;,&quot;sizes&quot;:[]},&quot;_transform_scaleY_effect_mobile&quot;:{&quot;unit&quot;:&quot;px&quot;,&quot;size&quot;:&quot;&quot;,&quot;sizes&quot;:[]}}\" data-widget_type=\"home-pricing.default\">\n\t\t\t\t<div class=\"elementor-widget-container\">\n\t\t\t\t\t\n\t\t\t\t<section class=\"pricing section-padding bg-black\">\n\t\t\t \n\t\t\t<h2 style=\"display: none!important;\">The Cappa<\/h2>\n\t\t\t<div class=\"container\">\n\t\t\t\t<div class=\"row\">\n\t\t\t\t\t<div class=\"col-md-4\">\n\t\t\t\t\t\t\t\t\t\t\t\t<div class=\"section-subtitle\"><span>Black And Tan Pearls<\/span><\/div>\n\t\t\t\t\t\t\t\t\t\t\t\t\t\t\t\t\t\t<div class=\"section-title\"><span>Jovana Gavrilovic Gr\u00fcnderin und CEO<\/span><\/div>\n\t\t\t\t\t\t\t\t\t\t\t\t\t\t\t\t\t\t<p class=\"color-5\">Hallo, mein Name ist Jovana Gavrilovic und ich bin eine Rottweiler-Z\u00fcchterin, Gr\u00fcnderin und Gesch\u00e4ftsf\u00fchrerin von \"Black N Tan Pearls\"! F\u00fcr mich ist die Zucht von Rottweilern reine Liebe und Leidenschaft. Meine Hunde sind nicht nur Haustiere, sie sind Mitglieder meiner Familie und ich liebe sie mehr als alles andere auf dieser Welt.<\/p>\n\n<p class=\"color-5\">Alles, was Sie hier sehen, ist das Ergebnis von Liebe! F\u00fcr mich ist Liebe die treibende Kraft hinter allem, was ich tue. Meine Hunde sind meine Energie, meine Kraft, mein sicherer Ort, mein Zuhause und meine besten Freunde. Sie inspirieren mich, die beste Person zu sein, die ich sein kann, so wie ich es in ihren Augen bin. Es ist schwer in Worte zu fassen!<\/p>\n\n<p class=\"color-5\">Meine gr\u00f6\u00dfte Freude ist es, meine Hunde gl\u00fccklich und gesund mit ihren neuen Familien zu sehen. Es macht mich unglaublich gl\u00fccklich, ihre fr\u00f6hlichen Gesichter zu sehen, wie sie verw\u00f6hnt und geliebt werden. Es gibt nichts, was ich daf\u00fcr eintauschen w\u00fcrde. Zu wissen, dass meine Rottweiler Freude und Liebe in ihre neuen Zuhause bringen, ist die gr\u00f6\u00dfte Belohnung f\u00fcr mich als Z\u00fcchterin.<\/p>\t\t\t\t\t\t\t\t\t\t\t\t\t\t\t\t\t\t<div class=\"reservations mb-30\">\n\t\t\t\t\t\t\t<div class=\"icon\"><span class=\"flaticon-call\"><\/span><\/div>\n\t\t\t\t\t\t\t<div class=\"text\">\n\t\t\t\t\t\t\t\t<p class=\"color-2\">F\u00fcr weitere Informationen nehmen Sie gerne Kontakt mit uns auf!<\/p> <a href=\"tel:+381628437411\">+381 62 8437411<\/a>\t\t\t\t\t\t\t<\/div>\n\t\t\t\t\t\t<\/div>\n\t\t\t\t\t\t\t\t\t\t\t<\/div>\n\t\t\t\t\t<div class=\"col-md-8\">\n\t\t\t\t\t\t<div class=\"owl-carousel owl-theme\">\n\t\t\t\t\t\t\t\t\t\t\t\t\t\t\t<div class=\"pricing-card\">\n\t\t\t\t\t\t\t\t\t\t\t\t\t\t\t\t\t\t<img decoding=\"async\" src=\"https:\/\/blackandtanpearls.com\/wp-content\/uploads\/2024\/07\/5B5608E5-E418-45BF-ACE0-1D5472FA56B4.jpeg\" alt=\"\">\n\t\t\t\t\t\t\t\t\t\t\t\t\t\t\t\t\t\t<div class=\"desc\">\n\t\t\t\t\t\t\t\t\t\t\t\t\t\t\t\t\t\t\t\t<div class=\"name\">ALLE UNSERE HUNDE SIND GESUNDHEITLICH \u00dcBERPR\u00dcFT<\/div>\n\t\t\t\t\t\t\t\t\t\t\t\t\t\t\t\t\t\t\t\t\t\t\t\t\t\t\t\t\t\t\t\t\t\t\t\t\t\t\t\t<ul class=\"list-unstyled list\">\n\t\t\t\t\t\t\t\t\t\t\t<li><i class=\"ti-check\"><\/i>Bei jedem Hund werden HD (H\u00fcftdysplasie) und ED (Ellbogendysplasie) \u00fcberpr\u00fcft<\/li>\n<li><i class=\"ti-check\"><\/i>JLPP (Juvenile Kehlkopfl\u00e4hmung und Polyneuropathie) wird ebenfalls \u00fcberpr\u00fcft<\/li>\n<li><i class=\"ti-check\"><\/i>Zus\u00e4tzlich unterziehen sich alle Hunde zweimal im Jahr regelm\u00e4\u00dfigen Gesundheitschecks<\/li>\n\t\t\t\t\t\t\t\t\t\t<\/ul>\n\t\t\t\t\t\t\t\t\t\t\t\t\t\t\t\t\t\t\t<\/div>\n\t\t\t\t\t\t\t\t<\/div>\n\t\t\t\t\t\t\t\t\t\t\t\t\t\t\t<div class=\"pricing-card\">\n\t\t\t\t\t\t\t\t\t\t\t\t\t\t\t\t\t\t<img decoding=\"async\" src=\"https:\/\/blackandtanpearls.com\/wp-content\/uploads\/2024\/07\/1A375F7B-498D-4148-A384-995058C49C21.jpeg\" alt=\"\">\n\t\t\t\t\t\t\t\t\t\t\t\t\t\t\t\t\t\t<div class=\"desc\">\n\t\t\t\t\t\t\t\t\t\t\t\t\t\t\t\t\t\t\t\t<div class=\"name\">ALLE UNSERE WELPEN REISEN VOLLST\u00c4NDIG GEIMPFT<\/div>\n\t\t\t\t\t\t\t\t\t\t\t\t\t\t\t\t\t\t\t\t\t\t\t\t\t\t\t\t\t\t\t\t\t\t\t\t\t\t\t\t<ul class=\"list-unstyled list\">\n\t\t\t\t\t\t\t\t\t\t\t<li><i class=\"ti-check\"><\/i>Sie erhalten 3 Impfungen gegen Viren (sp\u00e4ter werden Auffrischungsimpfungen einmal j\u00e4hrlich empfohlen)<\/li>\n<li><i class=\"ti-check\"><\/i>1 Tollwutimpfung (eine erneute Impfung wird einmal j\u00e4hrlich empfohlen, abh\u00e4ngig von den Vorschriften jedes Landes)<\/li>\n<li><i class=\"ti-check\"><\/i>Jeder Welpe wird regelm\u00e4\u00dfig entwurmt<\/li>\n\n\t\t\t\t\t\t\t\t\t\t<\/ul>\n\t\t\t\t\t\t\t\t\t\t\t\t\t\t\t\t\t\t\t<\/div>\n\t\t\t\t\t\t\t\t<\/div>\n\t\t\t\t\t\t\t\t\t\t\t\t\t\t\t<div class=\"pricing-card\">\n\t\t\t\t\t\t\t\t\t\t\t\t\t\t\t\t\t\t<img decoding=\"async\" src=\"https:\/\/blackandtanpearls.com\/wp-content\/uploads\/2024\/07\/B08CDE20-0B5F-4D8E-8E10-886C50FD409C.jpeg\" alt=\"\">\n\t\t\t\t\t\t\t\t\t\t\t\t\t\t\t\t\t\t<div class=\"desc\">\n\t\t\t\t\t\t\t\t\t\t\t\t\t\t\t\t\t\t\t\t<div class=\"name\">FR\u00dcHE SOZIALISIERUNG UND TRAINING<\/div>\n\t\t\t\t\t\t\t\t\t\t\t\t\t\t\t\t\t\t\t\t\t\t\t\t\t\t\t\t\t\t\t\t\t\t\t\t\t\t\t\t<ul class=\"list-unstyled list\">\n\t\t\t\t\t\t\t\t\t\t\t<li><i class=\"ti-check\"><\/i>Jeder Welpe ist stubenrein<\/li>\n<li><i class=\"ti-check\"><\/i>Alle unsere Welpen leben im Haus, daher sind sie an alles gew\u00f6hnt und sehr komfortabel. Sie zerst\u00f6ren nichts in ihrer Umgebung<\/li>\n<li><i class=\"ti-check\"><\/i>Sie sind sozialisiert mit Menschen, Ger\u00e4uschen, Kindern und anderen Tieren<\/li>\n<li><i class=\"ti-check\"><\/i>Auch wenn sie im fr\u00fchen Alter noch nicht vollst\u00e4ndig geimpft sind und nicht nach drau\u00dfen gehen k\u00f6nnen, sind sie mit Halsb\u00e4ndern, Geschirren und Leinen vertraut. Wir \u00fcben mit ihnen in unserem Garten<\/li>\n\t\t\t\t\t\t\t\t\t\t<\/ul>\n\t\t\t\t\t\t\t\t\t\t\t\t\t\t\t\t\t\t\t<\/div>\n\t\t\t\t\t\t\t\t<\/div>\n\t\t\t\t\t\t\t\t\t\t\t\t\t\t\t<div class=\"pricing-card\">\n\t\t\t\t\t\t\t\t\t\t\t\t\t\t\t\t\t\t<img decoding=\"async\" src=\"https:\/\/blackandtanpearls.com\/wp-content\/uploads\/2024\/07\/IMG_0370-scaled.jpeg\" alt=\"\">\n\t\t\t\t\t\t\t\t\t\t\t\t\t\t\t\t\t\t<div class=\"desc\">\n\t\t\t\t\t\t\t\t\t\t\t\t\t\t\t\t\t\t\t\t<div class=\"name\">ERWACHSENE BEGLEITER<\/div>\n\t\t\t\t\t\t\t\t\t\t\t\t\t\t\t\t\t\t\t\t\t\t\t\t\t\t\t\t\t\t\t\t\t\t\t\t\t\t\t\t<ul class=\"list-unstyled list\">\n\t\t\t\t\t\t\t\t\t\t\t<li><i class=\"ti-check\"><\/i>Wenn Sie keine Zeit haben, sich um einen Welpen zu k\u00fcmmern, aber einen erwachsenen Begleiter m\u00f6chten<\/li>\n<li><i class=\"ti-check\"><\/i>Alle unsere Hunde haben gro\u00dfartige Charaktere, sind sehr freundlich und \u00e4u\u00dferst anpassungsf\u00e4hig<\/li>\n<li><i class=\"ti-check\"><\/i>Junge und erwachsene Zuchtr\u00fcden<\/li>\n\t\t\t\t\t\t\t\t\t\t<\/ul>\n\t\t\t\t\t\t\t\t\t\t\t\t\t\t\t\t\t\t\t<\/div>\n\t\t\t\t\t\t\t\t<\/div>\n\t\t\t\t\t\t\t\t\t\t\t\t\t\t\t<div class=\"pricing-card\">\n\t\t\t\t\t\t\t\t\t\t\t\t\t\t\t\t\t\t<img decoding=\"async\" src=\"https:\/\/blackandtanpearls.com\/wp-content\/uploads\/2024\/07\/1092624E-349B-48BE-856D-DED31ED18C4E.jpeg\" alt=\"\">\n\t\t\t\t\t\t\t\t\t\t\t\t\t\t\t\t\t\t<div class=\"desc\">\n\t\t\t\t\t\t\t\t\t\t\t\t\t\t\t\t\t\t\t\t<div class=\"name\">IMMER VERBUNDEN<\/div>\n\t\t\t\t\t\t\t\t\t\t\t\t\t\t\t\t\t\t\t\t\t\t\t\t\t\t\t\t\t\t\t\t\t\t\t\t\t\t\t\t<ul class=\"list-unstyled list\">\n\t\t\t\t\t\t\t\t\t\t\t<li><i class=\"ti-check\"><\/i>Regelm\u00e4\u00dfiges Senden von Informationen, Bildern und Videos der Welpen<\/li>\n<li><i class=\"ti-check\"><\/i>Sie werden \u00fcber das Wachstum Ihres Welpen auf dem Laufenden gehalten<\/li>\n<li><i class=\"ti-check\"><\/i>FaceTime- und Videoanrufe sind jederzeit willkommen<\/li>\n\t\t\t\t\t\t\t\t\t\t<\/ul>\n\t\t\t\t\t\t\t\t\t\t\t\t\t\t\t\t\t\t\t<\/div>\n\t\t\t\t\t\t\t\t<\/div>\n\t\t\t\t\t\t\t\t\t\t\t\t\t\t\t<div class=\"pricing-card\">\n\t\t\t\t\t\t\t\t\t\t\t\t\t\t\t\t\t\t<img decoding=\"async\" src=\"https:\/\/blackandtanpearls.com\/wp-content\/uploads\/2024\/07\/727D12AB-EDE8-4E97-8719-4F1CA98C36A5.jpeg\" alt=\"\">\n\t\t\t\t\t\t\t\t\t\t\t\t\t\t\t\t\t\t<div class=\"desc\">\n\t\t\t\t\t\t\t\t\t\t\t\t\t\t\t\t\t\t\t\t<div class=\"name\">WIR FREUEN UNS, MIT DEN FAMILIEN IN KONTAKT ZU BLEIBEN<\/div>\n\t\t\t\t\t\t\t\t\t\t\t\t\t\t\t\t\t\t\t\t\t\t\t\t\t\t\t\t\t\t\t\t\t\t\t\t\t\t\t\t<ul class=\"list-unstyled list\">\n\t\t\t\t\t\t\t\t\t\t\t<li><i class=\"ti-check\"><\/i>Wir freuen uns immer sehr, Bilder und Videos unserer Welpen in ihren neuen Zuhause zu sehen<\/li>\n<li><i class=\"ti-check\"><\/i>Wir sind jederzeit bereit, Ratschl\u00e4ge, Empfehlungen und Tipps zu geben<\/li>\n<li><i class=\"ti-check\"><\/i>Das sch\u00f6nste Gef\u00fchl ist es, die gleiche Liebe f\u00fcr die gleichen Welpen mit anderen zu teilen und lebenslange Freundschaften zu schlie\u00dfen<\/li>\n\t\t\t\t\t\t\t\t\t\t<\/ul>\n\t\t\t\t\t\t\t\t\t\t\t\t\t\t\t\t\t\t\t<\/div>\n\t\t\t\t\t\t\t\t<\/div>\n\t\t\t\t\t\t\t\t\t\t\t\t\t<\/div>\n\t\t\t\t\t<\/div>\n\t\t\t\t<\/div>\n\t\t\t<\/div>\n\t\t<\/section>\n\n\t\t\t\t\t<\/div>\n\t\t\t\t<\/div>\n\t\t\t\t\t<\/div>\n\t\t<\/div>\n\t\t\t\t\t<\/div>\n\t\t<\/section>\n\t\t\t\t<section class=\"elementor-section elementor-top-section elementor-element elementor-element-b50dfb9 elementor-section-boxed elementor-section-height-default elementor-section-height-default\" data-id=\"b50dfb9\" data-element_type=\"section\">\n\t\t\t\t\t\t<div class=\"elementor-container elementor-column-gap-default\">\n\t\t\t\t\t<div class=\"elementor-column elementor-col-100 elementor-top-column elementor-element elementor-element-efbf558\" data-id=\"efbf558\" data-element_type=\"column\">\n\t\t\t<div class=\"elementor-widget-wrap\">\n\t\t\t\t\t\t\t<\/div>\n\t\t<\/div>\n\t\t\t\t\t<\/div>\n\t\t<\/section>\n\t\t\t\t<section class=\"elementor-section elementor-top-section elementor-element elementor-element-3e4309e elementor-section-boxed elementor-section-height-default elementor-section-height-default\" data-id=\"3e4309e\" data-element_type=\"section\">\n\t\t\t\t\t\t<div class=\"elementor-container elementor-column-gap-default\">\n\t\t\t\t\t<div class=\"elementor-column elementor-col-100 elementor-top-column elementor-element elementor-element-fb35f7c\" data-id=\"fb35f7c\" data-element_type=\"column\">\n\t\t\t<div class=\"elementor-widget-wrap\">\n\t\t\t\t\t\t\t<\/div>\n\t\t<\/div>\n\t\t\t\t\t<\/div>\n\t\t<\/section>\n\t\t\t\t<section class=\"elementor-section elementor-top-section elementor-element elementor-element-2a02a0c5 elementor-section-content-middle elementor-section-boxed elementor-section-height-default elementor-section-height-default\" data-id=\"2a02a0c5\" data-element_type=\"section\">\n\t\t\t\t\t\t<div class=\"elementor-container elementor-column-gap-no\">\n\t\t\t\t\t<div class=\"elementor-column elementor-col-33 elementor-top-column elementor-element elementor-element-486333d5\" data-id=\"486333d5\" data-element_type=\"column\">\n\t\t\t<div class=\"elementor-widget-wrap elementor-element-populated\">\n\t\t\t\t\t\t<div class=\"elementor-element elementor-element-1d489b25 elementor-widget elementor-widget-text-editor\" data-id=\"1d489b25\" data-element_type=\"widget\" data-widget_type=\"text-editor.default\">\n\t\t\t\t<div class=\"elementor-widget-container\">\n\t\t\t\t\t\t\t\t\t<h5>&#8211;BLACK AND TAN PEARLS<\/h5>\t\t\t\t\t\t\t\t<\/div>\n\t\t\t\t<\/div>\n\t\t\t\t<div class=\"elementor-element elementor-element-773a2461 elementor-widget elementor-widget-heading\" data-id=\"773a2461\" data-element_type=\"widget\" data-widget_type=\"heading.default\">\n\t\t\t\t<div class=\"elementor-widget-container\">\n\t\t\t\t\t<h3 class=\"elementor-heading-title elementor-size-default\">LIEBE IST DIE ANTWORT!<\/h3>\t\t\t\t<\/div>\n\t\t\t\t<\/div>\n\t\t\t\t<div class=\"elementor-element elementor-element-f5a547f elementor-widget elementor-widget-image\" data-id=\"f5a547f\" data-element_type=\"widget\" data-widget_type=\"image.default\">\n\t\t\t\t<div class=\"elementor-widget-container\">\n\t\t\t\t\t\t\t\t\t\t\t\t\t\t\t<img fetchpriority=\"high\" decoding=\"async\" width=\"683\" height=\"1024\" src=\"https:\/\/blackandtanpearls.com\/wp-content\/uploads\/2024\/01\/IMG_2428-683x1024.jpeg\" class=\"elementor-animation-grow attachment-large size-large wp-image-5092\" alt=\"\" srcset=\"https:\/\/blackandtanpearls.com\/wp-content\/uploads\/2024\/01\/IMG_2428-683x1024.jpeg 683w, https:\/\/blackandtanpearls.com\/wp-content\/uploads\/2024\/01\/IMG_2428-scaled-300x450.jpeg 300w, https:\/\/blackandtanpearls.com\/wp-content\/uploads\/2024\/01\/IMG_2428-scaled-600x900.jpeg 600w, https:\/\/blackandtanpearls.com\/wp-content\/uploads\/2024\/01\/IMG_2428-200x300.jpeg 200w, https:\/\/blackandtanpearls.com\/wp-content\/uploads\/2024\/01\/IMG_2428-768x1152.jpeg 768w, https:\/\/blackandtanpearls.com\/wp-content\/uploads\/2024\/01\/IMG_2428-1024x1536.jpeg 1024w, https:\/\/blackandtanpearls.com\/wp-content\/uploads\/2024\/01\/IMG_2428-1365x2048.jpeg 1365w, https:\/\/blackandtanpearls.com\/wp-content\/uploads\/2024\/01\/IMG_2428-scaled.jpeg 1707w\" sizes=\"(max-width: 683px) 100vw, 683px\" \/>\t\t\t\t\t\t\t\t\t\t\t\t\t\t\t<\/div>\n\t\t\t\t<\/div>\n\t\t\t\t\t<\/div>\n\t\t<\/div>\n\t\t\t\t<div class=\"elementor-column elementor-col-33 elementor-top-column elementor-element elementor-element-28b3998\" data-id=\"28b3998\" data-element_type=\"column\">\n\t\t\t<div class=\"elementor-widget-wrap elementor-element-populated\">\n\t\t\t\t\t\t<div class=\"elementor-element elementor-element-22a408e0 elementor-widget elementor-widget-image\" data-id=\"22a408e0\" data-element_type=\"widget\" data-widget_type=\"image.default\">\n\t\t\t\t<div class=\"elementor-widget-container\">\n\t\t\t\t\t\t\t\t\t\t\t\t\t\t\t<img decoding=\"async\" width=\"683\" height=\"1024\" src=\"https:\/\/blackandtanpearls.com\/wp-content\/uploads\/2024\/01\/IMG_2427-1-683x1024.jpeg\" class=\"elementor-animation-grow attachment-large size-large wp-image-5106\" alt=\"\" srcset=\"https:\/\/blackandtanpearls.com\/wp-content\/uploads\/2024\/01\/IMG_2427-1-683x1024.jpeg 683w, https:\/\/blackandtanpearls.com\/wp-content\/uploads\/2024\/01\/IMG_2427-1-scaled-300x450.jpeg 300w, https:\/\/blackandtanpearls.com\/wp-content\/uploads\/2024\/01\/IMG_2427-1-scaled-600x900.jpeg 600w, https:\/\/blackandtanpearls.com\/wp-content\/uploads\/2024\/01\/IMG_2427-1-200x300.jpeg 200w, https:\/\/blackandtanpearls.com\/wp-content\/uploads\/2024\/01\/IMG_2427-1-768x1152.jpeg 768w, https:\/\/blackandtanpearls.com\/wp-content\/uploads\/2024\/01\/IMG_2427-1-1024x1536.jpeg 1024w, https:\/\/blackandtanpearls.com\/wp-content\/uploads\/2024\/01\/IMG_2427-1-1365x2048.jpeg 1365w, https:\/\/blackandtanpearls.com\/wp-content\/uploads\/2024\/01\/IMG_2427-1-scaled.jpeg 1707w\" sizes=\"(max-width: 683px) 100vw, 683px\" \/>\t\t\t\t\t\t\t\t\t\t\t\t\t\t\t<\/div>\n\t\t\t\t<\/div>\n\t\t\t\t<div class=\"elementor-element elementor-element-14cb7106 elementor-widget elementor-widget-text-editor\" data-id=\"14cb7106\" data-element_type=\"widget\" data-widget_type=\"text-editor.default\">\n\t\t\t\t<div class=\"elementor-widget-container\">\n\t\t\t\t\t\t\t\t\t<h3>Auf meinem Blog werde ich meine umfangreichen Erfahrungen und mein Fachwissen in der Rottweiler-Welt teilen und meine pers\u00f6nliche Reise, Erkenntnisse und gewonnenen Erkenntnisse detailliert beschreiben.<br \/>Bleiben Sie in Verbindung und informiert, indem Sie unseren Newsletter abonnieren, um die neuesten Updates zu erhalten!<\/h3>\t\t\t\t\t\t\t\t<\/div>\n\t\t\t\t<\/div>\n\t\t\t\t\t<\/div>\n\t\t<\/div>\n\t\t\t\t<div class=\"elementor-column elementor-col-33 elementor-top-column elementor-element elementor-element-3a0963ca\" data-id=\"3a0963ca\" data-element_type=\"column\">\n\t\t\t<div class=\"elementor-widget-wrap elementor-element-populated\">\n\t\t\t\t\t\t<div class=\"elementor-element elementor-element-1047cfd8 elementor-widget elementor-widget-image\" data-id=\"1047cfd8\" data-element_type=\"widget\" data-widget_type=\"image.default\">\n\t\t\t\t<div class=\"elementor-widget-container\">\n\t\t\t\t\t\t\t\t\t\t\t\t\t\t\t<img decoding=\"async\" width=\"1707\" height=\"2560\" src=\"https:\/\/blackandtanpearls.com\/wp-content\/uploads\/2024\/01\/IMG_2341-scaled.jpeg\" class=\"elementor-animation-grow attachment-full size-full wp-image-5121\" alt=\"\" srcset=\"https:\/\/blackandtanpearls.com\/wp-content\/uploads\/2024\/01\/IMG_2341-scaled.jpeg 1707w, https:\/\/blackandtanpearls.com\/wp-content\/uploads\/2024\/01\/IMG_2341-scaled-300x450.jpeg 300w, https:\/\/blackandtanpearls.com\/wp-content\/uploads\/2024\/01\/IMG_2341-scaled-600x900.jpeg 600w, https:\/\/blackandtanpearls.com\/wp-content\/uploads\/2024\/01\/IMG_2341-200x300.jpeg 200w, https:\/\/blackandtanpearls.com\/wp-content\/uploads\/2024\/01\/IMG_2341-683x1024.jpeg 683w, https:\/\/blackandtanpearls.com\/wp-content\/uploads\/2024\/01\/IMG_2341-768x1152.jpeg 768w, https:\/\/blackandtanpearls.com\/wp-content\/uploads\/2024\/01\/IMG_2341-1024x1536.jpeg 1024w, https:\/\/blackandtanpearls.com\/wp-content\/uploads\/2024\/01\/IMG_2341-1365x2048.jpeg 1365w\" sizes=\"(max-width: 1707px) 100vw, 1707px\" \/>\t\t\t\t\t\t\t\t\t\t\t\t\t\t\t<\/div>\n\t\t\t\t<\/div>\n\t\t\t\t\t<\/div>\n\t\t<\/div>\n\t\t\t\t\t<\/div>\n\t\t<\/section>\n\t\t\t\t<\/div>\n\t\t","protected":false},"excerpt":{"rendered":"<p>\u00dcber uns The Cappa Professioneller Rottweiler-Zwinger Black and Tan Pearls Willkommen bei Black And Tan Pearls, einem professionellen Rottweiler-Zwinger mit Sitz in Serbien. Unser Zwinger wurde 2016 von Jovana Gavrilovic gegr\u00fcndet und konzentriert sich auf die Zucht hochwertiger Rottweiler und das Angebot von Tiefk\u00fchlsperma f\u00fcr den weltweiten Versand. Wir sind sehr stolz auf unser Zuchtprogramm, [&hellip;]<\/p>\n","protected":false},"author":21,"featured_media":0,"parent":0,"menu_order":0,"comment_status":"closed","ping_status":"closed","template":"page-templates\/home.php","meta":{"footnotes":""},"class_list":["post-3222","page","type-page","status-publish","hentry"],"acf":[],"_links":{"self":[{"href":"https:\/\/blackandtanpearls.com\/de\/wp-json\/wp\/v2\/pages\/3222","targetHints":{"allow":["GET"]}}],"collection":[{"href":"https:\/\/blackandtanpearls.com\/de\/wp-json\/wp\/v2\/pages"}],"about":[{"href":"https:\/\/blackandtanpearls.com\/de\/wp-json\/wp\/v2\/types\/page"}],"author":[{"embeddable":true,"href":"https:\/\/blackandtanpearls.com\/de\/wp-json\/wp\/v2\/users\/21"}],"replies":[{"embeddable":true,"href":"https:\/\/blackandtanpearls.com\/de\/wp-json\/wp\/v2\/comments?post=3222"}],"version-history":[{"count":118,"href":"https:\/\/blackandtanpearls.com\/de\/wp-json\/wp\/v2\/pages\/3222\/revisions"}],"predecessor-version":[{"id":11766,"href":"https:\/\/blackandtanpearls.com\/de\/wp-json\/wp\/v2\/pages\/3222\/revisions\/11766"}],"wp:attachment":[{"href":"https:\/\/blackandtanpearls.com\/de\/wp-json\/wp\/v2\/media?parent=3222"}],"curies":[{"name":"wp","href":"https:\/\/api.w.org\/{rel}","templated":true}]}}