{"id":4055,"date":"2022-04-29T02:57:41","date_gmt":"2022-04-29T02:57:41","guid":{"rendered":"https:\/\/blackandtanpearls.w3lab.dev\/contact-us\/"},"modified":"2024-09-18T11:23:10","modified_gmt":"2024-09-18T11:23:10","slug":"kontaktiere-uns","status":"publish","type":"page","link":"https:\/\/blackandtanpearls.com\/de\/kontaktiere-uns\/","title":{"rendered":"Kontaktiere uns"},"content":{"rendered":"\t\t<div data-elementor-type=\"wp-page\" data-elementor-id=\"4055\" class=\"elementor elementor-4055 elementor-82\">\n\t\t\t\t\t\t<section class=\"elementor-section elementor-top-section elementor-element elementor-element-550c306 elementor-section-full_width elementor-section-height-default elementor-section-height-default\" data-id=\"550c306\" data-element_type=\"section\">\n\t\t\t\t\t\t<div class=\"elementor-container elementor-column-gap-no\">\n\t\t\t\t\t<div class=\"elementor-column elementor-col-100 elementor-top-column elementor-element elementor-element-77d1bef\" data-id=\"77d1bef\" data-element_type=\"column\">\n\t\t\t<div class=\"elementor-widget-wrap elementor-element-populated\">\n\t\t\t\t\t\t<div class=\"elementor-element elementor-element-bee56e8 elementor-align-left elementor-widget elementor-widget-pages-banner\" data-id=\"bee56e8\" data-element_type=\"widget\" data-widget_type=\"pages-banner.default\">\n\t\t\t\t<div class=\"elementor-widget-container\">\n\t\t\t\t\t\r\n\t\t\t\t<div class=\"banner-header section-padding valign bg-img bg-fixed\" data-overlay-dark=\"4\" data-background=\"https:\/\/blackandtanpearls.com\/wp-content\/uploads\/2024\/01\/IMG_6030-1.jpeg\">\r\n\t\t\t\t\t<div class=\"container\">\r\n\t\t\t\t<div class=\"row\">\r\n\t\t\t\t\t<div class=\"col-md-12 caption mt-90\">\r\n\t\t\t\t\t\t\t\t\t\t\t\t\t\t\t\t\t\t<h1>Kontaktiere uns<\/h1>\r\n\t\t\t\t\t\t\t\t\t\t\t<\/div>\r\n\t\t\t\t<\/div>\r\n\t\t\t<\/div>\r\n\t\t<\/div>\r\n\r\n\t\t\t\t\t<\/div>\n\t\t\t\t<\/div>\n\t\t\t\t<div class=\"elementor-element elementor-element-712735d elementor-align-left elementor-invisible elementor-widget elementor-widget-pages-contact\" data-id=\"712735d\" data-element_type=\"widget\" data-settings=\"{&quot;_animation&quot;:&quot;slideInUp&quot;}\" data-widget_type=\"pages-contact.default\">\n\t\t\t\t<div class=\"elementor-widget-container\">\n\t\t\t\t\t\r\n\t\t<section class=\"contact section-padding\">\r\n\t\t\t<div class=\"container\">\r\n\t\t\t\t<div class=\"row mb-90\">\r\n\t\t\t\t\t<div class=\"col-md-6 mb-60\">\r\n\t\t\t\t\t\t\t\t\t\t\t\t<h3>In Verbindung bleiben<\/h3>\r\n\t\t\t\t\t\t\t\t\t\t\t\t\t\t\t\t\t\t<p>F\u00fcr weitere Informationen z\u00f6gern Sie bitte nicht, uns zu kontaktieren. Wir stehen Ihnen gerne zur Verf\u00fcgung, um Ihre Fragen zu beantworten und Ihnen eine detaillierte Erkl\u00e4rung unseres Prozesses zu geben!<\/p>\r\n\t\t\t\t\t\t\t\t\t\t\t\t\t\t\t\t\t\t<div class=\"reservations mb-30\">\r\n\t\t\t\t\t\t\t\t\t\t\t\t\t\t<div class=\"icon\"><span class=\"flaticon-call\"><\/span><\/div>\r\n\t\t\t\t\t\t\t\t\t\t\t\t\t\t\t\t\t\t\t\t\t<div class=\"text\">\r\n\t\t\t\t\t\t\t\t<p> F\u00fcr weitere Informationen k\u00f6nnen Sie uns gerne kontaktieren! <\/p> <a href=\"tel:+381628437411\">+381 62 8437411<\/a>\t\t\t\t\t\t\t<\/div>\r\n\t\t\t\t\t\t\t\t\t\t\t\t\t<\/div>\r\n\t\t\t\t\t\t\t\t\t\t\t\t<div class=\"reservations mb-30\">\r\n\t\t\t\t\t\t\t\t\t\t\t\t\t\t<div class=\"icon\"><span class=\"flaticon-envelope\"><\/span><\/div>\r\n\t\t\t\t\t\t\t\t\t\t\t\t\t\t\t\t\t\t\t\t\t<div class=\"text\">\r\n\t\t\t\t\t\t\t\t<p> E-Mail-Informationen <\/p> <a href=\"mailto:info@blackandtanpearls.com\">info@blackandtanpearls.com<\/a>\t\t\t\t\t\t\t<\/div>\r\n\t\t\t\t\t\t\t\t\t\t\t\t\t<\/div>\r\n\t\t\t\t\t\t\t\t\t\t\t\t<div class=\"reservations mb-30\">\r\n\t\t\t\t\t\t\t\t\t\t\t\t\t\t<div class=\"icon\"><span class=\"flaticon-whatsapp\"><\/span><\/div>\r\n\t\t\t\t\t\t\t\t\t\t\t\t\t\t\t\t\t\t\t\t\t<div class=\"text\">\r\n\t\t\t\t\t\t\t\t<p>WhatsApp<\/p> <a href=\"https:\/\/wa.me\/+381628437411\" target=\"_blank\" rel=\"noopener\">+381 62 8437411<\/a>\t\t\t\t\t\t\t<\/div>\r\n\t\t\t\t\t\t\t\t\t\t\t\t\t<\/div>\r\n\t\t\t\t\t\t\t\t\t\t\t<\/div>\r\n\t\t\t\t\t<div class=\"col-md-5 mb-30 offset-md-1\">\r\n\t\t\t\t\t\t\t\t\t\t\t\t\t\t\t\t\t\t\n<div class=\"wpcf7 no-js\" id=\"wpcf7-f12985-o1\" lang=\"de-DE\" dir=\"ltr\" data-wpcf7-id=\"12985\">\n<div class=\"screen-reader-response\"><p role=\"status\" aria-live=\"polite\" aria-atomic=\"true\"><\/p> <ul><\/ul><\/div>\n<form action=\"\/de\/wp-json\/wp\/v2\/pages\/4055#wpcf7-f12985-o1\" method=\"post\" class=\"wpcf7-form init\" aria-label=\"Kontaktformular\" novalidate=\"novalidate\" data-status=\"init\">\n<fieldset class=\"hidden-fields-container\"><input type=\"hidden\" name=\"_wpcf7\" value=\"12985\" \/><input type=\"hidden\" name=\"_wpcf7_version\" value=\"6.1.4\" \/><input type=\"hidden\" name=\"_wpcf7_locale\" value=\"de_DE\" \/><input type=\"hidden\" name=\"_wpcf7_unit_tag\" value=\"wpcf7-f12985-o1\" \/><input type=\"hidden\" name=\"_wpcf7_container_post\" value=\"0\" \/><input type=\"hidden\" name=\"_wpcf7_posted_data_hash\" value=\"\" \/><input type=\"hidden\" name=\"_wpcf7_recaptcha_response\" value=\"\" \/>\n<\/fieldset>\n<div class=\"row\">\n<\/div>\n <!-- form elements -->\n<div class=\"row\">\n\t<div class=\"col-md-6 form-group\">\n\t\t<p><span class=\"wpcf7-form-control-wrap\" data-name=\"your-name\"><input size=\"40\" maxlength=\"400\" class=\"wpcf7-form-control wpcf7-text\" aria-invalid=\"false\" placeholder=\"Your Name *\" value=\"\" type=\"text\" name=\"your-name\" \/><\/span>\n\t\t<\/p>\n\t<\/div>\n\t<div class=\"col-md-6 form-group\">\n\t\t<p><span class=\"wpcf7-form-control-wrap\" data-name=\"your-email\"><input size=\"40\" maxlength=\"400\" class=\"wpcf7-form-control wpcf7-email wpcf7-validates-as-required wpcf7-text wpcf7-validates-as-email\" aria-required=\"true\" aria-invalid=\"false\" placeholder=\"Your Email *\" value=\"\" type=\"email\" name=\"your-email\" \/><\/span>\n\t\t<\/p>\n\t<\/div>\n\t<div class=\"col-md-6 form-group\">\n\t\t<p><span class=\"wpcf7-form-control-wrap\" data-name=\"your-phone\"><input size=\"40\" maxlength=\"400\" class=\"wpcf7-form-control wpcf7-text\" aria-invalid=\"false\" placeholder=\"Your Number *\" value=\"\" type=\"text\" name=\"your-phone\" \/><\/span>\n\t\t<\/p>\n\t<\/div>\n\t<div class=\"col-md-6 form-group\">\n\t\t<p><span class=\"wpcf7-form-control-wrap\" data-name=\"your-subject\"><input size=\"40\" maxlength=\"400\" class=\"wpcf7-form-control wpcf7-text\" aria-invalid=\"false\" placeholder=\"Subject *\" value=\"\" type=\"text\" name=\"your-subject\" \/><\/span>\n\t\t<\/p>\n\t<\/div>\n\t<div class=\"col-md-12 form-group\">\n\t\t<p><span class=\"wpcf7-form-control-wrap\" data-name=\"your-message\"><textarea cols=\"40\" rows=\"10\" maxlength=\"2000\" class=\"wpcf7-form-control wpcf7-textarea\" id=\"message\" aria-invalid=\"false\" name=\"your-message\">Message *<\/textarea><\/span>\n\t\t<\/p>\n\t<\/div>\n\t<div class=\"col-md-12\">\n\t\t<p><input class=\"wpcf7-form-control wpcf7-submit has-spinner butn-dark\" type=\"submit\" value=\"Send Message\" \/>\n\t\t<\/p>\n\t<\/div>\n<\/div><p style=\"display: none !important;\" class=\"akismet-fields-container\" data-prefix=\"_wpcf7_ak_\"><label>&#916;<textarea name=\"_wpcf7_ak_hp_textarea\" cols=\"45\" rows=\"8\" maxlength=\"100\"><\/textarea><\/label><input type=\"hidden\" id=\"ak_js_1\" name=\"_wpcf7_ak_js\" value=\"111\"\/><script>document.getElementById( \"ak_js_1\" ).setAttribute( \"value\", ( new Date() ).getTime() );<\/script><\/p><div class=\"wpcf7-response-output\" aria-hidden=\"true\"><\/div>\n<\/form>\n<\/div>\n\t\t\t\t\t\t\t\t\t\t\t<\/div>\r\n\t\t\t\t<\/div>\r\n\t\t\t\t<!-- Map Section -->\r\n\t\t\t\t\t\t\t<\/div>\r\n\t\t<\/section>\r\n\t\t\r\n\r\n\t\t\t\t\t<\/div>\n\t\t\t\t<\/div>\n\t\t\t\t\t<\/div>\n\t\t<\/div>\n\t\t\t\t\t<\/div>\n\t\t<\/section>\n\t\t\t\t<section class=\"elementor-section elementor-top-section elementor-element elementor-element-fb25961 elementor-section-full_width elementor-section-height-default elementor-section-height-default\" data-id=\"fb25961\" data-element_type=\"section\">\n\t\t\t\t\t\t<div class=\"elementor-container elementor-column-gap-no\">\n\t\t\t\t\t<div class=\"elementor-column elementor-col-100 elementor-top-column elementor-element elementor-element-9394148 contact-section\" data-id=\"9394148\" data-element_type=\"column\">\n\t\t\t<div class=\"elementor-widget-wrap\">\n\t\t\t\t\t\t\t<\/div>\n\t\t<\/div>\n\t\t\t\t\t<\/div>\n\t\t<\/section>\n\t\t\t\t<section class=\"elementor-section elementor-top-section elementor-element elementor-element-4de7167 elementor-section-boxed elementor-section-height-default elementor-section-height-default\" data-id=\"4de7167\" data-element_type=\"section\">\n\t\t\t\t\t\t<div class=\"elementor-container elementor-column-gap-default\">\n\t\t\t\t\t<div class=\"elementor-column elementor-col-100 elementor-top-column elementor-element elementor-element-3230a52\" data-id=\"3230a52\" data-element_type=\"column\">\n\t\t\t<div class=\"elementor-widget-wrap elementor-element-populated\">\n\t\t\t\t\t\t<div class=\"elementor-element elementor-element-f1df84d elementor-shape-circle elementor-absolute elementor-grid-0 e-grid-align-center elementor-widget elementor-widget-social-icons\" data-id=\"f1df84d\" data-element_type=\"widget\" data-settings=\"{&quot;_position&quot;:&quot;absolute&quot;}\" data-widget_type=\"social-icons.default\">\n\t\t\t\t<div class=\"elementor-widget-container\">\n\t\t\t\t\t\t\t<div class=\"elementor-social-icons-wrapper elementor-grid\">\n\t\t\t\t\t\t\t<span class=\"elementor-grid-item\">\n\t\t\t\t\t<a class=\"elementor-icon elementor-social-icon elementor-social-icon-Owner of Black And Tan Pearls Rottweiler kennel elementor-repeater-item-e880116\" href=\"https:\/\/www.facebook.com\/missGavrilovic\" target=\"_blank\" rel=\"noopener\">\n\t\t\t\t\t\t<span class=\"elementor-screen-only\">Owner Of Black And Tan Pearls Rottweiler Kennel<\/span>\n\t\t\t\t\t\t<svg xmlns=\"http:\/\/www.w3.org\/2000\/svg\" xmlns:xlink=\"http:\/\/www.w3.org\/1999\/xlink\" id=\"Capa_1\" x=\"0px\" y=\"0px\" viewBox=\"0 0 512 512\" style=\"enable-background:new 0 0 512 512;\" xml:space=\"preserve\"><path style=\"fill:#1976D2;\" d=\"M448,0H64C28.704,0,0,28.704,0,64v384c0,35.296,28.704,64,64,64h384c35.296,0,64-28.704,64-64V64 C512,28.704,483.296,0,448,0z\"><\/path><path style=\"fill:#FAFAFA;\" d=\"M432,256h-80v-64c0-17.664,14.336-16,32-16h32V96h-64l0,0c-53.024,0-96,42.976-96,96v64h-64v80h64 v176h96V336h48L432,256z\"><\/path><g><\/g><g><\/g><g><\/g><g><\/g><g><\/g><g><\/g><g><\/g><g><\/g><g><\/g><g><\/g><g><\/g><g><\/g><g><\/g><g><\/g><g><\/g><\/svg>\t\t\t\t\t<\/a>\n\t\t\t\t<\/span>\n\t\t\t\t\t\t\t<span class=\"elementor-grid-item\">\n\t\t\t\t\t<a class=\"elementor-icon elementor-social-icon elementor-social-icon- elementor-repeater-item-34ea210\" href=\"https:\/\/www.youtube.com\/@blackandtanpearls\" target=\"_blank\" rel=\"noopener\">\n\t\t\t\t\t\t<span class=\"elementor-screen-only\"><\/span>\n\t\t\t\t\t\t<svg xmlns=\"http:\/\/www.w3.org\/2000\/svg\" viewBox=\"0 0 100 100\"><g id=\"Layer_1\"><\/g><g id=\"Layer_2\"><g><path d=\"m94.761 27.369c-1.075-4.045-4.24-7.231-8.26-8.312-7.285-1.965-36.501-1.965-36.501-1.965s-29.216 0-36.501 1.965c-4.02 1.081-7.186 4.267-8.26 8.312-1.953 7.333-1.953 22.631-1.953 22.631s0 15.298 1.952 22.631c1.074 4.045 4.24 7.231 8.26 8.312 7.286 1.965 36.502 1.965 36.502 1.965s29.216 0 36.502-1.965c4.02-1.082 7.185-4.267 8.26-8.312 1.952-7.333 1.952-22.631 1.952-22.631s0-15.298-1.953-22.631z\" fill=\"#f00\"><\/path><g><path d=\"m40.284 35.877v28.246l24.83-14.122z\" fill=\"#f1f1f1\"><\/path><\/g><\/g><\/g><\/svg>\t\t\t\t\t<\/a>\n\t\t\t\t<\/span>\n\t\t\t\t\t\t\t<span class=\"elementor-grid-item\">\n\t\t\t\t\t<a class=\"elementor-icon elementor-social-icon elementor-social-icon- elementor-repeater-item-b46d2a5\" href=\"https:\/\/www.instagram.com\/blackandtanpearls\/\" target=\"_blank\" rel=\"noopener\">\n\t\t\t\t\t\t<span class=\"elementor-screen-only\"><\/span>\n\t\t\t\t\t\t<svg xmlns=\"http:\/\/www.w3.org\/2000\/svg\" xmlns:xlink=\"http:\/\/www.w3.org\/1999\/xlink\" height=\"512\" viewBox=\"0 0 24 24\" width=\"512\"><linearGradient id=\"SVGID_1_\" gradientTransform=\"matrix(0 -1.982 -1.844 0 -132.522 -51.077)\" gradientUnits=\"userSpaceOnUse\" x1=\"-37.106\" x2=\"-26.555\" y1=\"-72.705\" y2=\"-84.047\"><stop offset=\"0\" stop-color=\"#fd5\"><\/stop><stop offset=\".5\" stop-color=\"#ff543e\"><\/stop><stop offset=\"1\" stop-color=\"#c837ab\"><\/stop><\/linearGradient><path d=\"m1.5 1.633c-1.886 1.959-1.5 4.04-1.5 10.362 0 5.25-.916 10.513 3.878 11.752 1.497.385 14.761.385 16.256-.002 1.996-.515 3.62-2.134 3.842-4.957.031-.394.031-13.185-.001-13.587-.236-3.007-2.087-4.74-4.526-5.091-.559-.081-.671-.105-3.539-.11-10.173.005-12.403-.448-14.41 1.633z\" fill=\"url(#SVGID_1_)\"><\/path><path d=\"m11.998 3.139c-3.631 0-7.079-.323-8.396 3.057-.544 1.396-.465 3.209-.465 5.805 0 2.278-.073 4.419.465 5.804 1.314 3.382 4.79 3.058 8.394 3.058 3.477 0 7.062.362 8.395-3.058.545-1.41.465-3.196.465-5.804 0-3.462.191-5.697-1.488-7.375-1.7-1.7-3.999-1.487-7.374-1.487zm-.794 1.597c7.574-.012 8.538-.854 8.006 10.843-.189 4.137-3.339 3.683-7.211 3.683-7.06 0-7.263-.202-7.263-7.265 0-7.145.56-7.257 6.468-7.263zm5.524 1.471c-.587 0-1.063.476-1.063 1.063s.476 1.063 1.063 1.063 1.063-.476 1.063-1.063-.476-1.063-1.063-1.063zm-4.73 1.243c-2.513 0-4.55 2.038-4.55 4.551s2.037 4.55 4.55 4.55 4.549-2.037 4.549-4.55-2.036-4.551-4.549-4.551zm0 1.597c3.905 0 3.91 5.908 0 5.908-3.904 0-3.91-5.908 0-5.908z\" fill=\"#fff\"><\/path><\/svg>\t\t\t\t\t<\/a>\n\t\t\t\t<\/span>\n\t\t\t\t\t\t\t<span class=\"elementor-grid-item\">\n\t\t\t\t\t<a class=\"elementor-icon elementor-social-icon elementor-social-icon- elementor-repeater-item-521a7df\" href=\"https:\/\/www.tiktok.com\/@blackandtanpearls\" target=\"_blank\" rel=\"noopener\">\n\t\t\t\t\t\t<span class=\"elementor-screen-only\"><\/span>\n\t\t\t\t\t\t<svg xmlns=\"http:\/\/www.w3.org\/2000\/svg\" id=\"Capa_1\" height=\"512\" viewBox=\"0 0 512 512\" width=\"512\"><g><g fill=\"#f00044\"><path d=\"m182.1 265.4c-40.6 0-73.4 32.8-72.8 73 .4 25.8 14.6 48.2 35.5 60.7-7.1-10.9-11.3-23.8-11.5-37.7-.6-40.2 32.2-73 72.8-73 8 0 15.7 1.3 22.9 3.6v-80.5c-7.5-1.1-15.2-1.7-22.9-1.7-.4 0-.7 0-1.1 0v59.2c-7.2-2.3-14.9-3.6-22.9-3.6z\"><\/path><path d=\"m357.6 24h-.6-20.8c6 30.1 22.9 56.3 46.5 74.1-15.5-20.5-24.9-46.1-25.1-74.1z\"><\/path><path d=\"m480 146.5c-7.9 0-15.5-.8-23-2.2v57.7c-27.2 0-53.6-5.3-78.4-15.9-16-6.8-30.9-15.5-44.6-26l.4 177.9c-.2 40-16 77.5-44.6 105.8-23.3 23-52.8 37.7-84.8 42.4-7.5 1.1-15.2 1.7-22.9 1.7-34.2 0-66.8-11.1-93.3-31.6 3 3.6 6.2 7.1 9.7 10.5 28.8 28.4 67 44.1 107.7 44.1 7.7 0 15.4-.6 22.9-1.7 32-4.7 61.5-19.4 84.8-42.4 28.6-28.3 44.4-65.8 44.6-105.8l-1.5-177.9c13.6 10.5 28.5 19.3 44.6 26 24.9 10.5 51.3 15.9 78.4 15.9\"><\/path><\/g><path d=\"m98.2 254.1c28.5-28.3 66.4-44 106.8-44.3v-21.3c-7.5-1.1-15.2-1.7-22.9-1.7-40.8 0-79.1 15.7-107.9 44.3-28.3 28.1-44.5 66.5-44.4 106.4 0 40.2 15.9 77.9 44.6 106.4 4.6 4.5 9.3 8.7 14.3 12.5-22.6-26.9-34.9-60.5-35-95.9.1-39.9 16.2-78.3 44.5-106.4z\" fill=\"#08fff9\"><\/path><path d=\"m457 144.3v-21.4h-.2c-27.8 0-53.4-9.2-74-24.8 17.9 23.6 44.1 40.4 74.2 46.2z\" fill=\"#08fff9\"><\/path><path d=\"m202 432.2c9.5.5 18.6-.8 27-3.5 29-9.5 49.9-36.5 49.9-68.3l.1-119v-217.4h57.2c-1.5-7.5-2.3-15.1-2.4-23h-78.8v217.3l-.1 119c0 31.8-20.9 58.8-49.9 68.3-8.4 2.8-17.5 4.1-27 3.5-12.1-.7-23.4-4.3-33.2-10.1 12.3 19 33.3 31.9 57.2 33.2z\" fill=\"#08fff9\"><\/path><path d=\"m205 486.2c32-4.7 61.5-19.4 84.8-42.4 28.6-28.3 44.4-65.8 44.6-105.8l-.4-177.9c13.6 10.5 28.5 19.3 44.6 26 24.9 10.5 51.3 15.9 78.4 15.9v-57.7c-30.1-5.8-56.3-22.6-74.2-46.2-23.6-17.8-40.6-44-46.5-74.1h-57.3v217.3l-.1 119c0 31.8-20.9 58.8-49.9 68.3-8.4 2.8-17.5 4.1-27 3.5-24-1.3-44.9-14.2-57.2-33.1-20.9-12.4-35.1-34.9-35.5-60.7-.6-40.2 32.2-73 72.8-73 8 0 15.7 1.3 22.9 3.6v-59.2c-40.4.3-78.3 16-106.8 44.3-28.3 28.1-44.5 66.5-44.4 106.3 0 35.4 12.3 69 35 95.9 26.6 20.5 59.1 31.6 93.3 31.6 7.7.1 15.4-.5 22.9-1.6z\"><\/path><\/g><\/svg>\t\t\t\t\t<\/a>\n\t\t\t\t<\/span>\n\t\t\t\t\t<\/div>\n\t\t\t\t\t\t<\/div>\n\t\t\t\t<\/div>\n\t\t\t\t\t<\/div>\n\t\t<\/div>\n\t\t\t\t\t<\/div>\n\t\t<\/section>\n\t\t\t\t<section class=\"elementor-section elementor-top-section elementor-element elementor-element-0740841 elementor-section-boxed elementor-section-height-default elementor-section-height-default\" data-id=\"0740841\" data-element_type=\"section\">\n\t\t\t\t\t\t<div class=\"elementor-container elementor-column-gap-default\">\n\t\t\t\t\t<div class=\"elementor-column elementor-col-100 elementor-top-column elementor-element elementor-element-e8584e3\" data-id=\"e8584e3\" data-element_type=\"column\">\n\t\t\t<div class=\"elementor-widget-wrap elementor-element-populated\">\n\t\t\t\t\t\t<div class=\"elementor-element elementor-element-e80af70 elementor-widget elementor-widget-spacer\" data-id=\"e80af70\" data-element_type=\"widget\" data-widget_type=\"spacer.default\">\n\t\t\t\t<div class=\"elementor-widget-container\">\n\t\t\t\t\t\t\t<div class=\"elementor-spacer\">\n\t\t\t<div class=\"elementor-spacer-inner\"><\/div>\n\t\t<\/div>\n\t\t\t\t\t\t<\/div>\n\t\t\t\t<\/div>\n\t\t\t\t\t<\/div>\n\t\t<\/div>\n\t\t\t\t\t<\/div>\n\t\t<\/section>\n\t\t\t\t<\/div>\n\t\t","protected":false},"excerpt":{"rendered":"<p>Kontaktiere uns In Verbindung bleiben F\u00fcr weitere Informationen z\u00f6gern Sie bitte nicht, uns zu kontaktieren. Wir stehen Ihnen gerne zur Verf\u00fcgung, um Ihre Fragen zu beantworten und Ihnen eine detaillierte Erkl\u00e4rung unseres Prozesses zu geben! F\u00fcr weitere Informationen k\u00f6nnen Sie uns gerne kontaktieren! +381 62 8437411 E-Mail-Informationen info@blackandtanpearls.com WhatsApp +381 62 8437411 Message * Owner [&hellip;]<\/p>\n","protected":false},"author":21,"featured_media":0,"parent":0,"menu_order":0,"comment_status":"closed","ping_status":"closed","template":"page-templates\/home.php","meta":{"footnotes":""},"class_list":["post-4055","page","type-page","status-publish","hentry"],"acf":[],"_links":{"self":[{"href":"https:\/\/blackandtanpearls.com\/de\/wp-json\/wp\/v2\/pages\/4055","targetHints":{"allow":["GET"]}}],"collection":[{"href":"https:\/\/blackandtanpearls.com\/de\/wp-json\/wp\/v2\/pages"}],"about":[{"href":"https:\/\/blackandtanpearls.com\/de\/wp-json\/wp\/v2\/types\/page"}],"author":[{"embeddable":true,"href":"https:\/\/blackandtanpearls.com\/de\/wp-json\/wp\/v2\/users\/21"}],"replies":[{"embeddable":true,"href":"https:\/\/blackandtanpearls.com\/de\/wp-json\/wp\/v2\/comments?post=4055"}],"version-history":[{"count":61,"href":"https:\/\/blackandtanpearls.com\/de\/wp-json\/wp\/v2\/pages\/4055\/revisions"}],"predecessor-version":[{"id":15950,"href":"https:\/\/blackandtanpearls.com\/de\/wp-json\/wp\/v2\/pages\/4055\/revisions\/15950"}],"wp:attachment":[{"href":"https:\/\/blackandtanpearls.com\/de\/wp-json\/wp\/v2\/media?parent=4055"}],"curies":[{"name":"wp","href":"https:\/\/api.w.org\/{rel}","templated":true}]}}