{"id":4146,"date":"2022-09-30T09:02:12","date_gmt":"2022-09-30T09:02:12","guid":{"rendered":"https:\/\/blackandtanpearls.w3lab.dev\/shipping\/"},"modified":"2024-03-14T18:40:44","modified_gmt":"2024-03-14T18:40:44","slug":"shipping","status":"publish","type":"page","link":"https:\/\/blackandtanpearls.com\/de\/shipping\/","title":{"rendered":"Versand"},"content":{"rendered":"\t\t<div data-elementor-type=\"wp-page\" data-elementor-id=\"4146\" class=\"elementor elementor-4146 elementor-1580\">\n\t\t\t\t\t\t<section class=\"elementor-section elementor-top-section elementor-element elementor-element-510a6027 elementor-section-full_width elementor-section-height-default elementor-section-height-default\" data-id=\"510a6027\" data-element_type=\"section\">\n\t\t\t\t\t\t<div class=\"elementor-container elementor-column-gap-no\">\n\t\t\t\t\t<div class=\"elementor-column elementor-col-100 elementor-top-column elementor-element elementor-element-748ddcb\" data-id=\"748ddcb\" data-element_type=\"column\">\n\t\t\t<div class=\"elementor-widget-wrap elementor-element-populated\">\n\t\t\t\t\t\t<div class=\"elementor-element elementor-element-2b07b43a elementor-align-left elementor-widget elementor-widget-pages-banner\" data-id=\"2b07b43a\" data-element_type=\"widget\" data-widget_type=\"pages-banner.default\">\n\t\t\t\t<div class=\"elementor-widget-container\">\n\t\t\t\t\t\r\n\t\t\t\t<div class=\"banner-header section-padding valign bg-img bg-fixed\" data-overlay-dark=\"4\" data-background=\"https:\/\/blackandtanpearls.com\/wp-content\/uploads\/2024\/01\/IMG_0412.jpeg\">\r\n\t\t\t\t\t<div class=\"container\">\r\n\t\t\t\t<div class=\"row\">\r\n\t\t\t\t\t<div class=\"col-md-12 caption mt-90\">\r\n\t\t\t\t\t\t\t\t\t\t\t\t\t\t\t\t\t\t<h1>Versand<\/h1>\r\n\t\t\t\t\t\t\t\t\t\t\t<\/div>\r\n\t\t\t\t<\/div>\r\n\t\t\t<\/div>\r\n\t\t<\/div>\r\n\r\n\t\t\t\t\t<\/div>\n\t\t\t\t<\/div>\n\t\t\t\t\t<\/div>\n\t\t<\/div>\n\t\t\t\t\t<\/div>\n\t\t<\/section>\n\t\t\t\t<section class=\"elementor-section elementor-top-section elementor-element elementor-element-2cdf462 elementor-section-boxed elementor-section-height-default elementor-section-height-default\" data-id=\"2cdf462\" data-element_type=\"section\">\n\t\t\t\t\t\t<div class=\"elementor-container elementor-column-gap-default\">\n\t\t\t\t\t<div class=\"elementor-column elementor-col-100 elementor-top-column elementor-element elementor-element-62cdc6f\" data-id=\"62cdc6f\" data-element_type=\"column\">\n\t\t\t<div class=\"elementor-widget-wrap elementor-element-populated\">\n\t\t\t\t\t\t<section class=\"elementor-section elementor-inner-section elementor-element elementor-element-c8ea2c0 elementor-section-boxed elementor-section-height-default elementor-section-height-default\" data-id=\"c8ea2c0\" data-element_type=\"section\">\n\t\t\t\t\t\t<div class=\"elementor-container elementor-column-gap-default\">\n\t\t\t\t\t<div class=\"elementor-column elementor-col-100 elementor-inner-column elementor-element elementor-element-9171ce2\" data-id=\"9171ce2\" data-element_type=\"column\">\n\t\t\t<div class=\"elementor-widget-wrap elementor-element-populated\">\n\t\t\t\t\t\t<div class=\"elementor-element elementor-element-bbca2e9 section-suptitle elementor-widget elementor-widget-heading\" data-id=\"bbca2e9\" data-element_type=\"widget\" data-widget_type=\"heading.default\">\n\t\t\t\t<div class=\"elementor-widget-container\">\n\t\t\t\t\t<h6 class=\"elementor-heading-title elementor-size-default\">BLACK AND TAN PEARLS<\/h6>\t\t\t\t<\/div>\n\t\t\t\t<\/div>\n\t\t\t\t<div class=\"elementor-element elementor-element-8d08a6f elementor-widget elementor-widget-animated-headline\" data-id=\"8d08a6f\" data-element_type=\"widget\" data-widget_type=\"animated-headline.default\">\n\t\t\t\t<div class=\"elementor-widget-container\">\n\t\t\t\t\t \t\t\t\t<\/div>\n\t\t\t\t<\/div>\n\t\t\t\t\t<\/div>\n\t\t<\/div>\n\t\t\t\t\t<\/div>\n\t\t<\/section>\n\t\t\t\t<section class=\"elementor-section elementor-inner-section elementor-element elementor-element-ace14ec elementor-section-boxed elementor-section-height-default elementor-section-height-default\" data-id=\"ace14ec\" data-element_type=\"section\">\n\t\t\t\t\t\t<div class=\"elementor-container elementor-column-gap-default\">\n\t\t\t\t\t<div class=\"elementor-column elementor-col-100 elementor-inner-column elementor-element elementor-element-235c886\" data-id=\"235c886\" data-element_type=\"column\">\n\t\t\t<div class=\"elementor-widget-wrap elementor-element-populated\">\n\t\t\t\t\t\t<div class=\"elementor-element elementor-element-205ffa5 elementor-widget elementor-widget-text-editor\" data-id=\"205ffa5\" data-element_type=\"widget\" data-widget_type=\"text-editor.default\">\n\t\t\t\t<div class=\"elementor-widget-container\">\n\t\t\t\t\t\t\t\t\t<h4>Wir arbeiten mit den besten Transportunternehmen f\u00fcr jedes Ziel zusammen, um sicherzustellen, dass unsere Rottweiler auf dem sichersten und schnellsten Weg an ihr Ziel gelangen. Unsere Partnerschaft mit f\u00fchrenden Transportunternehmen erm\u00f6glicht es uns, den besten Lieferservice f\u00fcr jedes Land und jede Region anzubieten.&#8220;<\/h4><h4>Der Versand erfolgt je nach Ziel per Stra\u00dfe oder per Luftfracht. F\u00fcr k\u00fcrzere Strecken verwenden wir schnelle und zuverl\u00e4ssige Bodenlieferdienste, w\u00e4hrend wir f\u00fcr l\u00e4ngere Strecken die Dienste f\u00fchrender Fluggesellschaften nutzen, um eine schnelle und sichere Lieferung zu gew\u00e4hrleisten.<\/h4><h4>Die Transportunternehmen nehmen die Sicherheit und den Komfort unserer Rottweiler w\u00e4hrend des Transports ernst. Die Hunde werden in einem separaten Bereich im Flugzeug\/Transporter mit angemessener Bel\u00fcftung und einer festgelegten Temperatur gehalten. Futter- und Wassern\u00e4pfe sind an den Transportboxen befestigt, so dass die Hunde w\u00e4hrend der Reise fressen und trinken k\u00f6nnen.<\/h4><h4>In den daf\u00fcr vorgesehenen Wartebereichen zwischen den Anschlussfl\u00fcgen werden alle Hunde von Bodenpersonal beobachtet.<\/h4><h4>Die Hunde werden ausgef\u00fchrt und bei Bedarf mit frischem Wasser oder zus\u00e4tzlichem Futter versorgt.<\/h4><h4>Wir transportieren die Hunde pers\u00f6nlich zum Flughafen oder zu anderen daf\u00fcr vorgesehenen Orten, wo das Transportunternehmen sie abholt. Wir setzen sie in ihre Transportboxen und stellen den neuen Besitzern vor der Reise Videos und Bilder ihrer Hunde zur Verf\u00fcgung.<\/h4><h4>Die Unternehmen, mit denen wir zusammenarbeiten, bieten eine T\u00fcr-zu-T\u00fcr-Lieferung in den USA, Europa und Gro\u00dfbritannien an, um sicherzustellen, dass Ihr neuer Rottweiler sicher an Ihrer Haust\u00fcr ankommt.<\/h4><h4>Alle unsere Hunde haben ihren Heimtierausweis und alle Impfungen auf dem neuesten Stand, sowie ein Gesundheitszeugnis, das von einem offiziellen Tierarzt ausgestellt wurde und best\u00e4tigt, dass der Hund reisef\u00e4hig ist.<\/h4><h4>Wenn Sie weitere Fragen zum Versandprozess in Ihr Land haben, z\u00f6gern Sie bitte nicht, uns zu kontaktieren. Unser Team wird Ihnen gerne jeden einzelnen Schritt erkl\u00e4ren und alle Fragen beantworten, die Sie haben.<\/h4><h4>Wir freuen uns darauf, bald von Ihnen zu h\u00f6ren!<\/h4>\t\t\t\t\t\t\t\t<\/div>\n\t\t\t\t<\/div>\n\t\t\t\t\t<\/div>\n\t\t<\/div>\n\t\t\t\t\t<\/div>\n\t\t<\/section>\n\t\t\t\t\t<\/div>\n\t\t<\/div>\n\t\t\t\t\t<\/div>\n\t\t<\/section>\n\t\t\t\t<section class=\"elementor-section elementor-top-section elementor-element elementor-element-7fbaa78 elementor-section-boxed elementor-section-height-default elementor-section-height-default\" data-id=\"7fbaa78\" data-element_type=\"section\">\n\t\t\t\t\t\t<div class=\"elementor-container elementor-column-gap-default\">\n\t\t\t\t\t<div class=\"elementor-column elementor-col-100 elementor-top-column elementor-element elementor-element-bea831e\" data-id=\"bea831e\" data-element_type=\"column\">\n\t\t\t<div class=\"elementor-widget-wrap elementor-element-populated\">\n\t\t\t\t\t\t<div class=\"elementor-element elementor-element-caeb902 elementor-arrows-position-inside elementor-pagination-position-outside elementor-widget elementor-widget-image-carousel\" data-id=\"caeb902\" data-element_type=\"widget\" data-settings=\"{&quot;slides_to_show&quot;:&quot;3&quot;,&quot;slides_to_scroll&quot;:&quot;1&quot;,&quot;image_spacing_custom&quot;:{&quot;unit&quot;:&quot;px&quot;,&quot;size&quot;:9,&quot;sizes&quot;:[]},&quot;navigation&quot;:&quot;both&quot;,&quot;autoplay&quot;:&quot;yes&quot;,&quot;pause_on_hover&quot;:&quot;yes&quot;,&quot;pause_on_interaction&quot;:&quot;yes&quot;,&quot;autoplay_speed&quot;:5000,&quot;infinite&quot;:&quot;yes&quot;,&quot;speed&quot;:500,&quot;image_spacing_custom_tablet&quot;:{&quot;unit&quot;:&quot;px&quot;,&quot;size&quot;:&quot;&quot;,&quot;sizes&quot;:[]},&quot;image_spacing_custom_mobile&quot;:{&quot;unit&quot;:&quot;px&quot;,&quot;size&quot;:&quot;&quot;,&quot;sizes&quot;:[]}}\" data-widget_type=\"image-carousel.default\">\n\t\t\t\t<div class=\"elementor-widget-container\">\n\t\t\t\t\t\t\t<div class=\"elementor-image-carousel-wrapper swiper\" role=\"region\" aria-roledescription=\"carousel\" aria-label=\"Bild Karussell\" dir=\"ltr\">\n\t\t\t<div class=\"elementor-image-carousel swiper-wrapper\" aria-live=\"off\">\n\t\t\t\t\t\t\t\t<div class=\"swiper-slide\" role=\"group\" aria-roledescription=\"slide\" aria-label=\"1 von 9\"><figure class=\"swiper-slide-inner\"><img decoding=\"async\" class=\"swiper-slide-image\" src=\"https:\/\/blackandtanpearls.com\/wp-content\/uploads\/2023\/12\/IMG_0669-768x1024.jpeg\" alt=\"IMG_0669\" \/><\/figure><\/div><div class=\"swiper-slide\" role=\"group\" aria-roledescription=\"slide\" aria-label=\"2 von 9\"><figure class=\"swiper-slide-inner\"><img decoding=\"async\" class=\"swiper-slide-image\" src=\"https:\/\/blackandtanpearls.com\/wp-content\/uploads\/2023\/12\/b40e413f-0a51-4f0c-ab9b-abcc647e6a6b.jpeg\" alt=\"b40e413f-0a51-4f0c-ab9b-abcc647e6a6b\" \/><\/figure><\/div><div class=\"swiper-slide\" role=\"group\" aria-roledescription=\"slide\" aria-label=\"3 von 9\"><figure class=\"swiper-slide-inner\"><img decoding=\"async\" class=\"swiper-slide-image\" src=\"https:\/\/blackandtanpearls.com\/wp-content\/uploads\/2023\/12\/d9c47c74-c053-485c-b23a-1c1165045c62.jpeg\" alt=\"d9c47c74-c053-485c-b23a-1c1165045c62\" \/><\/figure><\/div><div class=\"swiper-slide\" role=\"group\" aria-roledescription=\"slide\" aria-label=\"4 von 9\"><figure class=\"swiper-slide-inner\"><img decoding=\"async\" class=\"swiper-slide-image\" src=\"https:\/\/blackandtanpearls.com\/wp-content\/uploads\/2023\/12\/e02faa13-f901-4797-81b1-0d3c596771b6.jpeg\" alt=\"e02faa13-f901-4797-81b1-0d3c596771b6\" \/><\/figure><\/div><div class=\"swiper-slide\" role=\"group\" aria-roledescription=\"slide\" aria-label=\"5 von 9\"><figure class=\"swiper-slide-inner\"><img decoding=\"async\" class=\"swiper-slide-image\" src=\"https:\/\/blackandtanpearls.com\/wp-content\/uploads\/2023\/12\/23899091-17a3-4199-88a5-4f0c89a6378b.jpeg\" alt=\"23899091-17a3-4199-88a5-4f0c89a6378b\" \/><\/figure><\/div><div class=\"swiper-slide\" role=\"group\" aria-roledescription=\"slide\" aria-label=\"6 von 9\"><figure class=\"swiper-slide-inner\"><img decoding=\"async\" class=\"swiper-slide-image\" src=\"https:\/\/blackandtanpearls.com\/wp-content\/uploads\/2023\/12\/f1ee11cf-d214-4122-882b-c055a4bc509e-768x1008.jpeg\" alt=\"f1ee11cf-d214-4122-882b-c055a4bc509e\" \/><\/figure><\/div><div class=\"swiper-slide\" role=\"group\" aria-roledescription=\"slide\" aria-label=\"7 von 9\"><figure class=\"swiper-slide-inner\"><img decoding=\"async\" class=\"swiper-slide-image\" src=\"https:\/\/blackandtanpearls.com\/wp-content\/uploads\/2023\/12\/IMG_1716-768x1024.jpeg\" alt=\"IMG_1716\" \/><\/figure><\/div><div class=\"swiper-slide\" role=\"group\" aria-roledescription=\"slide\" aria-label=\"8 von 9\"><figure class=\"swiper-slide-inner\"><img decoding=\"async\" class=\"swiper-slide-image\" src=\"https:\/\/blackandtanpearls.com\/wp-content\/uploads\/2023\/12\/f2f1a47e-76a3-4444-89a6-2f3c0a24909f.jpeg\" alt=\"f2f1a47e-76a3-4444-89a6-2f3c0a24909f\" \/><\/figure><\/div><div class=\"swiper-slide\" role=\"group\" aria-roledescription=\"slide\" aria-label=\"9 von 9\"><figure class=\"swiper-slide-inner\"><img decoding=\"async\" class=\"swiper-slide-image\" src=\"https:\/\/blackandtanpearls.com\/wp-content\/uploads\/2023\/12\/765234cb-9e46-4bee-9e8b-328761d6df87-768x576.jpeg\" alt=\"765234cb-9e46-4bee-9e8b-328761d6df87\" \/><\/figure><\/div>\t\t\t<\/div>\n\t\t\t\t\t\t\t\t\t\t\t\t<div class=\"elementor-swiper-button elementor-swiper-button-prev\" role=\"button\" tabindex=\"0\">\n\t\t\t\t\t\t<i aria-hidden=\"true\" class=\"eicon-chevron-left\"><\/i>\t\t\t\t\t<\/div>\n\t\t\t\t\t<div class=\"elementor-swiper-button elementor-swiper-button-next\" role=\"button\" tabindex=\"0\">\n\t\t\t\t\t\t<i aria-hidden=\"true\" class=\"eicon-chevron-right\"><\/i>\t\t\t\t\t<\/div>\n\t\t\t\t\n\t\t\t\t\t\t\t\t\t<div class=\"swiper-pagination\"><\/div>\n\t\t\t\t\t\t\t\t\t<\/div>\n\t\t\t\t\t\t<\/div>\n\t\t\t\t<\/div>\n\t\t\t\t\t<\/div>\n\t\t<\/div>\n\t\t\t\t\t<\/div>\n\t\t<\/section>\n\t\t\t\t<\/div>\n\t\t","protected":false},"excerpt":{"rendered":"<p>Versand BLACK AND TAN PEARLS Der Versand ist weltweit m\u00f6glich! Wir arbeiten mit den besten Transportunternehmen f\u00fcr jedes Ziel zusammen, um sicherzustellen, dass unsere Rottweiler auf dem sichersten und schnellsten Weg an ihr Ziel gelangen. Unsere Partnerschaft mit f\u00fchrenden Transportunternehmen erm\u00f6glicht es uns, den besten Lieferservice f\u00fcr jedes Land und jede Region anzubieten.&#8220; Der Versand [&hellip;]<\/p>\n","protected":false},"author":21,"featured_media":0,"parent":0,"menu_order":0,"comment_status":"open","ping_status":"closed","template":"elementor_header_footer","meta":{"footnotes":""},"class_list":["post-4146","page","type-page","status-publish","hentry"],"acf":[],"_links":{"self":[{"href":"https:\/\/blackandtanpearls.com\/de\/wp-json\/wp\/v2\/pages\/4146","targetHints":{"allow":["GET"]}}],"collection":[{"href":"https:\/\/blackandtanpearls.com\/de\/wp-json\/wp\/v2\/pages"}],"about":[{"href":"https:\/\/blackandtanpearls.com\/de\/wp-json\/wp\/v2\/types\/page"}],"author":[{"embeddable":true,"href":"https:\/\/blackandtanpearls.com\/de\/wp-json\/wp\/v2\/users\/21"}],"replies":[{"embeddable":true,"href":"https:\/\/blackandtanpearls.com\/de\/wp-json\/wp\/v2\/comments?post=4146"}],"version-history":[{"count":19,"href":"https:\/\/blackandtanpearls.com\/de\/wp-json\/wp\/v2\/pages\/4146\/revisions"}],"predecessor-version":[{"id":8698,"href":"https:\/\/blackandtanpearls.com\/de\/wp-json\/wp\/v2\/pages\/4146\/revisions\/8698"}],"wp:attachment":[{"href":"https:\/\/blackandtanpearls.com\/de\/wp-json\/wp\/v2\/media?parent=4146"}],"curies":[{"name":"wp","href":"https:\/\/api.w.org\/{rel}","templated":true}]}}