{"id":24329,"date":"2026-01-29T13:48:47","date_gmt":"2026-01-29T13:48:47","guid":{"rendered":"https:\/\/blackandtanpearls.com\/product\/future-litters-deposit\/"},"modified":"2026-01-31T22:08:55","modified_gmt":"2026-01-31T22:08:55","slug":"future-litters-deposit","status":"publish","type":"product","link":"https:\/\/blackandtanpearls.com\/de\/produkt\/future-litters-deposit\/","title":{"rendered":"Anzahlung f\u00fcr zuk\u00fcnftige W\u00fcrfe"},"content":{"rendered":"<p>Mit dem Kauf dieses Produkts leisten Sie eine Anzahlung von 500 EUR (oder den entsprechenden Betrag in der von Ihnen gew\u00e4hlten W\u00e4hrung) <\/span>f\u00fcr einen Welpen aus einem beliebigen zuk\u00fcnftigen Wurf innerhalb der n\u00e4chsten 12 Monate. <\/p>\r\n\r\n<p>Diese Anzahlung sichert Ihre Reservierung f\u00fcr ein ganzes Jahr und verschafft Ihnen fr\u00fchen Zugang sowie eine bevorzugte Auswahl.<\/p>\r\n\r\n<p><strong>Was diese Anzahlung beinhaltet:<\/strong><\/p>\r\n\r\n&#8211; 500 EUR (oder den entsprechenden Betrag in der von Ihnen gew\u00e4hlten W\u00e4hrung) Anzahlung, reserviert f\u00fcr einen Welpen<\/br>\r\n\r\n&#8211; Reservierung g\u00fcltig f\u00fcr 1 Jahr (12 Monate)<\/br>\r\n\r\n&#8211; Sie geh\u00f6ren zu den Ersten, die \u00fcber kommende W\u00fcrfe informiert werden<\/br>\r\n\r\n&#8211; Sie haben das Recht, innerhalb des 12-Monats-Zeitraums Ihren bevorzugten Wurf auszuw\u00e4hlen<\/br>\r\n\r\n&#8211; Priorisierte Kommunikation und Unterst\u00fctzung w\u00e4hrend Ihrer Wartezeit<\/br>\r\n\r\n<p><strong>Besonderer Preisvorteil (Preis fixiert):<\/strong><\/p>\r\n\r\n<p>Durch diese Art der Anzahlung sichern Sie sich den Welpenpreis auf:<\/p>\r\n\r\n<p>3000 EUR pro Welpe (oder den entsprechenden Betrag in der von Ihnen gew\u00e4hlten W\u00e4hrung) + Versandkosten<\/span><span> <\/span><span>(Versand abh\u00e4ngig von Ihrem Standort)<p>\r\n\r\n<p>Bitte beachten Sie, dass der Preis f\u00fcr die separate Buchung von Welpen im Laufe des Jahres steigen kann. Durch diese Anzahlung f\u00fcr zuk\u00fcnftige W\u00fcrfe wird Ihr Welpenpreis jedoch w\u00e4hrend Ihres 12-monatigen Reservierungszeitraums gesichert\/fixiert.<\/p>\r\n\r\n<p><strong>Anrechnung der Anzahlung (wichtig):<\/strong><\/p>\r\n\r\n<p>Ihre Anzahlung von 500 EUR wird vom Gesamtpreis des Welpen abgezogen.<\/p>\r\n\r\n<p>Das bedeutet:<\/p>\r\n\r\n3000 EUR Gesamtpreis des Welpen<\/br>\r\n\r\n\u2013 500 EUR Anzahlung<\/br>\r\n\r\n=  2500 EUR Restbetrag<\/span><span> <\/span><span>(+ Versandkosten)<\/br>\r\n\r\n<p><strong>Versand<p><strong>\r\n\r\n<p>Die Versandkosten h\u00e4ngen vom Standort des Kunden ab.<\/p>\r\n\r\n<p>Kontaktieren Sie uns gerne mit Ihrem Land, und wir senden Ihnen in K\u00fcrze ein genaues Versandangebot.<\/p>\r\n\r\n<p>Wir bieten weltweiten Versand an.<\/p>\r\n\r\n<p><strong>Anzahlungsrichtlinien &amp; Bedingungen<\/strong><\/p>\r\n\r\n<p>Nicht erstattungsf\u00e4hige Anzahlung<\/p>\r\n\r\n<p>Die Anzahlung ist f\u00fcr den Kunden nicht erstattungsf\u00e4hig.<\/p>\r\n\r\n<p>Nur Black And Tan Pearls beh\u00e4lt sich das Recht vor, die Reservierung\/Bestellung aus beliebigem Grund zu stornieren und eine vollst\u00e4ndige R\u00fcckerstattung zu veranlassen.<\/p>\r\n\r\n<p>Diese Richtlinie besteht, weil Welpen sehr empfindlich sind und geliebt werden \u2013 und unsere Priorit\u00e4t immer darin besteht, sicherzustellen, dass jeder Welpe das bestm\u00f6gliche Zuhause und Leben bekommt.<\/p>\r\n\r\n<p><strong>R\u00fcckerstattungsoption nur, wenn kein Welpe verf\u00fcgbar ist<\/strong><\/p>\r\n\r\n<p>Falls Black And Tan Pearls innerhalb des 12-monatigen Reservierungszeitraums keinen verf\u00fcgbaren Welpen f\u00fcr den Kunden hat, kann der Kunde eine der folgenden Optionen w\u00e4hlen:<\/p>\r\n\r\n-Vollst\u00e4ndige R\u00fcckerstattung anfordern<\/br>\r\n\r\n<p>ODER<\/p>\r\n\r\n&#8211; Die Reservierung f\u00fcr das n\u00e4chste Jahr verl\u00e4ngern (keine zus\u00e4tzlichen Kosten)<\/br>\r\n\r\n<p><strong>Ablauf der Anzahlung<\/strong><\/p>\r\n\r\n<p>Wenn der Kunde innerhalb der 12 Monate keinen Welpen ausw\u00e4hlt, verf\u00e4llt die Anzahlung und kann nicht mehr genutzt werden.<\/p>\r\n\r\n<p><strong>Reihenfolge der Auswahl \/ Welpen-Auswahl<\/strong><\/p>\r\n\r\n<p>Sobald der Kunde entscheidet, aus welchem Wurf er einen Welpen ausw\u00e4hlen m\u00f6chte, informiert Black &amp; Tan Pearls den Kunden dar\u00fcber, wie viele Pl\u00e4tze f\u00fcr diesen Wurf bereits reserviert sind.<\/p>\r\n\r\n<p>Dies bestimmt die Auswahlreihenfolge und die Priorit\u00e4t des Kunden f\u00fcr diesen Wurf.<\/p>\r\n\r\n<p><strong>Nach dem Kauf<\/strong><\/p>\r\n\r\n<p>Sobald Ihre Anzahlung eingegangen ist und die Zahlung erfolgreich war, kontaktieren wir Sie pers\u00f6nlich, um alle erforderlichen zus\u00e4tzlichen Details zu erfassen und Ihre W\u00fcnsche zu best\u00e4tigen. Wir bleiben das ganze Jahr \u00fcber in Kontakt und informieren Sie als eine\/n der Ersten \u00fcber zuk\u00fcnftige W\u00fcrfe und Verf\u00fcgbarkeit.<\/p>\r\n\r\n<p>Manchmal f\u00fchlt sich dein Herz bereit an&#8230; auch wenn der Zeitpunkt noch nicht perfekt ist. Wenn du schon l\u00e4nger \u00fcber einen Welpen nachdenkst, aber auf den \u201erichtigen Moment\u201c wartest, k\u00f6nnte dies dein Zeichen vom Universum sein \u2013 eine M\u00f6glichkeit, dein zuk\u00fcnftiges Familienmitglied zu reservieren, w\u00e4hrend sich alles Schritt f\u00fcr Schritt f\u00fcgt.<\/p>\r\n\r\n&nbsp;\r\n\r\n&nbsp;\r\n","protected":false},"excerpt":{"rendered":"<p>Sie sind sich nicht ganz sicher, wann der richtige Zeitpunkt ist, um einen Black And Tan Pearls Welpen in Ihrem Leben willkommen zu hei\u00dfen, aber Sie wissen, dass Sie in naher Zukunft einen m\u00f6chten?<\/p>\n<p>Diese Anzahlung sichert Ihnen Ihren Platz auf unserer Warteliste f\u00fcr zuk\u00fcnftige W\u00fcrfe f\u00fcr die n\u00e4chsten 12 Monate<\/p>\n<p>Dies ist die perfekte M\u00f6glichkeit, Ihren Platz in der Reihenfolge zu sichern und Ihre Reise mit uns zu beginnen.<\/p>\n","protected":false},"featured_media":24334,"template":"","meta":[],"product_brand":[],"product_cat":[223,224],"product_tag":[],"class_list":{"0":"post-24329","1":"product","2":"type-product","3":"status-publish","4":"has-post-thumbnail","6":"product_cat-future-litters","7":"product_cat-zukuenftige-wuerfe","9":"first","10":"instock","11":"virtual","12":"purchasable","13":"product-type-simple"},"acf":[],"_links":{"self":[{"href":"https:\/\/blackandtanpearls.com\/de\/wp-json\/wp\/v2\/product\/24329","targetHints":{"allow":["GET"]}}],"collection":[{"href":"https:\/\/blackandtanpearls.com\/de\/wp-json\/wp\/v2\/product"}],"about":[{"href":"https:\/\/blackandtanpearls.com\/de\/wp-json\/wp\/v2\/types\/product"}],"wp:featuredmedia":[{"embeddable":true,"href":"https:\/\/blackandtanpearls.com\/de\/wp-json\/wp\/v2\/media\/24334"}],"wp:attachment":[{"href":"https:\/\/blackandtanpearls.com\/de\/wp-json\/wp\/v2\/media?parent=24329"}],"wp:term":[{"taxonomy":"product_brand","embeddable":true,"href":"https:\/\/blackandtanpearls.com\/de\/wp-json\/wp\/v2\/product_brand?post=24329"},{"taxonomy":"product_cat","embeddable":true,"href":"https:\/\/blackandtanpearls.com\/de\/wp-json\/wp\/v2\/product_cat?post=24329"},{"taxonomy":"product_tag","embeddable":true,"href":"https:\/\/blackandtanpearls.com\/de\/wp-json\/wp\/v2\/product_tag?post=24329"}],"curies":[{"name":"wp","href":"https:\/\/api.w.org\/{rel}","templated":true}]}}