{"id":2706,"date":"2022-09-30T09:02:12","date_gmt":"2022-09-30T09:02:12","guid":{"rendered":"https:\/\/blackandtanpearls.w3lab.dev\/shipping\/"},"modified":"2024-07-04T21:21:37","modified_gmt":"2024-07-04T21:21:37","slug":"el-envio","status":"publish","type":"page","link":"https:\/\/blackandtanpearls.com\/es\/el-envio\/","title":{"rendered":"Env\u00edo"},"content":{"rendered":"\t\t<div data-elementor-type=\"wp-page\" data-elementor-id=\"2706\" class=\"elementor elementor-2706 elementor-1580\">\n\t\t\t\t\t\t<section class=\"elementor-section elementor-top-section elementor-element elementor-element-510a6027 elementor-section-full_width elementor-section-height-default elementor-section-height-default\" data-id=\"510a6027\" data-element_type=\"section\">\n\t\t\t\t\t\t<div class=\"elementor-container elementor-column-gap-no\">\n\t\t\t\t\t<div class=\"elementor-column elementor-col-100 elementor-top-column elementor-element elementor-element-748ddcb\" data-id=\"748ddcb\" data-element_type=\"column\">\n\t\t\t<div class=\"elementor-widget-wrap elementor-element-populated\">\n\t\t\t\t\t\t<div class=\"elementor-element elementor-element-2b07b43a elementor-align-left elementor-widget elementor-widget-pages-banner\" data-id=\"2b07b43a\" data-element_type=\"widget\" data-widget_type=\"pages-banner.default\">\n\t\t\t\t<div class=\"elementor-widget-container\">\n\t\t\t\t\t\r\n\t\t\t\t<div class=\"banner-header section-padding valign bg-img bg-fixed\" data-overlay-dark=\"4\" data-background=\"https:\/\/blackandtanpearls.com\/wp-content\/uploads\/2022\/09\/ker.jpg\">\r\n\t\t\t\t\t<div class=\"container\">\r\n\t\t\t\t<div class=\"row\">\r\n\t\t\t\t\t<div class=\"col-md-12 caption mt-90\">\r\n\t\t\t\t\t\t\t\t\t\t\t\t\t\t\t\t\t\t<h1>\u00a1El env\u00edo <\/h1>\r\n\t\t\t\t\t\t\t\t\t\t\t<\/div>\r\n\t\t\t\t<\/div>\r\n\t\t\t<\/div>\r\n\t\t<\/div>\r\n\r\n\t\t\t\t\t<\/div>\n\t\t\t\t<\/div>\n\t\t\t\t\t<\/div>\n\t\t<\/div>\n\t\t\t\t\t<\/div>\n\t\t<\/section>\n\t\t\t\t<section class=\"elementor-section elementor-top-section elementor-element elementor-element-2cdf462 elementor-section-boxed elementor-section-height-default elementor-section-height-default\" data-id=\"2cdf462\" data-element_type=\"section\">\n\t\t\t\t\t\t<div class=\"elementor-container elementor-column-gap-default\">\n\t\t\t\t\t<div class=\"elementor-column elementor-col-100 elementor-top-column elementor-element elementor-element-62cdc6f\" data-id=\"62cdc6f\" data-element_type=\"column\">\n\t\t\t<div class=\"elementor-widget-wrap elementor-element-populated\">\n\t\t\t\t\t\t<section class=\"elementor-section elementor-inner-section elementor-element elementor-element-c8ea2c0 elementor-section-boxed elementor-section-height-default elementor-section-height-default\" data-id=\"c8ea2c0\" data-element_type=\"section\">\n\t\t\t\t\t\t<div class=\"elementor-container elementor-column-gap-default\">\n\t\t\t\t\t<div class=\"elementor-column elementor-col-100 elementor-inner-column elementor-element elementor-element-9171ce2\" data-id=\"9171ce2\" data-element_type=\"column\">\n\t\t\t<div class=\"elementor-widget-wrap elementor-element-populated\">\n\t\t\t\t\t\t<div class=\"elementor-element elementor-element-bbca2e9 section-suptitle elementor-widget elementor-widget-heading\" data-id=\"bbca2e9\" data-element_type=\"widget\" data-widget_type=\"heading.default\">\n\t\t\t\t<div class=\"elementor-widget-container\">\n\t\t\t\t\t<h6 class=\"elementor-heading-title elementor-size-default\">\u00a1El env\u00edo<\/h6>\t\t\t\t<\/div>\n\t\t\t\t<\/div>\n\t\t\t\t<div class=\"elementor-element elementor-element-b890d9d elementor-widget elementor-widget-heading\" data-id=\"b890d9d\" data-element_type=\"widget\" data-widget_type=\"heading.default\">\n\t\t\t\t<div class=\"elementor-widget-container\">\n\t\t\t\t\t<h2 class=\"elementor-heading-title elementor-size-default\">\u00a1El env\u00edo est\u00e1 disponible en todo el mundo! <\/h2>\t\t\t\t<\/div>\n\t\t\t\t<\/div>\n\t\t\t\t\t<\/div>\n\t\t<\/div>\n\t\t\t\t\t<\/div>\n\t\t<\/section>\n\t\t\t\t<section class=\"elementor-section elementor-inner-section elementor-element elementor-element-ace14ec elementor-section-boxed elementor-section-height-default elementor-section-height-default\" data-id=\"ace14ec\" data-element_type=\"section\">\n\t\t\t\t\t\t<div class=\"elementor-container elementor-column-gap-default\">\n\t\t\t\t\t<div class=\"elementor-column elementor-col-100 elementor-inner-column elementor-element elementor-element-235c886\" data-id=\"235c886\" data-element_type=\"column\">\n\t\t\t<div class=\"elementor-widget-wrap elementor-element-populated\">\n\t\t\t\t\t\t<div class=\"elementor-element elementor-element-205ffa5 elementor-widget elementor-widget-text-editor\" data-id=\"205ffa5\" data-element_type=\"widget\" data-widget_type=\"text-editor.default\">\n\t\t\t\t<div class=\"elementor-widget-container\">\n\t\t\t\t\t\t\t\t\t<p>Colaboramos con las mejores compa\u00f1\u00edas de transporte para cada destino, asegurando que nuestros Rottweilers lleguen a su destino de la manera m\u00e1s segura y r\u00e1pida posible. Nuestra asociaci\u00f3n con empresas de transporte l\u00edderes nos permite ofrecer el mejor servicio de entrega para cada pa\u00eds y regi\u00f3n.<\/p><p>El env\u00edo se realiza por carretera y por aire, dependiendo del destino. Para distancias m\u00e1s cortas, utilizamos servicios de entrega terrestre r\u00e1pidos y confiables, mientras que para distancias m\u00e1s largas, utilizamos los servicios de aerol\u00edneas l\u00edderes para garantizar una entrega r\u00e1pida y segura.<\/p><p>Las compa\u00f1\u00edas de env\u00edo se toman en serio la seguridad y comodidad de nuestros Rottweilers durante el transporte. Los perros se mantienen en un \u00e1rea separada en el avi\u00f3n\/furgoneta con una ventilaci\u00f3n adecuada y una temperatura establecida. Los recipientes de comida y agua se adjuntan a las jaulas, permitiendo que los perros coman y beban durante el viaje.<\/p><p>En las \u00e1reas designadas de espera entre los vuelos de conexi\u00f3n, todos los perros son supervisados por funcionarios terrestres.<\/p><p>Los perros son paseados y, si es necesario, se les proporciona agua fresca o alimento adicional.<\/p><p>Nosotros mismos transportamos a los perros al aeropuerto u otros lugares designados donde la empresa de env\u00edo los recoger\u00e1. Los colocamos en sus jaulas y proporcionamos a los nuevos propietarios videos e im\u00e1genes de sus perros antes del viaje.<\/p><p>Las compa\u00f1\u00edas con las que trabajamos ofrecen entrega puerta a puerta en Estados Unidos, Europa y el Reino Unido, asegurando que su nuevo cachorro Rottweiler llegue de manera segura a su puerta.<\/p><p>Todos nuestros perros tendr\u00e1n su pasaporte para mascotas y todas las vacunas al d\u00eda, as\u00ed como un certificado de salud emitido por un veterinario oficial que indique que el perro est\u00e1 apto para viajar.<\/p><p>Si tiene alguna pregunta adicional sobre el proceso de env\u00edo a su pa\u00eds, no dude en contactarnos. Nuestro equipo estar\u00e1 encantado de explicar cada detalle y responder cualquier pregunta que pueda tener.<\/p><p>Esperamos tener noticias suyas pronto.<\/p>\t\t\t\t\t\t\t\t<\/div>\n\t\t\t\t<\/div>\n\t\t\t\t\t<\/div>\n\t\t<\/div>\n\t\t\t\t\t<\/div>\n\t\t<\/section>\n\t\t\t\t\t<\/div>\n\t\t<\/div>\n\t\t\t\t\t<\/div>\n\t\t<\/section>\n\t\t\t\t<section class=\"elementor-section elementor-top-section elementor-element elementor-element-b7f98f6 elementor-section-boxed elementor-section-height-default elementor-section-height-default\" data-id=\"b7f98f6\" data-element_type=\"section\">\n\t\t\t\t\t\t<div class=\"elementor-container elementor-column-gap-default\">\n\t\t\t\t\t<div class=\"elementor-column elementor-col-100 elementor-top-column elementor-element elementor-element-91571bf\" data-id=\"91571bf\" data-element_type=\"column\">\n\t\t\t<div class=\"elementor-widget-wrap elementor-element-populated\">\n\t\t\t\t\t\t<div class=\"elementor-element elementor-element-95ab580 elementor-arrows-position-inside elementor-pagination-position-outside elementor-widget elementor-widget-image-carousel\" data-id=\"95ab580\" data-element_type=\"widget\" data-settings=\"{&quot;navigation&quot;:&quot;both&quot;,&quot;autoplay&quot;:&quot;yes&quot;,&quot;pause_on_hover&quot;:&quot;yes&quot;,&quot;pause_on_interaction&quot;:&quot;yes&quot;,&quot;autoplay_speed&quot;:5000,&quot;infinite&quot;:&quot;yes&quot;,&quot;speed&quot;:500}\" data-widget_type=\"image-carousel.default\">\n\t\t\t\t<div class=\"elementor-widget-container\">\n\t\t\t\t\t\t\t<div class=\"elementor-image-carousel-wrapper swiper\" role=\"region\" aria-roledescription=\"carousel\" aria-label=\"Carrusel de im\u00e1genes\" dir=\"ltr\">\n\t\t\t<div class=\"elementor-image-carousel swiper-wrapper\" aria-live=\"off\">\n\t\t\t\t\t\t\t\t<div class=\"swiper-slide\" role=\"group\" aria-roledescription=\"slide\" aria-label=\"1 de 8\"><figure class=\"swiper-slide-inner\"><img decoding=\"async\" class=\"swiper-slide-image\" src=\"https:\/\/blackandtanpearls.com\/wp-content\/uploads\/2023\/12\/b40e413f-0a51-4f0c-ab9b-abcc647e6a6b.jpeg\" alt=\"b40e413f-0a51-4f0c-ab9b-abcc647e6a6b\" \/><\/figure><\/div><div class=\"swiper-slide\" role=\"group\" aria-roledescription=\"slide\" aria-label=\"2 de 8\"><figure class=\"swiper-slide-inner\"><img decoding=\"async\" class=\"swiper-slide-image\" src=\"https:\/\/blackandtanpearls.com\/wp-content\/uploads\/2023\/12\/f1ee11cf-d214-4122-882b-c055a4bc509e.jpeg\" alt=\"f1ee11cf-d214-4122-882b-c055a4bc509e\" \/><\/figure><\/div><div class=\"swiper-slide\" role=\"group\" aria-roledescription=\"slide\" aria-label=\"3 de 8\"><figure class=\"swiper-slide-inner\"><img decoding=\"async\" class=\"swiper-slide-image\" src=\"https:\/\/blackandtanpearls.com\/wp-content\/uploads\/2023\/12\/IMG_0669-scaled.jpeg\" alt=\"IMG_0669\" \/><\/figure><\/div><div class=\"swiper-slide\" role=\"group\" aria-roledescription=\"slide\" aria-label=\"4 de 8\"><figure class=\"swiper-slide-inner\"><img decoding=\"async\" class=\"swiper-slide-image\" src=\"https:\/\/blackandtanpearls.com\/wp-content\/uploads\/2023\/12\/IMG_1716-scaled.jpeg\" alt=\"IMG_1716\" \/><\/figure><\/div><div class=\"swiper-slide\" role=\"group\" aria-roledescription=\"slide\" aria-label=\"5 de 8\"><figure class=\"swiper-slide-inner\"><img decoding=\"async\" class=\"swiper-slide-image\" src=\"https:\/\/blackandtanpearls.com\/wp-content\/uploads\/2023\/12\/23899091-17a3-4199-88a5-4f0c89a6378b.jpeg\" alt=\"23899091-17a3-4199-88a5-4f0c89a6378b\" \/><\/figure><\/div><div class=\"swiper-slide\" role=\"group\" aria-roledescription=\"slide\" aria-label=\"6 de 8\"><figure class=\"swiper-slide-inner\"><img decoding=\"async\" class=\"swiper-slide-image\" src=\"https:\/\/blackandtanpearls.com\/wp-content\/uploads\/2023\/12\/d9c47c74-c053-485c-b23a-1c1165045c62.jpeg\" alt=\"d9c47c74-c053-485c-b23a-1c1165045c62\" \/><\/figure><\/div><div class=\"swiper-slide\" role=\"group\" aria-roledescription=\"slide\" aria-label=\"7 de 8\"><figure class=\"swiper-slide-inner\"><img decoding=\"async\" class=\"swiper-slide-image\" src=\"https:\/\/blackandtanpearls.com\/wp-content\/uploads\/2023\/12\/f2f1a47e-76a3-4444-89a6-2f3c0a24909f.jpeg\" alt=\"f2f1a47e-76a3-4444-89a6-2f3c0a24909f\" \/><\/figure><\/div><div class=\"swiper-slide\" role=\"group\" aria-roledescription=\"slide\" aria-label=\"8 de 8\"><figure class=\"swiper-slide-inner\"><img decoding=\"async\" class=\"swiper-slide-image\" src=\"https:\/\/blackandtanpearls.com\/wp-content\/uploads\/2023\/12\/e02faa13-f901-4797-81b1-0d3c596771b6.jpeg\" alt=\"e02faa13-f901-4797-81b1-0d3c596771b6\" \/><\/figure><\/div>\t\t\t<\/div>\n\t\t\t\t\t\t\t\t\t\t\t\t<div class=\"elementor-swiper-button elementor-swiper-button-prev\" role=\"button\" tabindex=\"0\">\n\t\t\t\t\t\t<i aria-hidden=\"true\" class=\"eicon-chevron-left\"><\/i>\t\t\t\t\t<\/div>\n\t\t\t\t\t<div class=\"elementor-swiper-button elementor-swiper-button-next\" role=\"button\" tabindex=\"0\">\n\t\t\t\t\t\t<i aria-hidden=\"true\" class=\"eicon-chevron-right\"><\/i>\t\t\t\t\t<\/div>\n\t\t\t\t\n\t\t\t\t\t\t\t\t\t<div class=\"swiper-pagination\"><\/div>\n\t\t\t\t\t\t\t\t\t<\/div>\n\t\t\t\t\t\t<\/div>\n\t\t\t\t<\/div>\n\t\t\t\t\t<\/div>\n\t\t<\/div>\n\t\t\t\t\t<\/div>\n\t\t<\/section>\n\t\t\t\t<\/div>\n\t\t","protected":false},"excerpt":{"rendered":"<p>\u00a1El env\u00edo \u00a1El env\u00edo \u00a1El env\u00edo est\u00e1 disponible en todo el mundo! Colaboramos con las mejores compa\u00f1\u00edas de transporte para cada destino, asegurando que nuestros Rottweilers lleguen a su destino de la manera m\u00e1s segura y r\u00e1pida posible. Nuestra asociaci\u00f3n con empresas de transporte l\u00edderes nos permite ofrecer el mejor servicio de entrega para cada [&hellip;]<\/p>\n","protected":false},"author":21,"featured_media":0,"parent":0,"menu_order":0,"comment_status":"open","ping_status":"closed","template":"elementor_header_footer","meta":{"footnotes":""},"class_list":["post-2706","page","type-page","status-publish","hentry"],"acf":[],"_links":{"self":[{"href":"https:\/\/blackandtanpearls.com\/es\/wp-json\/wp\/v2\/pages\/2706","targetHints":{"allow":["GET"]}}],"collection":[{"href":"https:\/\/blackandtanpearls.com\/es\/wp-json\/wp\/v2\/pages"}],"about":[{"href":"https:\/\/blackandtanpearls.com\/es\/wp-json\/wp\/v2\/types\/page"}],"author":[{"embeddable":true,"href":"https:\/\/blackandtanpearls.com\/es\/wp-json\/wp\/v2\/users\/21"}],"replies":[{"embeddable":true,"href":"https:\/\/blackandtanpearls.com\/es\/wp-json\/wp\/v2\/comments?post=2706"}],"version-history":[{"count":11,"href":"https:\/\/blackandtanpearls.com\/es\/wp-json\/wp\/v2\/pages\/2706\/revisions"}],"predecessor-version":[{"id":10607,"href":"https:\/\/blackandtanpearls.com\/es\/wp-json\/wp\/v2\/pages\/2706\/revisions\/10607"}],"wp:attachment":[{"href":"https:\/\/blackandtanpearls.com\/es\/wp-json\/wp\/v2\/media?parent=2706"}],"curies":[{"name":"wp","href":"https:\/\/api.w.org\/{rel}","templated":true}]}}