{"id":24180,"date":"2026-01-29T13:48:47","date_gmt":"2026-01-29T13:48:47","guid":{"rendered":"https:\/\/blackandtanpearls.com\/product\/deposito-de-futuras-camadas\/"},"modified":"2026-01-31T22:15:33","modified_gmt":"2026-01-31T22:15:33","slug":"deposito-de-futuras-camadas","status":"publish","type":"product","link":"https:\/\/blackandtanpearls.com\/es\/producto\/deposito-de-futuras-camadas\/","title":{"rendered":"Dep\u00f3sito de futuras camadas"},"content":{"rendered":"<p>Al comprar este producto, est\u00e1s realizando un dep\u00f3sito de 500 EUR (o el monto equivalente en la moneda que hayas seleccionado) <\/span>para un cachorro de cualquier camada futura durante los pr\u00f3ximos 12 meses.<\/p>\r\n\r\n<p>Este dep\u00f3sito mantiene tu reserva por 1 a\u00f1o completo, d\u00e1ndote acceso anticipado y prioridad en la selecci\u00f3n.<\/p>\r\n\r\n<p><strong>\u00bfQu\u00e9 incluye este dep\u00f3sito:<\/strong><\/p>\r\n\r\n&#8211; Dep\u00f3sito de 500 EUR (o el monto equivalente en la moneda que hayas seleccionado) reservado para un cachorro<\/br>\r\n\r\n&#8211; Reserva v\u00e1lida por 1 a\u00f1o (12 meses)<\/br>\r\n\r\n&#8211; Ser\u00e1s de los primeros en ser informado sobre las pr\u00f3ximas camadas<\/br>\r\n\r\n&#8211; Tienes el derecho de elegir tu camada preferida dentro del per\u00edodo de 12 meses<\/br>\r\n\r\n&#8211; Comunicaci\u00f3n y soporte prioritarios durante tu per\u00edodo de espera<\/br>\r\n\r\n<p><strong>Beneficio especial de precio (bloqueado):<\/strong><\/p>\r\n\r\n<p>Al realizar tu dep\u00f3sito de esta manera, est\u00e1s asegurando el precio del cachorro en:<\/p>\r\n\r\n<p>3000 EUR por cachorro (o el monto equivalente en la moneda que hayas seleccionado) + costo de env\u00edo<\/span><span> <\/span><span>(el env\u00edo depende de tu ubicaci\u00f3n)<p>\r\n\r\n<p>Ten en cuenta que el precio por reservar cachorros por separado puede aumentar a lo largo del a\u00f1o, pero al realizar este dep\u00f3sito para camadas futuras, el precio de tu cachorro queda asegurado\/bloqueado durante tu per\u00edodo de reserva de 12 meses.<\/p>\r\n\r\n<p><strong>Deducci\u00f3n del dep\u00f3sito (importante):<\/strong><\/p>\r\n\r\n<p>Tu dep\u00f3sito de 500 EUR se descuenta del precio total del cachorro.<\/p>\r\n\r\n<p>Esto significa:<\/p>\r\n\r\n3000 EUR precio total del cachorro<\/br>\r\n\r\n\u2013 dep\u00f3sito de 500 EUR<\/br>\r\n\r\n=  2500 EUR saldo restante<\/span><span> <\/span><span>(+ costo de env\u00edo)<\/br>\r\n\r\n<p><strong>Env\u00edo<p><strong>\r\n\r\n<p>Los costos de env\u00edo dependen de la ubicaci\u00f3n del cliente.<\/p>\r\n\r\n<p>No dudes en contactarnos con tu pa\u00eds y en breve te proporcionaremos una cotizaci\u00f3n exacta del env\u00edo.<\/p>\r\n\r\n<p>Ofrecemos env\u00edo a todo el mundo.<\/p>\r\n\r\n<p><strong>Pol\u00edtica del Dep\u00f3sito y T\u00e9rminos<\/strong><\/p>\r\n\r\n<p>Dep\u00f3sito no reembolsable<\/p>\r\n\r\n<p>El dep\u00f3sito no es reembolsable por parte del cliente.<\/p>\r\n\r\n<p>Solo Black And Tan Pearls se reserva el derecho de cancelar la reserva\/pedido y emitir un reembolso completo, por cualquier motivo.<\/p>\r\n\r\n<p>Esta pol\u00edtica existe porque los cachorros son muy delicados y amados, y nuestra prioridad siempre es garantizar que cada cachorro vaya al mejor hogar y tenga la mejor vida posible.<\/p>\r\n\r\n<p><strong>Opci\u00f3n de reembolso solo si no hay un cachorro disponible<\/strong><\/p>\r\n\r\n<p>En el caso de que Black And Tan Pearls no tenga ning\u00fan cachorro disponible para el cliente dentro del per\u00edodo de reserva de 12 meses, el cliente podr\u00e1 elegir una de las siguientes opciones:<\/p>\r\n\r\n-Solicitar un reembolso completo<\/br>\r\n\r\n<p>O<\/p>\r\n\r\n&#8211; Renovar la reserva para el pr\u00f3ximo a\u00f1o (sin cargos adicionales)<\/br>\r\n\r\n<p><strong>Vencimiento del dep\u00f3sito<\/strong><\/p>\r\n\r\n<p>Si el cliente no elige un cachorro dentro del per\u00edodo de 12 meses, el dep\u00f3sito vencer\u00e1 y ya no podr\u00e1 utilizarse.<\/p>\r\n\r\n<p><strong>Orden de Elecci\u00f3n \/ Selecci\u00f3n del Cachorro<\/strong><\/p>\r\n\r\n<p>Una vez que el cliente decida de qu\u00e9 camada le gustar\u00eda elegir un cachorro, Black &amp; Tan Pearls informar\u00e1 al cliente cu\u00e1ntos lugares ya est\u00e1n reservados para esa camada.<\/p>\r\n\r\n<p>Esto determina el orden de elecci\u00f3n del cliente y la prioridad de selecci\u00f3n para esa camada.<\/p>\r\n\r\n<p><strong>Despu\u00e9s de la compra<\/strong><\/p>\r\n\r\n<p>Una vez que tu dep\u00f3sito est\u00e9 realizado y el pago se haya completado con \u00e9xito, nos pondremos en contacto contigo personalmente para recopilar cualquier detalle adicional necesario y confirmar tus preferencias. Nos mantendremos en contacto durante todo el a\u00f1o y te mantendremos entre los primeros informados sobre futuras camadas y disponibilidad.<\/p>\r\n\r\n<p>A veces te sientes listo en tu coraz\u00f3n&#8230; incluso si el momento todav\u00eda no es perfecto. Si has estado pensando en un cachorro pero est\u00e1s esperando el \u00abmomento correcto\u00bb, esta puede ser tu se\u00f1al del universo, una forma de reservar a tu futuro miembro de la familia mientras todo se acomoda.<\/p>\r\n\r\n&nbsp;\r\n\r\n&nbsp;\r\n","protected":false},"excerpt":{"rendered":"<p>\u00bfNo est\u00e1s seguro de cu\u00e1ndo ser\u00e1 exactamente el momento adecuado para dar la bienvenida a un cachorro Black And Tan Pearls a tu vida, pero sabes que quieres uno en un futuro pr\u00f3ximo?<\/p>\n<p>Este dep\u00f3sito asegura tu plaza en nuestra Lista de Espera para futuros litros durante los pr\u00f3ximos 12 meses<\/p>\n<p>Es la forma perfecta de asegurar tu puesto en la fila y comenzar tu viaje con nosotros.<\/p>\n","protected":false},"featured_media":24178,"template":"","meta":[],"product_brand":[],"product_cat":[209],"product_tag":[],"class_list":{"0":"post-24180","1":"product","2":"type-product","3":"status-publish","4":"has-post-thumbnail","6":"product_cat-camadas-futuras","8":"first","9":"instock","10":"virtual","11":"purchasable","12":"product-type-simple"},"acf":[],"_links":{"self":[{"href":"https:\/\/blackandtanpearls.com\/es\/wp-json\/wp\/v2\/product\/24180","targetHints":{"allow":["GET"]}}],"collection":[{"href":"https:\/\/blackandtanpearls.com\/es\/wp-json\/wp\/v2\/product"}],"about":[{"href":"https:\/\/blackandtanpearls.com\/es\/wp-json\/wp\/v2\/types\/product"}],"wp:featuredmedia":[{"embeddable":true,"href":"https:\/\/blackandtanpearls.com\/es\/wp-json\/wp\/v2\/media\/24178"}],"wp:attachment":[{"href":"https:\/\/blackandtanpearls.com\/es\/wp-json\/wp\/v2\/media?parent=24180"}],"wp:term":[{"taxonomy":"product_brand","embeddable":true,"href":"https:\/\/blackandtanpearls.com\/es\/wp-json\/wp\/v2\/product_brand?post=24180"},{"taxonomy":"product_cat","embeddable":true,"href":"https:\/\/blackandtanpearls.com\/es\/wp-json\/wp\/v2\/product_cat?post=24180"},{"taxonomy":"product_tag","embeddable":true,"href":"https:\/\/blackandtanpearls.com\/es\/wp-json\/wp\/v2\/product_tag?post=24180"}],"curies":[{"name":"wp","href":"https:\/\/api.w.org\/{rel}","templated":true}]}}