{"id":24251,"date":"2025-12-14T22:12:52","date_gmt":"2025-12-14T22:12:52","guid":{"rendered":"https:\/\/blackandtanpearls.com\/product\/the-ultimate-puppy-diet-guide\/"},"modified":"2026-01-31T20:38:50","modified_gmt":"2026-01-31T20:38:50","slug":"la-guia-definitiva-de-alimentacion-para-cachorros","status":"publish","type":"product","link":"https:\/\/blackandtanpearls.com\/es\/producto\/la-guia-definitiva-de-alimentacion-para-cachorros\/","title":{"rendered":"La Gu\u00eda Definitiva de Alimentaci\u00f3n para Cachorros"},"content":{"rendered":"<p>Como criadora profesional de Rottweilers con m\u00e1s de 10 a\u00f1os de experiencia, cre\u00e9 esta gu\u00eda para ayudar a todos los due\u00f1os de perros, sin importar la raza, a comprender c\u00f3mo alimento a mis perros y c\u00f3mo los mantengo sanos, fuertes y hermosos.<\/p>\r\n\r\n<p>Este e-book digital est\u00e1 basado completamente en mi experiencia personal como criadora.<\/p>\r\n\r\n<p>Dentro de esta gu\u00eda, descubrir\u00e1s:<\/p>\r\n\r\n-Qu\u00e9 alimento le doy a mis perros a diario<\/br>\r\n-Qu\u00e9 marca de croquetas (kibble) uso personalmente<\/br>\r\n-Las vitaminas y suplementos que mejor funcionan para m\u00ed y mis perros\r\n-Dieta cruda<\/br>\r\n-Dieta cocida<\/br><\/br>\r\n\r\n<p>La pregunta m\u00e1s com\u00fan que recibo es:<\/p>\r\n\r\n<p>\u201c\u00bfC\u00f3mo es posible que tus perros se vean tan, tan bien?\u201d<\/p>\r\n\r\n<p>Esta gu\u00eda es mi respuesta completa.<\/p>\r\n\r\n<p>Todo est\u00e1 escrito de manera clara y sencilla, mostr\u00e1ndote c\u00f3mo criar cachorros gruesos y gorditos, apoyar un crecimiento adecuado, lograr una apariencia hermosa y, lo m\u00e1s importante, darle a tu perro la mejor vida posible.<\/p>\r\n\r\n<p>21 p\u00e1ginas<\/p>\r\n\r\n<p>Despu\u00e9s de que tu pago se complete con \u00e9xito, recibir\u00e1s un correo electr\u00f3nico con un enlace de descarga para tu PDF.<\/p>\r\n\r\n<p>La gu\u00eda es solo para uso personal y se puede descargar directamente en tu tel\u00e9fono, tablet o computadora.<\/p>\r\n","protected":false},"excerpt":{"rendered":"<p>Un e-book digital basado en mi experiencia personal como criadora, donde comparto c\u00f3mo alimento a mis cachorros y perros adultos en la vida real.<\/p>\n","protected":false},"featured_media":24278,"template":"","meta":[],"product_brand":[],"product_cat":[215],"product_tag":[216,217,218,219,220,221,222],"class_list":{"0":"post-24251","1":"product","2":"type-product","3":"status-publish","4":"has-post-thumbnail","6":"product_cat-e-books","7":"product_tag-best-diet-for-puppy","8":"product_tag-cooked-dog-food","9":"product_tag-dog-feeding-tips","10":"product_tag-dog-nutrition","11":"product_tag-puppy-diet","12":"product_tag-puppy-feeding","13":"product_tag-raw-feeding-dogs","15":"first","16":"instock","17":"downloadable","18":"virtual","19":"purchasable","20":"product-type-simple"},"acf":[],"_links":{"self":[{"href":"https:\/\/blackandtanpearls.com\/es\/wp-json\/wp\/v2\/product\/24251","targetHints":{"allow":["GET"]}}],"collection":[{"href":"https:\/\/blackandtanpearls.com\/es\/wp-json\/wp\/v2\/product"}],"about":[{"href":"https:\/\/blackandtanpearls.com\/es\/wp-json\/wp\/v2\/types\/product"}],"wp:featuredmedia":[{"embeddable":true,"href":"https:\/\/blackandtanpearls.com\/es\/wp-json\/wp\/v2\/media\/24278"}],"wp:attachment":[{"href":"https:\/\/blackandtanpearls.com\/es\/wp-json\/wp\/v2\/media?parent=24251"}],"wp:term":[{"taxonomy":"product_brand","embeddable":true,"href":"https:\/\/blackandtanpearls.com\/es\/wp-json\/wp\/v2\/product_brand?post=24251"},{"taxonomy":"product_cat","embeddable":true,"href":"https:\/\/blackandtanpearls.com\/es\/wp-json\/wp\/v2\/product_cat?post=24251"},{"taxonomy":"product_tag","embeddable":true,"href":"https:\/\/blackandtanpearls.com\/es\/wp-json\/wp\/v2\/product_tag?post=24251"}],"curies":[{"name":"wp","href":"https:\/\/api.w.org\/{rel}","templated":true}]}}