{"id":4144,"date":"2022-09-30T09:02:12","date_gmt":"2022-09-30T09:02:12","guid":{"rendered":"https:\/\/blackandtanpearls.w3lab.dev\/shipping\/"},"modified":"2024-08-24T22:15:14","modified_gmt":"2024-08-24T22:15:14","slug":"expedition","status":"publish","type":"page","link":"https:\/\/blackandtanpearls.com\/fr\/expedition\/","title":{"rendered":"Exp\u00e9dition"},"content":{"rendered":"\t\t<div data-elementor-type=\"wp-page\" data-elementor-id=\"4144\" class=\"elementor elementor-4144 elementor-1580\">\n\t\t\t\t\t\t<section class=\"elementor-section elementor-top-section elementor-element elementor-element-510a6027 elementor-section-full_width elementor-section-height-default elementor-section-height-default\" data-id=\"510a6027\" data-element_type=\"section\">\n\t\t\t\t\t\t<div class=\"elementor-container elementor-column-gap-no\">\n\t\t\t\t\t<div class=\"elementor-column elementor-col-100 elementor-top-column elementor-element elementor-element-748ddcb\" data-id=\"748ddcb\" data-element_type=\"column\">\n\t\t\t<div class=\"elementor-widget-wrap elementor-element-populated\">\n\t\t\t\t\t\t<div class=\"elementor-element elementor-element-2b07b43a elementor-align-left elementor-widget elementor-widget-pages-banner\" data-id=\"2b07b43a\" data-element_type=\"widget\" data-widget_type=\"pages-banner.default\">\n\t\t\t\t<div class=\"elementor-widget-container\">\n\t\t\t\t\t\r\n\t\t\t\t<div class=\"banner-header section-padding valign bg-img bg-fixed\" data-overlay-dark=\"4\" data-background=\"https:\/\/blackandtanpearls.com\/wp-content\/uploads\/2024\/01\/IMG_0412.jpeg\">\r\n\t\t\t\t\t<div class=\"container\">\r\n\t\t\t\t<div class=\"row\">\r\n\t\t\t\t\t<div class=\"col-md-12 caption mt-90\">\r\n\t\t\t\t\t\t\t\t\t\t\t\t\t\t\t\t\t\t<h1>Exp\u00e9dition<\/h1>\r\n\t\t\t\t\t\t\t\t\t\t\t<\/div>\r\n\t\t\t\t<\/div>\r\n\t\t\t<\/div>\r\n\t\t<\/div>\r\n\r\n\t\t\t\t\t<\/div>\n\t\t\t\t<\/div>\n\t\t\t\t\t<\/div>\n\t\t<\/div>\n\t\t\t\t\t<\/div>\n\t\t<\/section>\n\t\t\t\t<section class=\"elementor-section elementor-top-section elementor-element elementor-element-2cdf462 elementor-section-boxed elementor-section-height-default elementor-section-height-default\" data-id=\"2cdf462\" data-element_type=\"section\">\n\t\t\t\t\t\t<div class=\"elementor-container elementor-column-gap-default\">\n\t\t\t\t\t<div class=\"elementor-column elementor-col-100 elementor-top-column elementor-element elementor-element-62cdc6f\" data-id=\"62cdc6f\" data-element_type=\"column\">\n\t\t\t<div class=\"elementor-widget-wrap elementor-element-populated\">\n\t\t\t\t\t\t<section class=\"elementor-section elementor-inner-section elementor-element elementor-element-c8ea2c0 elementor-section-boxed elementor-section-height-default elementor-section-height-default\" data-id=\"c8ea2c0\" data-element_type=\"section\">\n\t\t\t\t\t\t<div class=\"elementor-container elementor-column-gap-default\">\n\t\t\t\t\t<div class=\"elementor-column elementor-col-100 elementor-inner-column elementor-element elementor-element-9171ce2\" data-id=\"9171ce2\" data-element_type=\"column\">\n\t\t\t<div class=\"elementor-widget-wrap elementor-element-populated\">\n\t\t\t\t\t\t<div class=\"elementor-element elementor-element-bbca2e9 section-suptitle elementor-widget elementor-widget-heading\" data-id=\"bbca2e9\" data-element_type=\"widget\" data-widget_type=\"heading.default\">\n\t\t\t\t<div class=\"elementor-widget-container\">\n\t\t\t\t\t<h6 class=\"elementor-heading-title elementor-size-default\">Black And Tan Pearls<\/h6>\t\t\t\t<\/div>\n\t\t\t\t<\/div>\n\t\t\t\t<div class=\"elementor-element elementor-element-8d08a6f elementor-widget elementor-widget-animated-headline\" data-id=\"8d08a6f\" data-element_type=\"widget\" data-widget_type=\"animated-headline.default\">\n\t\t\t\t<div class=\"elementor-widget-container\">\n\t\t\t\t\t \t\t\t\t<\/div>\n\t\t\t\t<\/div>\n\t\t\t\t\t<\/div>\n\t\t<\/div>\n\t\t\t\t\t<\/div>\n\t\t<\/section>\n\t\t\t\t<section class=\"elementor-section elementor-inner-section elementor-element elementor-element-ace14ec elementor-section-boxed elementor-section-height-default elementor-section-height-default\" data-id=\"ace14ec\" data-element_type=\"section\">\n\t\t\t\t\t\t<div class=\"elementor-container elementor-column-gap-default\">\n\t\t\t\t\t<div class=\"elementor-column elementor-col-100 elementor-inner-column elementor-element elementor-element-235c886\" data-id=\"235c886\" data-element_type=\"column\">\n\t\t\t<div class=\"elementor-widget-wrap elementor-element-populated\">\n\t\t\t\t\t\t<div class=\"elementor-element elementor-element-205ffa5 elementor-widget elementor-widget-text-editor\" data-id=\"205ffa5\" data-element_type=\"widget\" data-widget_type=\"text-editor.default\">\n\t\t\t\t<div class=\"elementor-widget-container\">\n\t\t\t\t\t\t\t\t\t<h5>Nous collaborons avec les meilleures compagnies de transport pour chaque destination afin de garantir que nos Rottweilers arrivent \u00e0 bon port de la mani\u00e8re la plus s\u00fbre et la plus rapide possible. Notre partenariat avec les principales compagnies de transport nous permet de proposer le meilleur service de livraison pour chaque pays et r\u00e9gion.<\/h5><h5>L&rsquo;exp\u00e9dition est effectu\u00e9e par voie terrestre et a\u00e9rienne, en fonction de la destination. Pour les distances plus courtes, nous utilisons des services de livraison terrestre rapides et fiables, tandis que pour les distances plus longues, nous faisons appel aux services des principales compagnies a\u00e9riennes pour assurer une livraison rapide et s\u00e9curis\u00e9e.<\/h5><h5>Les compagnies de transport prennent la s\u00e9curit\u00e9 et le confort de nos Rottweilers pendant le transport tr\u00e8s au s\u00e9rieux. Les chiens sont maintenus dans une zone s\u00e9par\u00e9e dans l&rsquo;avion\/le camion avec une ventilation ad\u00e9quate et une temp\u00e9rature r\u00e9gul\u00e9e. Des bols de nourriture et d&rsquo;eau sont attach\u00e9s aux cages, permettant aux chiens de manger et de boire pendant le voyage.<\/h5><h5>Dans les zones de transit d\u00e9sign\u00e9es entre les vols de correspondance, tous les chiens sont surveill\u00e9s par le personnel au sol. Les chiens sont promen\u00e9s et, si n\u00e9cessaire, de l&rsquo;eau fra\u00eeche ou de la nourriture suppl\u00e9mentaire leur sont fournies.<\/h5><h5>Nous transportons personnellement les chiens \u00e0 l&rsquo;a\u00e9roport ou \u00e0 d&rsquo;autres endroits d\u00e9sign\u00e9s o\u00f9 la compagnie de transport les prendra en charge. Nous les pla\u00e7ons dans leurs cages et fournissons aux nouveaux propri\u00e9taires des vid\u00e9os et des photos de leurs chiens avant le voyage.<\/h5><h5>Les compagnies avec lesquelles nous travaillons proposent une livraison porte \u00e0 porte aux \u00c9tats-Unis, en Europe et au Royaume-Uni, garantissant que votre nouveau chiot Rottweiler arrive en toute s\u00e9curit\u00e9 \u00e0 votre porte.<\/h5><h5>Tous nos chiens auront un passeport pour animaux de compagnie et toutes les vaccinations \u00e0 jour, ainsi qu&rsquo;un certificat de sant\u00e9 d\u00e9livr\u00e9 par un v\u00e9t\u00e9rinaire officiel attestant que le chien est apte \u00e0 voyager.<\/h5><h5>Si vous avez d&rsquo;autres questions sur le processus d&rsquo;exp\u00e9dition vers votre pays, n&rsquo;h\u00e9sitez pas \u00e0 nous contacter. Notre \u00e9quipe se fera un plaisir d&rsquo;expliquer tous les d\u00e9tails et de r\u00e9pondre \u00e0 toutes vos questions.<\/h5><h5>Nous sommes impatients d&rsquo;avoir de vos nouvelles bient\u00f4t!<\/h5><h5>\u00a0<\/h5><h5><strong>\u00a0<\/strong><\/h5>\t\t\t\t\t\t\t\t<\/div>\n\t\t\t\t<\/div>\n\t\t\t\t\t<\/div>\n\t\t<\/div>\n\t\t\t\t\t<\/div>\n\t\t<\/section>\n\t\t\t\t\t<\/div>\n\t\t<\/div>\n\t\t\t\t\t<\/div>\n\t\t<\/section>\n\t\t\t\t<section class=\"elementor-section elementor-top-section elementor-element elementor-element-7fbaa78 elementor-section-boxed elementor-section-height-default elementor-section-height-default\" data-id=\"7fbaa78\" data-element_type=\"section\">\n\t\t\t\t\t\t<div class=\"elementor-container elementor-column-gap-default\">\n\t\t\t\t\t<div class=\"elementor-column elementor-col-100 elementor-top-column elementor-element elementor-element-bea831e\" data-id=\"bea831e\" data-element_type=\"column\">\n\t\t\t<div class=\"elementor-widget-wrap elementor-element-populated\">\n\t\t\t\t\t\t<div class=\"elementor-element elementor-element-caeb902 elementor-arrows-position-inside elementor-pagination-position-outside elementor-widget elementor-widget-image-carousel\" data-id=\"caeb902\" data-element_type=\"widget\" data-settings=\"{&quot;slides_to_show&quot;:&quot;3&quot;,&quot;slides_to_scroll&quot;:&quot;1&quot;,&quot;image_spacing_custom&quot;:{&quot;unit&quot;:&quot;px&quot;,&quot;size&quot;:9,&quot;sizes&quot;:[]},&quot;navigation&quot;:&quot;both&quot;,&quot;autoplay&quot;:&quot;yes&quot;,&quot;pause_on_hover&quot;:&quot;yes&quot;,&quot;pause_on_interaction&quot;:&quot;yes&quot;,&quot;autoplay_speed&quot;:5000,&quot;infinite&quot;:&quot;yes&quot;,&quot;speed&quot;:500,&quot;image_spacing_custom_tablet&quot;:{&quot;unit&quot;:&quot;px&quot;,&quot;size&quot;:&quot;&quot;,&quot;sizes&quot;:[]},&quot;image_spacing_custom_mobile&quot;:{&quot;unit&quot;:&quot;px&quot;,&quot;size&quot;:&quot;&quot;,&quot;sizes&quot;:[]}}\" data-widget_type=\"image-carousel.default\">\n\t\t\t\t<div class=\"elementor-widget-container\">\n\t\t\t\t\t\t\t<div class=\"elementor-image-carousel-wrapper swiper\" role=\"region\" aria-roledescription=\"carousel\" aria-label=\"Carrousel d\u2019images\" dir=\"ltr\">\n\t\t\t<div class=\"elementor-image-carousel swiper-wrapper\" aria-live=\"off\">\n\t\t\t\t\t\t\t\t<div class=\"swiper-slide\" role=\"group\" aria-roledescription=\"slide\" aria-label=\"1 sur 9\"><figure class=\"swiper-slide-inner\"><img decoding=\"async\" class=\"swiper-slide-image\" src=\"https:\/\/blackandtanpearls.com\/wp-content\/uploads\/2023\/12\/IMG_0669-768x1024.jpeg\" alt=\"IMG_0669\" \/><\/figure><\/div><div class=\"swiper-slide\" role=\"group\" aria-roledescription=\"slide\" aria-label=\"2 sur 9\"><figure class=\"swiper-slide-inner\"><img decoding=\"async\" class=\"swiper-slide-image\" src=\"https:\/\/blackandtanpearls.com\/wp-content\/uploads\/2023\/12\/b40e413f-0a51-4f0c-ab9b-abcc647e6a6b.jpeg\" alt=\"b40e413f-0a51-4f0c-ab9b-abcc647e6a6b\" \/><\/figure><\/div><div class=\"swiper-slide\" role=\"group\" aria-roledescription=\"slide\" aria-label=\"3 sur 9\"><figure class=\"swiper-slide-inner\"><img decoding=\"async\" class=\"swiper-slide-image\" src=\"https:\/\/blackandtanpearls.com\/wp-content\/uploads\/2023\/12\/d9c47c74-c053-485c-b23a-1c1165045c62.jpeg\" alt=\"d9c47c74-c053-485c-b23a-1c1165045c62\" \/><\/figure><\/div><div class=\"swiper-slide\" role=\"group\" aria-roledescription=\"slide\" aria-label=\"4 sur 9\"><figure class=\"swiper-slide-inner\"><img decoding=\"async\" class=\"swiper-slide-image\" src=\"https:\/\/blackandtanpearls.com\/wp-content\/uploads\/2023\/12\/e02faa13-f901-4797-81b1-0d3c596771b6.jpeg\" alt=\"e02faa13-f901-4797-81b1-0d3c596771b6\" \/><\/figure><\/div><div class=\"swiper-slide\" role=\"group\" aria-roledescription=\"slide\" aria-label=\"5 sur 9\"><figure class=\"swiper-slide-inner\"><img decoding=\"async\" class=\"swiper-slide-image\" src=\"https:\/\/blackandtanpearls.com\/wp-content\/uploads\/2023\/12\/23899091-17a3-4199-88a5-4f0c89a6378b.jpeg\" alt=\"23899091-17a3-4199-88a5-4f0c89a6378b\" \/><\/figure><\/div><div class=\"swiper-slide\" role=\"group\" aria-roledescription=\"slide\" aria-label=\"6 sur 9\"><figure class=\"swiper-slide-inner\"><img decoding=\"async\" class=\"swiper-slide-image\" src=\"https:\/\/blackandtanpearls.com\/wp-content\/uploads\/2023\/12\/f1ee11cf-d214-4122-882b-c055a4bc509e-768x1008.jpeg\" alt=\"f1ee11cf-d214-4122-882b-c055a4bc509e\" \/><\/figure><\/div><div class=\"swiper-slide\" role=\"group\" aria-roledescription=\"slide\" aria-label=\"7 sur 9\"><figure class=\"swiper-slide-inner\"><img decoding=\"async\" class=\"swiper-slide-image\" src=\"https:\/\/blackandtanpearls.com\/wp-content\/uploads\/2023\/12\/IMG_1716-768x1024.jpeg\" alt=\"IMG_1716\" \/><\/figure><\/div><div class=\"swiper-slide\" role=\"group\" aria-roledescription=\"slide\" aria-label=\"8 sur 9\"><figure class=\"swiper-slide-inner\"><img decoding=\"async\" class=\"swiper-slide-image\" src=\"https:\/\/blackandtanpearls.com\/wp-content\/uploads\/2023\/12\/f2f1a47e-76a3-4444-89a6-2f3c0a24909f.jpeg\" alt=\"f2f1a47e-76a3-4444-89a6-2f3c0a24909f\" \/><\/figure><\/div><div class=\"swiper-slide\" role=\"group\" aria-roledescription=\"slide\" aria-label=\"9 sur 9\"><figure class=\"swiper-slide-inner\"><img decoding=\"async\" class=\"swiper-slide-image\" src=\"https:\/\/blackandtanpearls.com\/wp-content\/uploads\/2023\/12\/765234cb-9e46-4bee-9e8b-328761d6df87-768x576.jpeg\" alt=\"765234cb-9e46-4bee-9e8b-328761d6df87\" \/><\/figure><\/div>\t\t\t<\/div>\n\t\t\t\t\t\t\t\t\t\t\t\t<div class=\"elementor-swiper-button elementor-swiper-button-prev\" role=\"button\" tabindex=\"0\">\n\t\t\t\t\t\t<i aria-hidden=\"true\" class=\"eicon-chevron-left\"><\/i>\t\t\t\t\t<\/div>\n\t\t\t\t\t<div class=\"elementor-swiper-button elementor-swiper-button-next\" role=\"button\" tabindex=\"0\">\n\t\t\t\t\t\t<i aria-hidden=\"true\" class=\"eicon-chevron-right\"><\/i>\t\t\t\t\t<\/div>\n\t\t\t\t\n\t\t\t\t\t\t\t\t\t<div class=\"swiper-pagination\"><\/div>\n\t\t\t\t\t\t\t\t\t<\/div>\n\t\t\t\t\t\t<\/div>\n\t\t\t\t<\/div>\n\t\t\t\t\t<\/div>\n\t\t<\/div>\n\t\t\t\t\t<\/div>\n\t\t<\/section>\n\t\t\t\t<\/div>\n\t\t","protected":false},"excerpt":{"rendered":"<p>Exp\u00e9dition Black And Tan Pearls L&rsquo;exp\u00e9dition est disponible dans le monde entier ! Nous collaborons avec les meilleures compagnies de transport pour chaque destination afin de garantir que nos Rottweilers arrivent \u00e0 bon port de la mani\u00e8re la plus s\u00fbre et la plus rapide possible. Notre partenariat avec les principales compagnies de transport nous permet [&hellip;]<\/p>\n","protected":false},"author":21,"featured_media":0,"parent":0,"menu_order":0,"comment_status":"open","ping_status":"closed","template":"elementor_header_footer","meta":{"footnotes":""},"class_list":["post-4144","page","type-page","status-publish","hentry"],"acf":[],"_links":{"self":[{"href":"https:\/\/blackandtanpearls.com\/fr\/wp-json\/wp\/v2\/pages\/4144","targetHints":{"allow":["GET"]}}],"collection":[{"href":"https:\/\/blackandtanpearls.com\/fr\/wp-json\/wp\/v2\/pages"}],"about":[{"href":"https:\/\/blackandtanpearls.com\/fr\/wp-json\/wp\/v2\/types\/page"}],"author":[{"embeddable":true,"href":"https:\/\/blackandtanpearls.com\/fr\/wp-json\/wp\/v2\/users\/21"}],"replies":[{"embeddable":true,"href":"https:\/\/blackandtanpearls.com\/fr\/wp-json\/wp\/v2\/comments?post=4144"}],"version-history":[{"count":19,"href":"https:\/\/blackandtanpearls.com\/fr\/wp-json\/wp\/v2\/pages\/4144\/revisions"}],"predecessor-version":[{"id":8636,"href":"https:\/\/blackandtanpearls.com\/fr\/wp-json\/wp\/v2\/pages\/4144\/revisions\/8636"}],"wp:attachment":[{"href":"https:\/\/blackandtanpearls.com\/fr\/wp-json\/wp\/v2\/media?parent=4144"}],"curies":[{"name":"wp","href":"https:\/\/api.w.org\/{rel}","templated":true}]}}