{"id":9067,"date":"2024-01-31T14:39:52","date_gmt":"2024-01-31T14:39:52","guid":{"rendered":"https:\/\/blackandtanpearls.w3lab.dev\/frozen-semen\/"},"modified":"2024-08-24T22:23:29","modified_gmt":"2024-08-24T22:23:29","slug":"sperme-congele","status":"publish","type":"page","link":"https:\/\/blackandtanpearls.com\/fr\/sperme-congele\/","title":{"rendered":"SPERME CONGEL\u00c9"},"content":{"rendered":"\t\t<div data-elementor-type=\"wp-page\" data-elementor-id=\"9067\" class=\"elementor elementor-9067 elementor-6845\">\n\t\t\t\t\t\t<section class=\"elementor-section elementor-top-section elementor-element elementor-element-6646a2e elementor-section-full_width elementor-section-height-default elementor-section-height-default\" data-id=\"6646a2e\" data-element_type=\"section\">\n\t\t\t\t\t\t<div class=\"elementor-container elementor-column-gap-no\">\n\t\t\t\t\t<div class=\"elementor-column elementor-col-100 elementor-top-column elementor-element elementor-element-d99841b\" data-id=\"d99841b\" data-element_type=\"column\">\n\t\t\t<div class=\"elementor-widget-wrap elementor-element-populated\">\n\t\t\t\t\t\t<div class=\"elementor-element elementor-element-55e69fd elementor-align-left elementor-widget elementor-widget-pages-banner\" data-id=\"55e69fd\" data-element_type=\"widget\" data-widget_type=\"pages-banner.default\">\n\t\t\t\t<div class=\"elementor-widget-container\">\n\t\t\t\t\t\r\n\t\t\t\t<div class=\"banner-header section-padding valign bg-img bg-fixed\" data-overlay-dark=\"4\" data-background=\"https:\/\/blackandtanpearls.com\/wp-content\/uploads\/2024\/03\/istockphoto-964828696-1024x1024-1.jpg\">\r\n\t\t\t\t\t<div class=\"container\">\r\n\t\t\t\t<div class=\"row\">\r\n\t\t\t\t\t<div class=\"col-md-12 caption mt-90\">\r\n\t\t\t\t\t\t\t\t\t\t\t\t\t\t\t\t\t\t<h1>SPERME CONGEL\u00c9<\/h1>\r\n\t\t\t\t\t\t\t\t\t\t\t<\/div>\r\n\t\t\t\t<\/div>\r\n\t\t\t<\/div>\r\n\t\t<\/div>\r\n\r\n\t\t\t\t\t<\/div>\n\t\t\t\t<\/div>\n\t\t\t\t\t<\/div>\n\t\t<\/div>\n\t\t\t\t\t<\/div>\n\t\t<\/section>\n\t\t\t\t<section class=\"elementor-section elementor-top-section elementor-element elementor-element-22a1164 elementor-section-boxed elementor-section-height-default elementor-section-height-default\" data-id=\"22a1164\" data-element_type=\"section\">\n\t\t\t\t\t\t<div class=\"elementor-container elementor-column-gap-default\">\n\t\t\t\t\t<div class=\"elementor-column elementor-col-100 elementor-top-column elementor-element elementor-element-3738628\" data-id=\"3738628\" data-element_type=\"column\">\n\t\t\t<div class=\"elementor-widget-wrap elementor-element-populated\">\n\t\t\t\t\t\t<section class=\"elementor-section elementor-inner-section elementor-element elementor-element-d055358 elementor-section-boxed elementor-section-height-default elementor-section-height-default\" data-id=\"d055358\" data-element_type=\"section\">\n\t\t\t\t\t\t<div class=\"elementor-container elementor-column-gap-default\">\n\t\t\t\t\t<div class=\"elementor-column elementor-col-100 elementor-inner-column elementor-element elementor-element-6e77611\" data-id=\"6e77611\" data-element_type=\"column\">\n\t\t\t<div class=\"elementor-widget-wrap elementor-element-populated\">\n\t\t\t\t\t\t<div class=\"elementor-element elementor-element-092e0d6 section-suptitle elementor-widget elementor-widget-heading\" data-id=\"092e0d6\" data-element_type=\"widget\" data-widget_type=\"heading.default\">\n\t\t\t\t<div class=\"elementor-widget-container\">\n\t\t\t\t\t<h6 class=\"elementor-heading-title elementor-size-default\">BLACK AND TAN PEARLS<\/h6>\t\t\t\t<\/div>\n\t\t\t\t<\/div>\n\t\t\t\t\t<\/div>\n\t\t<\/div>\n\t\t\t\t\t<\/div>\n\t\t<\/section>\n\t\t\t\t<section class=\"elementor-section elementor-inner-section elementor-element elementor-element-bff6520 elementor-section-boxed elementor-section-height-default elementor-section-height-default\" data-id=\"bff6520\" data-element_type=\"section\">\n\t\t\t\t\t\t<div class=\"elementor-container elementor-column-gap-default\">\n\t\t\t\t\t<div class=\"elementor-column elementor-col-100 elementor-inner-column elementor-element elementor-element-75cf0ef\" data-id=\"75cf0ef\" data-element_type=\"column\">\n\t\t\t<div class=\"elementor-widget-wrap elementor-element-populated\">\n\t\t\t\t\t\t<div class=\"elementor-element elementor-element-b1c9e9a elementor-widget elementor-widget-animated-headline\" data-id=\"b1c9e9a\" data-element_type=\"widget\" data-widget_type=\"animated-headline.default\">\n\t\t\t\t<div class=\"elementor-widget-container\">\n\t\t\t\t\t \t\t\t\t<\/div>\n\t\t\t\t<\/div>\n\t\t\t\t<div class=\"elementor-element elementor-element-a7da7ed elementor-widget elementor-widget-text-editor\" data-id=\"a7da7ed\" data-element_type=\"widget\" data-widget_type=\"text-editor.default\">\n\t\t\t\t<div class=\"elementor-widget-container\">\n\t\t\t\t\t\t\t\t\t<h2>Bienvenue chez Black And Tan Pearls, votre \u00e9levage de rottweilers de confiance offrant des services de sperme congel\u00e9.<\/h2><h2>Du sperme congel\u00e9 est disponible pour tous nos m\u00e2les, soigneusement collect\u00e9 et trait\u00e9 par des professionnels v\u00e9t\u00e9rinaires sp\u00e9cialis\u00e9s. Notre clinique v\u00e9t\u00e9rinaire sp\u00e9cialis\u00e9e assure la collecte et le traitement pour r\u00e9pondre aux plus hauts standards en mati\u00e8re d&rsquo;exp\u00e9dition internationale. Pour chaque chien, un test de spermogramme et une \u00e9valuation du sperme au microscope sont effectu\u00e9s avant la collecte afin de garantir la plus haute qualit\u00e9 du mat\u00e9riel g\u00e9n\u00e9tique.<\/h2><h2>La disponibilit\u00e9 de sperme congel\u00e9 pour l\u2019exp\u00e9dition dans le monde entier garantit que les \u00e9leveurs du monde entier peuvent b\u00e9n\u00e9ficier de nos lign\u00e9es exceptionnelles. Nous nous engageons \u00e0 garantir une manipulation s\u00fbre et efficace du sperme congel\u00e9, en r\u00e9pondant aux besoins et sp\u00e9cifications uniques de chaque programme de s\u00e9lection.<\/h2><h2>Notre sperme congel\u00e9 est disponible en doses simples, doubles ou en vrac, offrant ainsi aux \u00e9leveurs la possibilit\u00e9 de tirer le meilleur parti de leur investissement. Chaque envoi peut contenir jusqu&rsquo;\u00e0 10 doses et est transport\u00e9 dans des conditions s\u00fbres et rapides jusqu&rsquo;\u00e0 la clinique de votre choix.<\/h2>\t\t\t\t\t\t\t\t<\/div>\n\t\t\t\t<\/div>\n\t\t\t\t\t<\/div>\n\t\t<\/div>\n\t\t\t\t\t<\/div>\n\t\t<\/section>\n\t\t\t\t\t<\/div>\n\t\t<\/div>\n\t\t\t\t\t<\/div>\n\t\t<\/section>\n\t\t\t\t<section class=\"elementor-section elementor-top-section elementor-element elementor-element-3f07147 elementor-section-boxed elementor-section-height-default elementor-section-height-default\" data-id=\"3f07147\" data-element_type=\"section\">\n\t\t\t\t\t\t<div class=\"elementor-container elementor-column-gap-default\">\n\t\t\t\t\t<div class=\"elementor-column elementor-col-50 elementor-top-column elementor-element elementor-element-1b61d09\" data-id=\"1b61d09\" data-element_type=\"column\">\n\t\t\t<div class=\"elementor-widget-wrap elementor-element-populated\">\n\t\t\t\t\t\t<div class=\"elementor-element elementor-element-318b460 elementor-widget elementor-widget-video\" data-id=\"318b460\" data-element_type=\"widget\" data-settings=\"{&quot;video_type&quot;:&quot;hosted&quot;,&quot;autoplay&quot;:&quot;yes&quot;,&quot;play_on_mobile&quot;:&quot;yes&quot;,&quot;loop&quot;:&quot;yes&quot;}\" data-widget_type=\"video.default\">\n\t\t\t\t<div class=\"elementor-widget-container\">\n\t\t\t\t\t\t\t<div class=\"e-hosted-video elementor-wrapper elementor-open-inline\">\n\t\t\t\t\t<video class=\"elementor-video\" src=\"https:\/\/blackandtanpearls.com\/wp-content\/uploads\/2024\/03\/istockphoto-1283035987-640_adpp_is.mp4\" autoplay=\"\" loop=\"\" playsinline=\"\" controlsList=\"nodownload\"><\/video>\n\t\t\t\t<\/div>\n\t\t\t\t\t\t<\/div>\n\t\t\t\t<\/div>\n\t\t\t\t\t<\/div>\n\t\t<\/div>\n\t\t\t\t<div class=\"elementor-column elementor-col-50 elementor-top-column elementor-element elementor-element-bddcb03\" data-id=\"bddcb03\" data-element_type=\"column\">\n\t\t\t<div class=\"elementor-widget-wrap elementor-element-populated\">\n\t\t\t\t\t\t<div class=\"elementor-element elementor-element-be39a45 elementor-widget elementor-widget-video\" data-id=\"be39a45\" data-element_type=\"widget\" data-settings=\"{&quot;video_type&quot;:&quot;hosted&quot;,&quot;autoplay&quot;:&quot;yes&quot;,&quot;play_on_mobile&quot;:&quot;yes&quot;,&quot;loop&quot;:&quot;yes&quot;}\" data-widget_type=\"video.default\">\n\t\t\t\t<div class=\"elementor-widget-container\">\n\t\t\t\t\t\t\t<div class=\"e-hosted-video elementor-wrapper elementor-open-inline\">\n\t\t\t\t\t<video class=\"elementor-video\" src=\"https:\/\/blackandtanpearls.com\/wp-content\/uploads\/2024\/03\/istockphoto-1300461476-640_adpp_is-1.mp4\" autoplay=\"\" loop=\"\" playsinline=\"\" controlsList=\"nodownload\"><\/video>\n\t\t\t\t<\/div>\n\t\t\t\t\t\t<\/div>\n\t\t\t\t<\/div>\n\t\t\t\t\t<\/div>\n\t\t<\/div>\n\t\t\t\t\t<\/div>\n\t\t<\/section>\n\t\t\t\t<section class=\"elementor-section elementor-top-section elementor-element elementor-element-7a40150 elementor-section-boxed elementor-section-height-default elementor-section-height-default\" data-id=\"7a40150\" data-element_type=\"section\">\n\t\t\t\t\t\t<div class=\"elementor-container elementor-column-gap-default\">\n\t\t\t\t\t<div class=\"elementor-column elementor-col-100 elementor-top-column elementor-element elementor-element-117e9b5\" data-id=\"117e9b5\" data-element_type=\"column\">\n\t\t\t<div class=\"elementor-widget-wrap elementor-element-populated\">\n\t\t\t\t\t\t<div class=\"elementor-element elementor-element-fcb1b22 elementor-widget elementor-widget-text-editor\" data-id=\"fcb1b22\" data-element_type=\"widget\" data-widget_type=\"text-editor.default\">\n\t\t\t\t<div class=\"elementor-widget-container\">\n\t\t\t\t\t\t\t\t\t<h2>\u00a0<\/h2><h2>Pendant le transport, le sperme congel\u00e9 reste en s\u00e9curit\u00e9 dans la bo\u00eete de transport jusqu&rsquo;\u00e0 19 jours. Avant cela, le sperme congel\u00e9 doit \u00eatre conserv\u00e9 dans une banque sp\u00e9cialis\u00e9e et peut \u00eatre utilis\u00e9 autant d\u2019ann\u00e9es que n\u00e9cessaire, sans date de p\u00e9remption.<\/h2><h2>\u00a0<\/h2>\t\t\t\t\t\t\t\t<\/div>\n\t\t\t\t<\/div>\n\t\t\t\t\t<\/div>\n\t\t<\/div>\n\t\t\t\t\t<\/div>\n\t\t<\/section>\n\t\t\t\t<section class=\"elementor-section elementor-top-section elementor-element elementor-element-7d66c19 elementor-section-boxed elementor-section-height-default elementor-section-height-default\" data-id=\"7d66c19\" data-element_type=\"section\">\n\t\t\t\t\t\t<div class=\"elementor-container elementor-column-gap-default\">\n\t\t\t\t\t<div class=\"elementor-column elementor-col-33 elementor-top-column elementor-element elementor-element-6bb0d35\" data-id=\"6bb0d35\" data-element_type=\"column\">\n\t\t\t<div class=\"elementor-widget-wrap elementor-element-populated\">\n\t\t\t\t\t\t<div class=\"elementor-element elementor-element-9a463d9 elementor-widget elementor-widget-video\" data-id=\"9a463d9\" data-element_type=\"widget\" data-settings=\"{&quot;video_type&quot;:&quot;hosted&quot;,&quot;autoplay&quot;:&quot;yes&quot;,&quot;play_on_mobile&quot;:&quot;yes&quot;,&quot;loop&quot;:&quot;yes&quot;}\" data-widget_type=\"video.default\">\n\t\t\t\t<div class=\"elementor-widget-container\">\n\t\t\t\t\t\t\t<div class=\"e-hosted-video elementor-wrapper elementor-open-inline\">\n\t\t\t\t\t<video class=\"elementor-video\" src=\"https:\/\/blackandtanpearls.com\/wp-content\/uploads\/2024\/03\/istockphoto-1454302043-640_adpp_is.mp4\" autoplay=\"\" loop=\"\" playsinline=\"\" controlsList=\"nodownload\"><\/video>\n\t\t\t\t<\/div>\n\t\t\t\t\t\t<\/div>\n\t\t\t\t<\/div>\n\t\t\t\t\t<\/div>\n\t\t<\/div>\n\t\t\t\t<div class=\"elementor-column elementor-col-33 elementor-top-column elementor-element elementor-element-a658f23\" data-id=\"a658f23\" data-element_type=\"column\">\n\t\t\t<div class=\"elementor-widget-wrap elementor-element-populated\">\n\t\t\t\t\t\t<div class=\"elementor-element elementor-element-874d1c9 elementor-widget elementor-widget-video\" data-id=\"874d1c9\" data-element_type=\"widget\" data-settings=\"{&quot;video_type&quot;:&quot;hosted&quot;,&quot;autoplay&quot;:&quot;yes&quot;,&quot;play_on_mobile&quot;:&quot;yes&quot;,&quot;loop&quot;:&quot;yes&quot;}\" data-widget_type=\"video.default\">\n\t\t\t\t<div class=\"elementor-widget-container\">\n\t\t\t\t\t\t\t<div class=\"e-hosted-video elementor-wrapper elementor-open-inline\">\n\t\t\t\t\t<video class=\"elementor-video\" src=\"https:\/\/blackandtanpearls.com\/wp-content\/uploads\/2024\/03\/istockphoto-166621729-640_adpp_is.mp4\" autoplay=\"\" loop=\"\" playsinline=\"\" controlsList=\"nodownload\"><\/video>\n\t\t\t\t<\/div>\n\t\t\t\t\t\t<\/div>\n\t\t\t\t<\/div>\n\t\t\t\t\t<\/div>\n\t\t<\/div>\n\t\t\t\t<div class=\"elementor-column elementor-col-33 elementor-top-column elementor-element elementor-element-60f6e29\" data-id=\"60f6e29\" data-element_type=\"column\">\n\t\t\t<div class=\"elementor-widget-wrap elementor-element-populated\">\n\t\t\t\t\t\t<div class=\"elementor-element elementor-element-b694006 elementor-widget elementor-widget-video\" data-id=\"b694006\" data-element_type=\"widget\" data-settings=\"{&quot;video_type&quot;:&quot;hosted&quot;,&quot;autoplay&quot;:&quot;yes&quot;,&quot;play_on_mobile&quot;:&quot;yes&quot;,&quot;loop&quot;:&quot;yes&quot;}\" data-widget_type=\"video.default\">\n\t\t\t\t<div class=\"elementor-widget-container\">\n\t\t\t\t\t\t\t<div class=\"e-hosted-video elementor-wrapper elementor-open-inline\">\n\t\t\t\t\t<video class=\"elementor-video\" src=\"https:\/\/blackandtanpearls.com\/wp-content\/uploads\/2024\/03\/istockphoto-537492796-640_adpp_is-1.mp4\" autoplay=\"\" loop=\"\" playsinline=\"\" controlsList=\"nodownload\"><\/video>\n\t\t\t\t<\/div>\n\t\t\t\t\t\t<\/div>\n\t\t\t\t<\/div>\n\t\t\t\t\t<\/div>\n\t\t<\/div>\n\t\t\t\t\t<\/div>\n\t\t<\/section>\n\t\t\t\t<section class=\"elementor-section elementor-top-section elementor-element elementor-element-ce0915f elementor-section-boxed elementor-section-height-default elementor-section-height-default\" data-id=\"ce0915f\" data-element_type=\"section\">\n\t\t\t\t\t\t<div class=\"elementor-container elementor-column-gap-default\">\n\t\t\t\t\t<div class=\"elementor-column elementor-col-100 elementor-top-column elementor-element elementor-element-c031acc\" data-id=\"c031acc\" data-element_type=\"column\">\n\t\t\t<div class=\"elementor-widget-wrap elementor-element-populated\">\n\t\t\t\t\t\t<div class=\"elementor-element elementor-element-e1735e2 elementor-widget elementor-widget-text-editor\" data-id=\"e1735e2\" data-element_type=\"widget\" data-widget_type=\"text-editor.default\">\n\t\t\t\t<div class=\"elementor-widget-container\">\n\t\t\t\t\t\t\t\t\t<h2>Nous nous occupons de tous les documents n\u00e9cessaires et des licences d&rsquo;importation pour chaque pays, garantissant ainsi un processus transparent et sans tracas pour les \u00e9leveurs du monde entier.<\/h2><h2>Si vous souhaitez \u00e9largir et enrichir votre lign\u00e9e ou votre programme d&rsquo;\u00e9levage, nous vous invitons \u00e0 nous contacter pour plus de d\u00e9tails sur ce processus exceptionnel.<\/h2><h2>\u00a0<\/h2>\t\t\t\t\t\t\t\t<\/div>\n\t\t\t\t<\/div>\n\t\t\t\t\t<\/div>\n\t\t<\/div>\n\t\t\t\t\t<\/div>\n\t\t<\/section>\n\t\t\t\t<section class=\"elementor-section elementor-top-section elementor-element elementor-element-5d5b7a3 elementor-section-boxed elementor-section-height-default elementor-section-height-default\" data-id=\"5d5b7a3\" data-element_type=\"section\">\n\t\t\t\t\t\t<div class=\"elementor-container elementor-column-gap-default\">\n\t\t\t\t\t<div class=\"elementor-column elementor-col-100 elementor-top-column elementor-element elementor-element-817a4a6\" data-id=\"817a4a6\" data-element_type=\"column\">\n\t\t\t<div class=\"elementor-widget-wrap elementor-element-populated\">\n\t\t\t\t\t\t<div class=\"elementor-element elementor-element-b5dc3fb elementor-widget elementor-widget-call-to-action\" data-id=\"b5dc3fb\" data-element_type=\"widget\" data-widget_type=\"call-to-action.default\">\n\t\t\t\t<div class=\"elementor-widget-container\">\n\t\t\t\t\t \t\t\t\t<\/div>\n\t\t\t\t<\/div>\n\t\t\t\t\t<\/div>\n\t\t<\/div>\n\t\t\t\t\t<\/div>\n\t\t<\/section>\n\t\t\t\t<section class=\"elementor-section elementor-top-section elementor-element elementor-element-654cda1 elementor-section-boxed elementor-section-height-default elementor-section-height-default\" data-id=\"654cda1\" data-element_type=\"section\">\n\t\t\t\t\t\t<div class=\"elementor-container elementor-column-gap-default\">\n\t\t\t\t\t<div class=\"elementor-column elementor-col-100 elementor-top-column elementor-element elementor-element-066d4cf\" data-id=\"066d4cf\" data-element_type=\"column\">\n\t\t\t<div class=\"elementor-widget-wrap elementor-element-populated\">\n\t\t\t\t\t\t<div class=\"elementor-element elementor-element-7856b8d elementor-widget elementor-widget-spacer\" data-id=\"7856b8d\" data-element_type=\"widget\" data-widget_type=\"spacer.default\">\n\t\t\t\t<div class=\"elementor-widget-container\">\n\t\t\t\t\t\t\t<div class=\"elementor-spacer\">\n\t\t\t<div class=\"elementor-spacer-inner\"><\/div>\n\t\t<\/div>\n\t\t\t\t\t\t<\/div>\n\t\t\t\t<\/div>\n\t\t\t\t\t<\/div>\n\t\t<\/div>\n\t\t\t\t\t<\/div>\n\t\t<\/section>\n\t\t\t\t<\/div>\n\t\t","protected":false},"excerpt":{"rendered":"<p>SPERME CONGEL\u00c9 BLACK AND TAN PEARLS SPERME CONGEL\u00c9 Bienvenue chez Black And Tan Pearls, votre \u00e9levage de rottweilers de confiance offrant des services de sperme congel\u00e9. Du sperme congel\u00e9 est disponible pour tous nos m\u00e2les, soigneusement collect\u00e9 et trait\u00e9 par des professionnels v\u00e9t\u00e9rinaires sp\u00e9cialis\u00e9s. Notre clinique v\u00e9t\u00e9rinaire sp\u00e9cialis\u00e9e assure la collecte et le traitement pour [&hellip;]<\/p>\n","protected":false},"author":21,"featured_media":0,"parent":0,"menu_order":0,"comment_status":"closed","ping_status":"closed","template":"elementor_header_footer","meta":{"footnotes":""},"class_list":["post-9067","page","type-page","status-publish","hentry"],"acf":[],"_links":{"self":[{"href":"https:\/\/blackandtanpearls.com\/fr\/wp-json\/wp\/v2\/pages\/9067","targetHints":{"allow":["GET"]}}],"collection":[{"href":"https:\/\/blackandtanpearls.com\/fr\/wp-json\/wp\/v2\/pages"}],"about":[{"href":"https:\/\/blackandtanpearls.com\/fr\/wp-json\/wp\/v2\/types\/page"}],"author":[{"embeddable":true,"href":"https:\/\/blackandtanpearls.com\/fr\/wp-json\/wp\/v2\/users\/21"}],"replies":[{"embeddable":true,"href":"https:\/\/blackandtanpearls.com\/fr\/wp-json\/wp\/v2\/comments?post=9067"}],"version-history":[{"count":24,"href":"https:\/\/blackandtanpearls.com\/fr\/wp-json\/wp\/v2\/pages\/9067\/revisions"}],"predecessor-version":[{"id":9454,"href":"https:\/\/blackandtanpearls.com\/fr\/wp-json\/wp\/v2\/pages\/9067\/revisions\/9454"}],"wp:attachment":[{"href":"https:\/\/blackandtanpearls.com\/fr\/wp-json\/wp\/v2\/media?parent=9067"}],"curies":[{"name":"wp","href":"https:\/\/api.w.org\/{rel}","templated":true}]}}