{"id":24189,"date":"2026-01-29T13:48:47","date_gmt":"2026-01-29T13:48:47","guid":{"rendered":"https:\/\/blackandtanpearls.com\/product\/acompte-pour-les-portees-futures\/"},"modified":"2026-01-31T15:52:20","modified_gmt":"2026-01-31T15:52:20","slug":"acompte-pour-les-portees-futures","status":"publish","type":"product","link":"https:\/\/blackandtanpearls.com\/fr\/produit\/acompte-pour-les-portees-futures\/","title":{"rendered":"Acompte pour les port\u00e9es futures"},"content":{"rendered":"<p>En achetant ce produit, vous versez un acompte de 500 EUR (ou le montant \u00e9quivalent dans la devise de votre choix) <\/span>pour un chiot d&rsquo;une future port\u00e9e dans les 12 mois \u00e0 venir.  <\/p>\r\n\r\n<p>Cet acompte vous permet de conserver votre r\u00e9servation pendant une ann\u00e9e enti\u00e8re, ce qui vous donne un acc\u00e8s anticip\u00e9 et une s\u00e9lection prioritaire.<\/p>\r\n\r\n<p><strong>Ce que ce d\u00e9p\u00f4t comprend :<\/strong><\/p>\r\n\r\n&#8211; 500 EUR (ou le montant \u00e9quivalent dans la devise que vous avez choisie) d&rsquo;arrhes r\u00e9serv\u00e9s pour un chiot<\/br>\r\n\r\n&#8211; R\u00e9servation valable 1 an (12 mois)<\/br>\r\n\r\n&#8211; Vous serez parmi les premiers \u00e0 \u00eatre inform\u00e9s des prochaines port\u00e9es.<\/br>\r\n\r\n&#8211; Vous avez le droit de choisir votre liti\u00e8re pr\u00e9f\u00e9r\u00e9e au cours de la p\u00e9riode de 12 mois.<\/br>\r\n\r\n&#8211; Communication et soutien prioritaires tout au long de votre p\u00e9riode d&rsquo;attente<\/br>\r\n\r\n<p><strong>Avantage d&rsquo;une tarification sp\u00e9ciale (bloqu\u00e9e) :<\/strong><\/p>\r\n\r\n<p>En versant votre acompte de cette mani\u00e8re, vous vous assurez le prix du chiot \u00e0.. :<\/p>\r\n\r\n<p>3000 EUR par chiot (ou l&rsquo;\u00e9quivalent dans la devise choisie) + frais d&rsquo;exp\u00e9dition<\/span><span> <\/span><span>(les frais de port d\u00e9pendent de votre localisation)<p>\r\n\r\n<p>Veuillez noter que le prix des chiots r\u00e9serv\u00e9s s\u00e9par\u00e9ment peut augmenter tout au long de l&rsquo;ann\u00e9e, mais en versant cet acompte pour une future port\u00e9e, le prix de votre chiot est garanti\/verrouill\u00e9 pendant votre p\u00e9riode de r\u00e9servation de 12 mois.<\/p>\r\n\r\n<p><strong>D\u00e9p\u00f4t de garantie (important) :<\/strong><\/p>\r\n\r\n<p>Votre acompte de 500 EUR est d\u00e9duit du prix total du chiot.<\/p>\r\n\r\n<p>En d&rsquo;autres termes :<\/p>\r\n\r\n3000 EUR prix total du chiot<\/br>\r\n\r\n&#8211; D\u00e9p\u00f4t de 500 EUR<\/br>\r\n\r\n= 2500 EUR de solde restant<\/span><span> <\/span><span>(+ frais de port)<\/br>\r\n\r\n<p><strong>Exp\u00e9dition<p><strong>\r\n\r\n<p>Les frais d&rsquo;exp\u00e9dition d\u00e9pendent de la localisation du client.<\/p>\r\n\r\n<p>N&rsquo;h\u00e9sitez pas \u00e0 nous contacter en indiquant votre pays, et nous vous fournirons rapidement un devis d&rsquo;exp\u00e9dition exact.<\/p>\r\n\r\n<p>Nous offrons des services d&rsquo;exp\u00e9dition dans le monde entier.<\/p>\r\n\r\n<p><strong>Politique de d\u00e9p\u00f4t et conditions<\/strong><\/p>\r\n\r\n<p>D\u00e9p\u00f4t non remboursable<\/p>\r\n\r\n<p>Le d\u00e9p\u00f4t n&rsquo;est pas remboursable par le client.<\/p>\r\n\r\n<p>Only Black And Tan Pearls se r\u00e9serve le droit d&rsquo;annuler la r\u00e9servation\/commande et de proc\u00e9der \u00e0 un remboursement int\u00e9gral, pour quelque raison que ce soit.<\/p>\r\n\r\n<p>Cette politique existe parce que les chiots sont tr\u00e8s d\u00e9licats et aim\u00e9s, et notre priorit\u00e9 est toujours d&rsquo;assurer que chaque chiot aille dans le meilleur foyer et la meilleure vie possible.<\/p>\r\n\r\n<p><strong>Option de remboursement uniquement si aucun chiot n&rsquo;est disponible<\/strong><\/p>\r\n\r\n<p>Si Black And Tan Pearls n&rsquo;a pas de place disponible pour le client pendant la p\u00e9riode de r\u00e9servation de 12 mois, le client peut choisir l&rsquo;une des options suivantes :<\/p>\r\n\r\n-Demander un remboursement int\u00e9gral<\/br>\r\n\r\n<p>OU<\/p>\r\n\r\n&#8211; Renouveler la r\u00e9servation pour l&rsquo;ann\u00e9e suivante (sans frais suppl\u00e9mentaires)<\/br>\r\n\r\n<p><strong>Expiration du d\u00e9p\u00f4t<\/strong><\/p>\r\n\r\n<p>Si le client ne choisit pas de chiot au cours de la p\u00e9riode de 12 mois, le d\u00e9p\u00f4t expirera et ne sera plus utilisable.<\/p>\r\n\r\n<p><strong>Ordre de pr\u00e9l\u00e8vement \/ S\u00e9lection des chiots<\/strong><\/p>\r\n\r\n<p>Une fois que le client a d\u00e9cid\u00e9 de la port\u00e9e dans laquelle il souhaite choisir un chiot, Black &amp; Tan Pearls l&rsquo;informe du nombre de places d\u00e9j\u00e0 r\u00e9serv\u00e9es pour cette port\u00e9e.<\/p>\r\n\r\n<p>Cela d\u00e9termine l&rsquo;ordre de pr\u00e9l\u00e8vement et la priorit\u00e9 de s\u00e9lection du client pour cette liti\u00e8re.<\/p>\r\n\r\n<p><strong>Apr\u00e8s l&rsquo;achat<\/strong><\/p>\r\n\r\n<p>Une fois votre acompte vers\u00e9 et le paiement effectu\u00e9, nous vous contacterons personnellement pour recueillir toutes les informations suppl\u00e9mentaires n\u00e9cessaires et confirmer vos pr\u00e9f\u00e9rences. Nous resterons en contact tout au long de l&rsquo;ann\u00e9e et vous tiendrons parmi les premiers inform\u00e9s des futures port\u00e9es et des disponibilit\u00e9s. <\/p>\r\n\r\n<p>Parfois, vous vous sentez pr\u00eat dans votre c\u0153ur&#8230; m\u00eame si le moment n&rsquo;est pas encore parfait. Si vous avez pens\u00e9 \u00e0 un chiot mais que vous attendez le \u00ab\u00a0bon moment\u00a0\u00bb, il s&rsquo;agit peut-\u00eatre d&rsquo;un signe de l&rsquo;univers, d&rsquo;une volont\u00e9 de r\u00e9server votre futur membre de la famille en attendant que tout se mette en place. <\/p>\r\n\r\n&nbsp;\r\n\r\n&nbsp;","protected":false},"excerpt":{"rendered":"<p>Vous ne savez pas exactement quand le moment sera venu d&rsquo;accueillir un chiot Black And Tan Pearls dans votre vie, mais vous savez que vous en voulez un dans un avenir proche ?<\/p>\n<p>Cet acompte garantit votre place sur notre liste d&rsquo;attente pour les prochains litres pendant les 12 prochains mois.<\/p>\n<p>C&rsquo;est le meilleur moyen de vous assurer une place dans la file d&rsquo;attente et de commencer votre voyage avec nous.<\/p>\n","protected":false},"featured_media":24234,"template":"","meta":[],"product_brand":[],"product_cat":[213],"product_tag":[],"class_list":{"0":"post-24189","1":"product","2":"type-product","3":"status-publish","4":"has-post-thumbnail","6":"product_cat-futures-portees","8":"first","9":"instock","10":"virtual","11":"purchasable","12":"product-type-simple"},"acf":[],"_links":{"self":[{"href":"https:\/\/blackandtanpearls.com\/fr\/wp-json\/wp\/v2\/product\/24189","targetHints":{"allow":["GET"]}}],"collection":[{"href":"https:\/\/blackandtanpearls.com\/fr\/wp-json\/wp\/v2\/product"}],"about":[{"href":"https:\/\/blackandtanpearls.com\/fr\/wp-json\/wp\/v2\/types\/product"}],"wp:featuredmedia":[{"embeddable":true,"href":"https:\/\/blackandtanpearls.com\/fr\/wp-json\/wp\/v2\/media\/24234"}],"wp:attachment":[{"href":"https:\/\/blackandtanpearls.com\/fr\/wp-json\/wp\/v2\/media?parent=24189"}],"wp:term":[{"taxonomy":"product_brand","embeddable":true,"href":"https:\/\/blackandtanpearls.com\/fr\/wp-json\/wp\/v2\/product_brand?post=24189"},{"taxonomy":"product_cat","embeddable":true,"href":"https:\/\/blackandtanpearls.com\/fr\/wp-json\/wp\/v2\/product_cat?post=24189"},{"taxonomy":"product_tag","embeddable":true,"href":"https:\/\/blackandtanpearls.com\/fr\/wp-json\/wp\/v2\/product_tag?post=24189"}],"curies":[{"name":"wp","href":"https:\/\/api.w.org\/{rel}","templated":true}]}}