{"id":2844,"date":"2022-04-29T02:49:49","date_gmt":"2022-04-29T02:49:49","guid":{"rendered":"https:\/\/blackandtanpearls.w3lab.dev\/about-us\/"},"modified":"2024-08-25T21:03:41","modified_gmt":"2024-08-25T21:03:41","slug":"chi-siamo","status":"publish","type":"page","link":"https:\/\/blackandtanpearls.com\/it\/chi-siamo\/","title":{"rendered":"Chi Siamo"},"content":{"rendered":"\t\t<div data-elementor-type=\"wp-page\" data-elementor-id=\"2844\" class=\"elementor elementor-2844 elementor-76\">\n\t\t\t\t\t\t<section class=\"elementor-section elementor-top-section elementor-element elementor-element-a5ea5a6 elementor-section-full_width elementor-section-height-default elementor-section-height-default\" data-id=\"a5ea5a6\" data-element_type=\"section\">\n\t\t\t\t\t\t<div class=\"elementor-container elementor-column-gap-no\">\n\t\t\t\t\t<div class=\"elementor-column elementor-col-100 elementor-top-column elementor-element elementor-element-40a22b6\" data-id=\"40a22b6\" data-element_type=\"column\">\n\t\t\t<div class=\"elementor-widget-wrap elementor-element-populated\">\n\t\t\t\t\t\t<div class=\"elementor-element elementor-element-0790f65 elementor-align-left elementor-widget elementor-widget-pages-banner\" data-id=\"0790f65\" data-element_type=\"widget\" data-widget_type=\"pages-banner.default\">\n\t\t\t\t<div class=\"elementor-widget-container\">\n\t\t\t\t\t\r\n\t\t\t\t<div class=\"banner-header section-padding valign bg-img bg-fixed\" data-overlay-dark=\"4\" data-background=\"https:\/\/blackandtanpearls.com\/wp-content\/uploads\/2024\/01\/IMG_0412.jpeg\">\r\n\t\t\t\t\t<div class=\"container\">\r\n\t\t\t\t<div class=\"row\">\r\n\t\t\t\t\t<div class=\"col-md-12 caption mt-90\">\r\n\t\t\t\t\t\t\t\t\t\t\t\t\t\t\t\t\t\t<h1>Chi siamo<\/h1>\r\n\t\t\t\t\t\t\t\t\t\t\t<\/div>\r\n\t\t\t\t<\/div>\r\n\t\t\t<\/div>\r\n\t\t<\/div>\r\n\r\n\t\t\t\t\t<\/div>\n\t\t\t\t<\/div>\n\t\t\t\t\t<\/div>\n\t\t<\/div>\n\t\t\t\t\t<\/div>\n\t\t<\/section>\n\t\t\t\t<section class=\"elementor-section elementor-top-section elementor-element elementor-element-87591f9 elementor-section-full_width elementor-section-height-default elementor-section-height-default\" data-id=\"87591f9\" data-element_type=\"section\">\n\t\t\t\t\t\t<div class=\"elementor-container elementor-column-gap-no\">\n\t\t\t\t\t<div class=\"elementor-column elementor-col-100 elementor-top-column elementor-element elementor-element-a01a421\" data-id=\"a01a421\" data-element_type=\"column\">\n\t\t\t<div class=\"elementor-widget-wrap elementor-element-populated\">\n\t\t\t\t\t\t<div class=\"elementor-element elementor-element-cfcb09d elementor-align-left home-about-top elementor-widget elementor-widget-home-about\" data-id=\"cfcb09d\" data-element_type=\"widget\" data-widget_type=\"home-about.default\">\n\t\t\t\t<div class=\"elementor-widget-container\">\n\t\t\t\t\t\r\n\t\t<section class=\"about section-padding\">\r\n\t\t\t<h2 style=\"display: none!important;\">The Cappa<\/h2>\r\n\t\t\t<div class=\"container\">\r\n\t\t\t\t<div class=\"row\">\r\n\t\t\t\t\t<div class=\"col-md-6 mb-30 animate-box\" data-animate-effect=\"fadeInUp\">\r\n\t\t\t\t\t\t<span>\r\n\t\t\t\t\t\t\t\t\t\t\t\t\t\t\t<i class=\"star-rating\"><\/i>\r\n\t\t\t\t\t\t\t\t<i class=\"star-rating\"><\/i>\r\n\t\t\t\t\t\t\t\t<i class=\"star-rating\"><\/i>\r\n\t\t\t\t\t\t\t\t<i class=\"star-rating\"><\/i>\r\n\t\t\t\t\t\t\t\t<i class=\"star-rating\"><\/i>\r\n\t\t\t\t\t\t\t\t\t\t\t\t\t<\/span>\r\n\t\t\t\t\t\t\t\t\t\t\t\t<div class=\"section-subtitle\">Allevamento professionale di Rottweiler<\/div>\r\n\t\t\t\t\t\t\t\t\t\t\t\t\t\t\t\t\t\t<div class=\"section-title\">Black and Tan Pearls <\/div>\r\n\t\t\t\t\t\t\t\t\t\t\t\t\t\t\t\t\t\t<p>Benvenuti a Black And Tan Pearls, un allevamento professionale di Rottweiler con sede in Serbia. Fondato nel 2016 da Jovana Gavrilovic, il nostro allevamento si concentra sull'allevamento di Rottweiler di alta qualit\u00e0 e offre seme congelato per la spedizione in tutto il mondo.\n <\/p>\n\n<p>Siamo molto orgogliosi del nostro programma di allevamento, che \u00e8 dedicato alla produzione di Rottweiler che eccellono in conformazione, temperamento e salute. I nostri cani provengono dalle migliori linee di sangue europee e rispettiamo lo standard di razza FCI. A Black And Tan Pearls, diamo priorit\u00e0 al benessere e alla felicit\u00e0 dei nostri cani, assicurandoci che ricevano le migliori cure e socializzazione.<\/p>\n\n<p>Il nostro amore e la nostra passione per i Rottweiler ci spingono a migliorare e far evolvere costantemente le nostre pratiche di allevamento per creare cani che non solo soddisfano, ma superano le vostre aspettative.<\/p>\n\n\n<p>Per ulteriori informazioni o per saperne di pi\u00f9 sul nostro programma di allevamento di Rottweiler e sui servizi di seme congelato, non esitate a contattare il nostro team. <\/p>\t\t\t\t\t\t\t\t\t\t\t\t<!-- call -->\r\n\t\t\t\t\t\t\t\t\t\t\t\t<div class=\"reservations\">\r\n\t\t\t\t\t\t\t<div class=\"icon\"><span class=\"flaticon-call\"><\/span><\/div>\r\n\t\t\t\t\t\t\t<div class=\"text\">\r\n\t\t\t\t\t\t\t\t+381628437411\t\t\t\t\t\t\t<\/div>\r\n\t\t\t\t\t\t<\/div>\r\n\t\t\t\t\t\t\t\t\t\t\t<\/div>\r\n\t\t\t\t\t\t\t\t\t\t<div class=\"col col-md-3 animate-box\" data-animate-effect=\"fadeInUp\">\r\n\t\t\t\t\t\t<img decoding=\"async\" src=\"https:\/\/blackandtanpearls.com\/wp-content\/uploads\/2024\/07\/851033F2-67B5-4E47-B864-976A4271CD04.jpeg\" alt=\"\" class=\"mt-90 mb-30\">\r\n\t\t\t\t\t<\/div>\r\n\t\t\t\t\t\t\t\t\t\t\t\t\t\t\t<div class=\"col col-md-3 animate-box\" data-animate-effect=\"fadeInUp\">\r\n\t\t\t\t\t\t<img decoding=\"async\" src=\"https:\/\/blackandtanpearls.com\/wp-content\/uploads\/2024\/07\/A313E7BE-EB3C-44F9-A7D9-2E846A1203D6.jpeg\" alt=\"\">\r\n\t\t\t\t\t<\/div>\r\n\t\t\t\t\t\t\t\t\t<\/div>\r\n\t\t\t<\/div>\r\n\t\t<\/section>\r\n\r\n\t\t\t\t\t<\/div>\n\t\t\t\t<\/div>\n\t\t\t\t\t<\/div>\n\t\t<\/div>\n\t\t\t\t\t<\/div>\n\t\t<\/section>\n\t\t\t\t<section class=\"elementor-section elementor-top-section elementor-element elementor-element-e2c593a elementor-section-full_width elementor-section-height-default elementor-section-height-default\" data-id=\"e2c593a\" data-element_type=\"section\">\n\t\t\t\t\t\t<div class=\"elementor-container elementor-column-gap-no\">\n\t\t\t\t\t<div class=\"elementor-column elementor-col-100 elementor-top-column elementor-element elementor-element-f1c465e\" data-id=\"f1c465e\" data-element_type=\"column\" data-settings=\"{&quot;background_background&quot;:&quot;slideshow&quot;,&quot;background_slideshow_gallery&quot;:[],&quot;background_slideshow_loop&quot;:&quot;yes&quot;,&quot;background_slideshow_slide_duration&quot;:5000,&quot;background_slideshow_slide_transition&quot;:&quot;fade&quot;,&quot;background_slideshow_transition_duration&quot;:500}\">\n\t\t\t<div class=\"elementor-widget-wrap elementor-element-populated\">\n\t\t\t\t\t\t<div class=\"elementor-element elementor-element-91b125f elementor-align-left e-transform e-transform e-transform elementor-widget elementor-widget-home-pricing\" data-id=\"91b125f\" data-element_type=\"widget\" data-settings=\"{&quot;_transform_rotateZ_effect&quot;:{&quot;unit&quot;:&quot;px&quot;,&quot;size&quot;:&quot;&quot;,&quot;sizes&quot;:[]},&quot;_transform_rotateZ_effect_tablet&quot;:{&quot;unit&quot;:&quot;deg&quot;,&quot;size&quot;:&quot;&quot;,&quot;sizes&quot;:[]},&quot;_transform_rotateZ_effect_mobile&quot;:{&quot;unit&quot;:&quot;deg&quot;,&quot;size&quot;:&quot;&quot;,&quot;sizes&quot;:[]},&quot;_transform_translateX_effect&quot;:{&quot;unit&quot;:&quot;px&quot;,&quot;size&quot;:&quot;&quot;,&quot;sizes&quot;:[]},&quot;_transform_translateX_effect_tablet&quot;:{&quot;unit&quot;:&quot;px&quot;,&quot;size&quot;:&quot;&quot;,&quot;sizes&quot;:[]},&quot;_transform_translateX_effect_mobile&quot;:{&quot;unit&quot;:&quot;px&quot;,&quot;size&quot;:&quot;&quot;,&quot;sizes&quot;:[]},&quot;_transform_translateY_effect&quot;:{&quot;unit&quot;:&quot;px&quot;,&quot;size&quot;:&quot;&quot;,&quot;sizes&quot;:[]},&quot;_transform_translateY_effect_tablet&quot;:{&quot;unit&quot;:&quot;px&quot;,&quot;size&quot;:&quot;&quot;,&quot;sizes&quot;:[]},&quot;_transform_translateY_effect_mobile&quot;:{&quot;unit&quot;:&quot;px&quot;,&quot;size&quot;:&quot;&quot;,&quot;sizes&quot;:[]},&quot;_transform_scaleX_effect&quot;:{&quot;unit&quot;:&quot;px&quot;,&quot;size&quot;:&quot;&quot;,&quot;sizes&quot;:[]},&quot;_transform_scaleX_effect_tablet&quot;:{&quot;unit&quot;:&quot;px&quot;,&quot;size&quot;:&quot;&quot;,&quot;sizes&quot;:[]},&quot;_transform_scaleX_effect_mobile&quot;:{&quot;unit&quot;:&quot;px&quot;,&quot;size&quot;:&quot;&quot;,&quot;sizes&quot;:[]},&quot;_transform_scaleY_effect&quot;:{&quot;unit&quot;:&quot;px&quot;,&quot;size&quot;:&quot;&quot;,&quot;sizes&quot;:[]},&quot;_transform_scaleY_effect_tablet&quot;:{&quot;unit&quot;:&quot;px&quot;,&quot;size&quot;:&quot;&quot;,&quot;sizes&quot;:[]},&quot;_transform_scaleY_effect_mobile&quot;:{&quot;unit&quot;:&quot;px&quot;,&quot;size&quot;:&quot;&quot;,&quot;sizes&quot;:[]}}\" data-widget_type=\"home-pricing.default\">\n\t\t\t\t<div class=\"elementor-widget-container\">\n\t\t\t\t\t\n\t\t\t\t<section class=\"pricing section-padding bg-black\">\n\t\t\t \n\t\t\t<h2 style=\"display: none!important;\">The Cappa<\/h2>\n\t\t\t<div class=\"container\">\n\t\t\t\t<div class=\"row\">\n\t\t\t\t\t<div class=\"col-md-4\">\n\t\t\t\t\t\t\t\t\t\t\t\t<div class=\"section-subtitle\"><span>Black And Tan Pearls<\/span><\/div>\n\t\t\t\t\t\t\t\t\t\t\t\t\t\t\t\t\t\t<div class=\"section-title\"><span>Jovana Gavrilovic Fondatrice e CEO<\/span><\/div>\n\t\t\t\t\t\t\t\t\t\t\t\t\t\t\t\t\t\t<p class=\"color-5\">Ciao, mi chiamo Jovana Gavrilovic, sono un'allevatrice di Rottweiler, fondatrice e CEO di Black N Tan Pearls! Per me allevare Rottweiler \u00e8 puro amore e passione. I miei cani non sono solo animali domestici, sono membri della mia famiglia e li amo pi\u00f9 di ogni altra cosa al mondo.<\/p>\n\n<p class=\"color-5\">Tutto ci\u00f2 che vedi qui \u00e8 il risultato dell'amore! Per me, l'amore \u00e8 la forza trainante dietro tutto ci\u00f2 che faccio. I miei cani sono la mia energia, il mio potere, il mio posto sicuro, la mia casa e i miei migliori amici. Mi ispirano a essere la persona migliore che posso essere, come sono ai loro occhi. \u00c8 difficile da esprimere a parole!<\/p>\n\n<p class=\"color-5\">La mia pi\u00f9 grande gioia \u00e8 vedere i miei cani felici e in salute con le loro nuove famiglie. Mi d\u00e0 una felicit\u00e0 immensa vedere i loro volti felici, viziati e amati. Non c'\u00e8 niente che scambierei per questo. Sapere che i miei Rottweiler portano gioia e amore nelle loro nuove case \u00e8 la pi\u00f9 grande ricompensa per me come allevatore.<\/p>\t\t\t\t\t\t\t\t\t\t\t\t\t\t\t\t\t\t<div class=\"reservations mb-30\">\n\t\t\t\t\t\t\t<div class=\"icon\"><span class=\"flaticon-call\"><\/span><\/div>\n\t\t\t\t\t\t\t<div class=\"text\">\n\t\t\t\t\t\t\t\t<p class=\"color-2\">Per maggiori informazioni, non esitare a contattarci!<\/p> <a href=\"tel:+381628437411\">+381 62 8437411<\/a>\t\t\t\t\t\t\t<\/div>\n\t\t\t\t\t\t<\/div>\n\t\t\t\t\t\t\t\t\t\t\t<\/div>\n\t\t\t\t\t<div class=\"col-md-8\">\n\t\t\t\t\t\t<div class=\"owl-carousel owl-theme\">\n\t\t\t\t\t\t\t\t\t\t\t\t\t\t\t<div class=\"pricing-card\">\n\t\t\t\t\t\t\t\t\t\t\t\t\t\t\t\t\t\t<img decoding=\"async\" src=\"https:\/\/blackandtanpearls.com\/wp-content\/uploads\/2024\/07\/5B5608E5-E418-45BF-ACE0-1D5472FA56B4.jpeg\" alt=\"\">\n\t\t\t\t\t\t\t\t\t\t\t\t\t\t\t\t\t\t<div class=\"desc\">\n\t\t\t\t\t\t\t\t\t\t\t\t\t\t\t\t\t\t\t\t<div class=\"name\">TUTTI I NOSTRI CANI SONO SOTTOPOSTI A CONTROLLI SANITARI<\/div>\n\t\t\t\t\t\t\t\t\t\t\t\t\t\t\t\t\t\t\t\t\t\t\t\t\t\t\t\t\t\t\t\t\t\t\t\t\t\t\t\t<ul class=\"list-unstyled list\">\n\t\t\t\t\t\t\t\t\t\t\t\n<li><i class=\"ti-check\"><\/i>Per ogni cane vengono controllati HD (Displasia dell'anca) ed ED (Displasia del gomito)<\/li>\n<li><i class=\"ti-check\"><\/i>Viene inoltre controllato JLPP (Paralisi Laringea Giovanile e Polineuropatia)<\/li>\n<li><i class=\"ti-check\"><\/i>Inoltre, tutti i cani sono sottoposti a controlli regolari due volte all'anno<\/li>\n\t\t\t\t\t\t\t\t\t\t<\/ul>\n\t\t\t\t\t\t\t\t\t\t\t\t\t\t\t\t\t\t\t<\/div>\n\t\t\t\t\t\t\t\t<\/div>\n\t\t\t\t\t\t\t\t\t\t\t\t\t\t\t<div class=\"pricing-card\">\n\t\t\t\t\t\t\t\t\t\t\t\t\t\t\t\t\t\t<img decoding=\"async\" src=\"https:\/\/blackandtanpearls.com\/wp-content\/uploads\/2024\/07\/1A375F7B-498D-4148-A384-995058C49C21.jpeg\" alt=\"\">\n\t\t\t\t\t\t\t\t\t\t\t\t\t\t\t\t\t\t<div class=\"desc\">\n\t\t\t\t\t\t\t\t\t\t\t\t\t\t\t\t\t\t\t\t<div class=\"name\">TUTTI I NOSTRI CUCCIOLI VIAGGIANO COMPLETAMENTE VACCINATI<\/div>\n\t\t\t\t\t\t\t\t\t\t\t\t\t\t\t\t\t\t\t\t\t\t\t\t\t\t\t\t\t\t\t\t\t\t\t\t\t\t\t\t<ul class=\"list-unstyled list\">\n\t\t\t\t\t\t\t\t\t\t\t<li><i class=\"ti-check\"><\/i>Ricevono 3 vaccini contro i virus (successivamente si raccomandano i richiami una volta all'anno)<\/li>\n<li><i class=\"ti-check\"><\/i>1 vaccino contro la rabbia (la rivaccinazione \u00e8 raccomandata una volta all'anno, a seconda delle normative di ciascun paese)<\/li>\n<li><i class=\"ti-check\"><\/i>Ogni cucciolo viene regolarmente sverminato<\/li>\n\t\t\t\t\t\t\t\t\t\t<\/ul>\n\t\t\t\t\t\t\t\t\t\t\t\t\t\t\t\t\t\t\t<\/div>\n\t\t\t\t\t\t\t\t<\/div>\n\t\t\t\t\t\t\t\t\t\t\t\t\t\t\t<div class=\"pricing-card\">\n\t\t\t\t\t\t\t\t\t\t\t\t\t\t\t\t\t\t<img decoding=\"async\" src=\"https:\/\/blackandtanpearls.com\/wp-content\/uploads\/2024\/07\/B08CDE20-0B5F-4D8E-8E10-886C50FD409C.jpeg\" alt=\"\">\n\t\t\t\t\t\t\t\t\t\t\t\t\t\t\t\t\t\t<div class=\"desc\">\n\t\t\t\t\t\t\t\t\t\t\t\t\t\t\t\t\t\t\t\t<div class=\"name\">SOCIALIZZAZIONE E ADDESTRAMENTO PRECOCE<\/div>\n\t\t\t\t\t\t\t\t\t\t\t\t\t\t\t\t\t\t\t\t\t\t\t\t\t\t\t\t\t\t\t\t\t\t\t\t\t\t\t\t<ul class=\"list-unstyled list\">\n\t\t\t\t\t\t\t\t\t\t\t<li><i class=\"ti-check\"><\/i>Ogni cucciolo \u00e8 addestrato a fare i bisogni<\/li>\n<li><i class=\"ti-check\"><\/i>Tutti i nostri cuccioli vivono dentro casa, quindi sono abituati alle cose e sono molto a loro agio. Non distruggono nulla intorno a loro<\/li>\n<li><i class=\"ti-check\"><\/i>Sono socializzati con persone, suoni, bambini e altri animali<\/li>\n<li><i class=\"ti-check\"><\/i>Anche se non sono completamente vaccinati in giovane et\u00e0 e non possono uscire per una passeggiata, sono familiari con collari, pettorine e guinzagli. Facciamo pratica con loro nel nostro giardino<\/li>\n\t\t\t\t\t\t\t\t\t\t<\/ul>\n\t\t\t\t\t\t\t\t\t\t\t\t\t\t\t\t\t\t\t<\/div>\n\t\t\t\t\t\t\t\t<\/div>\n\t\t\t\t\t\t\t\t\t\t\t\t\t\t\t<div class=\"pricing-card\">\n\t\t\t\t\t\t\t\t\t\t\t\t\t\t\t\t\t\t<img decoding=\"async\" src=\"https:\/\/blackandtanpearls.com\/wp-content\/uploads\/2024\/07\/IMG_0370-scaled.jpeg\" alt=\"\">\n\t\t\t\t\t\t\t\t\t\t\t\t\t\t\t\t\t\t<div class=\"desc\">\n\t\t\t\t\t\t\t\t\t\t\t\t\t\t\t\t\t\t\t\t<div class=\"name\">COMPAGNI ADULTI<\/div>\n\t\t\t\t\t\t\t\t\t\t\t\t\t\t\t\t\t\t\t\t\t\t\t\t\t\t\t\t\t\t\t\t\t\t\t\t\t\t\t\t<ul class=\"list-unstyled list\">\n\t\t\t\t\t\t\t\t\t\t\t<li><i class=\"ti-check\"><\/i>Se non hai tempo per prenderti cura di un cucciolo, ma desideri un compagno adulto<\/li>\n<li><i class=\"ti-check\"><\/i>Tutti i nostri cani hanno caratteri straordinari, sono molto amichevoli e altamente adattabili<\/li>\n<li><i class=\"ti-check\"><\/i>Giovani e adulti maschi da riproduzione<\/li>\n\t\t\t\t\t\t\t\t\t\t<\/ul>\n\t\t\t\t\t\t\t\t\t\t\t\t\t\t\t\t\t\t\t<\/div>\n\t\t\t\t\t\t\t\t<\/div>\n\t\t\t\t\t\t\t\t\t\t\t\t\t\t\t<div class=\"pricing-card\">\n\t\t\t\t\t\t\t\t\t\t\t\t\t\t\t\t\t\t<img decoding=\"async\" src=\"https:\/\/blackandtanpearls.com\/wp-content\/uploads\/2024\/07\/1092624E-349B-48BE-856D-DED31ED18C4E.jpeg\" alt=\"\">\n\t\t\t\t\t\t\t\t\t\t\t\t\t\t\t\t\t\t<div class=\"desc\">\n\t\t\t\t\t\t\t\t\t\t\t\t\t\t\t\t\t\t\t\t<div class=\"name\">SEMPRE CONNESSI<\/div>\n\t\t\t\t\t\t\t\t\t\t\t\t\t\t\t\t\t\t\t\t\t\t\t\t\t\t\t\t\t\t\t\t\t\t\t\t\t\t\t\t<ul class=\"list-unstyled list\">\n\t\t\t\t\t\t\t\t\t\t\t<li><i class=\"ti-check\"><\/i>Invio frequente di informazioni, foto e video dei cuccioli<\/li>\n<li><i class=\"ti-check\"><\/i>Sarai aggiornato sulla crescita del tuo cucciolo<\/li>\n<li><i class=\"ti-check\"><\/i>Le chiamate FaceTime e i videochiamate sono sempre benvenute<\/li>\n\t\t\t\t\t\t\t\t\t\t<\/ul>\n\t\t\t\t\t\t\t\t\t\t\t\t\t\t\t\t\t\t\t<\/div>\n\t\t\t\t\t\t\t\t<\/div>\n\t\t\t\t\t\t\t\t\t\t\t\t\t\t\t<div class=\"pricing-card\">\n\t\t\t\t\t\t\t\t\t\t\t\t\t\t\t\t\t\t<img decoding=\"async\" src=\"https:\/\/blackandtanpearls.com\/wp-content\/uploads\/2024\/07\/727D12AB-EDE8-4E97-8719-4F1CA98C36A5.jpeg\" alt=\"\">\n\t\t\t\t\t\t\t\t\t\t\t\t\t\t\t\t\t\t<div class=\"desc\">\n\t\t\t\t\t\t\t\t\t\t\t\t\t\t\t\t\t\t\t\t<div class=\"name\">SIAMO FELICI DI RIMANERE IN CONTATTO CON LE FAMIGLIE<\/div>\n\t\t\t\t\t\t\t\t\t\t\t\t\t\t\t\t\t\t\t\t\t\t\t\t\t\t\t\t\t\t\t\t\t\t\t\t\t\t\t\t<ul class=\"list-unstyled list\">\n\t\t\t\t\t\t\t\t\t\t\t<li><i class=\"ti-check\"><\/i>Siamo sempre molto felici ed entusiasti di vedere foto e video dei nostri cuccioli nelle loro nuove case<\/li>\n<li><i class=\"ti-check\"><\/i>Siamo sempre disponibili a dare consigli, raccomandazioni e suggerimenti<\/li>\n<li><i class=\"ti-check\"><\/i>Il sentimento pi\u00f9 meraviglioso \u00e8 condividere lo stesso amore per gli stessi cuccioli con altre persone e creare amicizie che durano per tutta la vita<\/li>\n\t\t\t\t\t\t\t\t\t\t<\/ul>\n\t\t\t\t\t\t\t\t\t\t\t\t\t\t\t\t\t\t\t<\/div>\n\t\t\t\t\t\t\t\t<\/div>\n\t\t\t\t\t\t\t\t\t\t\t\t\t<\/div>\n\t\t\t\t\t<\/div>\n\t\t\t\t<\/div>\n\t\t\t<\/div>\n\t\t<\/section>\n\n\t\t\t\t\t<\/div>\n\t\t\t\t<\/div>\n\t\t\t\t\t<\/div>\n\t\t<\/div>\n\t\t\t\t\t<\/div>\n\t\t<\/section>\n\t\t\t\t<section class=\"elementor-section elementor-top-section elementor-element elementor-element-b50dfb9 elementor-section-boxed elementor-section-height-default elementor-section-height-default\" data-id=\"b50dfb9\" data-element_type=\"section\">\n\t\t\t\t\t\t<div class=\"elementor-container elementor-column-gap-default\">\n\t\t\t\t\t<div class=\"elementor-column elementor-col-100 elementor-top-column elementor-element elementor-element-efbf558\" data-id=\"efbf558\" data-element_type=\"column\">\n\t\t\t<div class=\"elementor-widget-wrap\">\n\t\t\t\t\t\t\t<\/div>\n\t\t<\/div>\n\t\t\t\t\t<\/div>\n\t\t<\/section>\n\t\t\t\t<section class=\"elementor-section elementor-top-section elementor-element elementor-element-3e4309e elementor-section-boxed elementor-section-height-default elementor-section-height-default\" data-id=\"3e4309e\" data-element_type=\"section\">\n\t\t\t\t\t\t<div class=\"elementor-container elementor-column-gap-default\">\n\t\t\t\t\t<div class=\"elementor-column elementor-col-100 elementor-top-column elementor-element elementor-element-fb35f7c\" data-id=\"fb35f7c\" data-element_type=\"column\">\n\t\t\t<div class=\"elementor-widget-wrap\">\n\t\t\t\t\t\t\t<\/div>\n\t\t<\/div>\n\t\t\t\t\t<\/div>\n\t\t<\/section>\n\t\t\t\t<section class=\"elementor-section elementor-top-section elementor-element elementor-element-2a02a0c5 elementor-section-content-middle elementor-section-boxed elementor-section-height-default elementor-section-height-default\" data-id=\"2a02a0c5\" data-element_type=\"section\">\n\t\t\t\t\t\t<div class=\"elementor-container elementor-column-gap-no\">\n\t\t\t\t\t<div class=\"elementor-column elementor-col-33 elementor-top-column elementor-element elementor-element-486333d5\" data-id=\"486333d5\" data-element_type=\"column\">\n\t\t\t<div class=\"elementor-widget-wrap elementor-element-populated\">\n\t\t\t\t\t\t<div class=\"elementor-element elementor-element-1d489b25 elementor-widget elementor-widget-text-editor\" data-id=\"1d489b25\" data-element_type=\"widget\" data-widget_type=\"text-editor.default\">\n\t\t\t\t<div class=\"elementor-widget-container\">\n\t\t\t\t\t\t\t\t\t<h5>&#8211;BLACK AND TAN PEARLS<\/h5>\t\t\t\t\t\t\t\t<\/div>\n\t\t\t\t<\/div>\n\t\t\t\t<div class=\"elementor-element elementor-element-773a2461 elementor-widget elementor-widget-heading\" data-id=\"773a2461\" data-element_type=\"widget\" data-widget_type=\"heading.default\">\n\t\t\t\t<div class=\"elementor-widget-container\">\n\t\t\t\t\t<h3 class=\"elementor-heading-title elementor-size-default\">L'AMORE \u00c8 LA RISPOSTA!<\/h3>\t\t\t\t<\/div>\n\t\t\t\t<\/div>\n\t\t\t\t<div class=\"elementor-element elementor-element-f5a547f elementor-widget elementor-widget-image\" data-id=\"f5a547f\" data-element_type=\"widget\" data-widget_type=\"image.default\">\n\t\t\t\t<div class=\"elementor-widget-container\">\n\t\t\t\t\t\t\t\t\t\t\t\t\t\t\t<img fetchpriority=\"high\" decoding=\"async\" width=\"683\" height=\"1024\" src=\"https:\/\/blackandtanpearls.com\/wp-content\/uploads\/2024\/01\/IMG_2428-683x1024.jpeg\" class=\"elementor-animation-grow attachment-large size-large wp-image-5094\" alt=\"\" srcset=\"https:\/\/blackandtanpearls.com\/wp-content\/uploads\/2024\/01\/IMG_2428-683x1024.jpeg 683w, https:\/\/blackandtanpearls.com\/wp-content\/uploads\/2024\/01\/IMG_2428-scaled-300x450.jpeg 300w, https:\/\/blackandtanpearls.com\/wp-content\/uploads\/2024\/01\/IMG_2428-scaled-600x900.jpeg 600w, https:\/\/blackandtanpearls.com\/wp-content\/uploads\/2024\/01\/IMG_2428-200x300.jpeg 200w, https:\/\/blackandtanpearls.com\/wp-content\/uploads\/2024\/01\/IMG_2428-768x1152.jpeg 768w, https:\/\/blackandtanpearls.com\/wp-content\/uploads\/2024\/01\/IMG_2428-1024x1536.jpeg 1024w, https:\/\/blackandtanpearls.com\/wp-content\/uploads\/2024\/01\/IMG_2428-1365x2048.jpeg 1365w, https:\/\/blackandtanpearls.com\/wp-content\/uploads\/2024\/01\/IMG_2428-scaled.jpeg 1707w\" sizes=\"(max-width: 683px) 100vw, 683px\" \/>\t\t\t\t\t\t\t\t\t\t\t\t\t\t\t<\/div>\n\t\t\t\t<\/div>\n\t\t\t\t\t<\/div>\n\t\t<\/div>\n\t\t\t\t<div class=\"elementor-column elementor-col-33 elementor-top-column elementor-element elementor-element-28b3998\" data-id=\"28b3998\" data-element_type=\"column\">\n\t\t\t<div class=\"elementor-widget-wrap elementor-element-populated\">\n\t\t\t\t\t\t<div class=\"elementor-element elementor-element-22a408e0 elementor-widget elementor-widget-image\" data-id=\"22a408e0\" data-element_type=\"widget\" data-widget_type=\"image.default\">\n\t\t\t\t<div class=\"elementor-widget-container\">\n\t\t\t\t\t\t\t\t\t\t\t\t\t\t\t<img decoding=\"async\" width=\"683\" height=\"1024\" src=\"https:\/\/blackandtanpearls.com\/wp-content\/uploads\/2024\/01\/IMG_2427-1-683x1024.jpeg\" class=\"elementor-animation-grow attachment-large size-large wp-image-5108\" alt=\"\" srcset=\"https:\/\/blackandtanpearls.com\/wp-content\/uploads\/2024\/01\/IMG_2427-1-683x1024.jpeg 683w, https:\/\/blackandtanpearls.com\/wp-content\/uploads\/2024\/01\/IMG_2427-1-scaled-300x450.jpeg 300w, https:\/\/blackandtanpearls.com\/wp-content\/uploads\/2024\/01\/IMG_2427-1-scaled-600x900.jpeg 600w, https:\/\/blackandtanpearls.com\/wp-content\/uploads\/2024\/01\/IMG_2427-1-200x300.jpeg 200w, https:\/\/blackandtanpearls.com\/wp-content\/uploads\/2024\/01\/IMG_2427-1-768x1152.jpeg 768w, https:\/\/blackandtanpearls.com\/wp-content\/uploads\/2024\/01\/IMG_2427-1-1024x1536.jpeg 1024w, https:\/\/blackandtanpearls.com\/wp-content\/uploads\/2024\/01\/IMG_2427-1-1365x2048.jpeg 1365w, https:\/\/blackandtanpearls.com\/wp-content\/uploads\/2024\/01\/IMG_2427-1-scaled.jpeg 1707w\" sizes=\"(max-width: 683px) 100vw, 683px\" \/>\t\t\t\t\t\t\t\t\t\t\t\t\t\t\t<\/div>\n\t\t\t\t<\/div>\n\t\t\t\t<div class=\"elementor-element elementor-element-14cb7106 elementor-widget elementor-widget-text-editor\" data-id=\"14cb7106\" data-element_type=\"widget\" data-widget_type=\"text-editor.default\">\n\t\t\t\t<div class=\"elementor-widget-container\">\n\t\t\t\t\t\t\t\t\t<h3>Sul mio blog condivider\u00f2 la mia vasta esperienza e competenza nel mondo del Rottweiler, descrivendo in dettaglio il mio percorso personale, le intuizioni e le lezioni apprese.<br \/>Rimani connesso e informato iscrivendoti alla nostra Newsletter per ricevere gli ultimi aggiornamenti!<\/h3>\t\t\t\t\t\t\t\t<\/div>\n\t\t\t\t<\/div>\n\t\t\t\t\t<\/div>\n\t\t<\/div>\n\t\t\t\t<div class=\"elementor-column elementor-col-33 elementor-top-column elementor-element elementor-element-3a0963ca\" data-id=\"3a0963ca\" data-element_type=\"column\">\n\t\t\t<div class=\"elementor-widget-wrap elementor-element-populated\">\n\t\t\t\t\t\t<div class=\"elementor-element elementor-element-1047cfd8 elementor-widget elementor-widget-image\" data-id=\"1047cfd8\" data-element_type=\"widget\" data-widget_type=\"image.default\">\n\t\t\t\t<div class=\"elementor-widget-container\">\n\t\t\t\t\t\t\t\t\t\t\t\t\t\t\t<img decoding=\"async\" width=\"1707\" height=\"2560\" src=\"https:\/\/blackandtanpearls.com\/wp-content\/uploads\/2024\/01\/IMG_2341-scaled.jpeg\" class=\"elementor-animation-grow attachment-full size-full wp-image-5123\" alt=\"\" srcset=\"https:\/\/blackandtanpearls.com\/wp-content\/uploads\/2024\/01\/IMG_2341-scaled.jpeg 1707w, https:\/\/blackandtanpearls.com\/wp-content\/uploads\/2024\/01\/IMG_2341-scaled-300x450.jpeg 300w, https:\/\/blackandtanpearls.com\/wp-content\/uploads\/2024\/01\/IMG_2341-scaled-600x900.jpeg 600w, https:\/\/blackandtanpearls.com\/wp-content\/uploads\/2024\/01\/IMG_2341-200x300.jpeg 200w, https:\/\/blackandtanpearls.com\/wp-content\/uploads\/2024\/01\/IMG_2341-683x1024.jpeg 683w, https:\/\/blackandtanpearls.com\/wp-content\/uploads\/2024\/01\/IMG_2341-768x1152.jpeg 768w, https:\/\/blackandtanpearls.com\/wp-content\/uploads\/2024\/01\/IMG_2341-1024x1536.jpeg 1024w, https:\/\/blackandtanpearls.com\/wp-content\/uploads\/2024\/01\/IMG_2341-1365x2048.jpeg 1365w\" sizes=\"(max-width: 1707px) 100vw, 1707px\" \/>\t\t\t\t\t\t\t\t\t\t\t\t\t\t\t<\/div>\n\t\t\t\t<\/div>\n\t\t\t\t\t<\/div>\n\t\t<\/div>\n\t\t\t\t\t<\/div>\n\t\t<\/section>\n\t\t\t\t<\/div>\n\t\t","protected":false},"excerpt":{"rendered":"<p>Chi siamo The Cappa Allevamento professionale di Rottweiler Black and Tan Pearls Benvenuti a Black And Tan Pearls, un allevamento professionale di Rottweiler con sede in Serbia. Fondato nel 2016 da Jovana Gavrilovic, il nostro allevamento si concentra sull&#8217;allevamento di Rottweiler di alta qualit\u00e0 e offre seme congelato per la spedizione in tutto il mondo. [&hellip;]<\/p>\n","protected":false},"author":21,"featured_media":0,"parent":0,"menu_order":0,"comment_status":"closed","ping_status":"closed","template":"page-templates\/home.php","meta":{"footnotes":""},"class_list":["post-2844","page","type-page","status-publish","hentry"],"acf":[],"_links":{"self":[{"href":"https:\/\/blackandtanpearls.com\/it\/wp-json\/wp\/v2\/pages\/2844","targetHints":{"allow":["GET"]}}],"collection":[{"href":"https:\/\/blackandtanpearls.com\/it\/wp-json\/wp\/v2\/pages"}],"about":[{"href":"https:\/\/blackandtanpearls.com\/it\/wp-json\/wp\/v2\/types\/page"}],"author":[{"embeddable":true,"href":"https:\/\/blackandtanpearls.com\/it\/wp-json\/wp\/v2\/users\/21"}],"replies":[{"embeddable":true,"href":"https:\/\/blackandtanpearls.com\/it\/wp-json\/wp\/v2\/comments?post=2844"}],"version-history":[{"count":194,"href":"https:\/\/blackandtanpearls.com\/it\/wp-json\/wp\/v2\/pages\/2844\/revisions"}],"predecessor-version":[{"id":12469,"href":"https:\/\/blackandtanpearls.com\/it\/wp-json\/wp\/v2\/pages\/2844\/revisions\/12469"}],"wp:attachment":[{"href":"https:\/\/blackandtanpearls.com\/it\/wp-json\/wp\/v2\/media?parent=2844"}],"curies":[{"name":"wp","href":"https:\/\/api.w.org\/{rel}","templated":true}]}}