{"id":24393,"date":"2026-01-29T13:48:47","date_gmt":"2026-01-29T13:48:47","guid":{"rendered":"https:\/\/blackandtanpearls.com\/product\/future-litters-deposit\/"},"modified":"2026-02-01T00:30:02","modified_gmt":"2026-02-01T00:30:02","slug":"future-litters-deposit","status":"publish","type":"product","link":"https:\/\/blackandtanpearls.com\/it\/prodotto\/future-litters-deposit\/","title":{"rendered":"Deposito per Cucciolate Future"},"content":{"rendered":"<p>Acquistando questo prodotto, stai versando un deposito di 500 EUR (o l\u2019importo equivalente nella valuta da te selezionata) <\/span>per un cucciolo da una qualsiasi cucciolata futura entro i prossimi 12 mesi. <\/p>\r\n\r\n<p>Questo deposito mantiene la tua prenotazione valida per 1 anno intero, garantendoti accesso anticipato e priorit\u00e0 di scelta.<\/p>\r\n\r\n<p><strong>Cosa include questo deposito:<\/strong><\/p>\r\n\r\n&#8211; Deposito di 500 EUR (o l\u2019importo equivalente nella valuta da te selezionata) riservato per un cucciolo<\/br>\r\n\r\n&#8211; Prenotazione valida per 1 anno (12 mesi)<\/br>\r\n\r\n&#8211; Sarai tra i primi a essere informato sulle prossime cucciolate<\/br>\r\n\r\n&#8211; Hai il diritto di scegliere la cucciolata che preferisci durante il periodo di 12 mesi<\/br>\r\n\r\n&#8211; Comunicazione e supporto prioritari durante il tuo periodo di attesa<\/br>\r\n\r\n<p><strong>Vantaggio speciale sul prezzo (bloccato):<\/strong><\/p>\r\n\r\n<p>Versando il deposito in questo modo, blocchi il prezzo del cucciolo a:<\/p>\r\n\r\n<p>3000 EUR per cucciolo (o l\u2019importo equivalente nella valuta da te selezionata) + costo di spedizione<\/span><span> <\/span><span>(la spedizione dipende dalla tua posizione)<p>\r\n\r\n<p>Ti informiamo che il prezzo per prenotare i cuccioli separatamente potrebbe aumentare durante l\u2019anno, ma versando questo deposito per cucciolate future, il prezzo del cucciolo rimane garantito\/bloccato durante il tuo periodo di prenotazione di 12 mesi.<\/p>\r\n\r\n<p><strong>Detrazione del deposito (importante):<\/strong><\/p>\r\n\r\n<p>Il tuo deposito di 500 EUR viene detratto dal prezzo totale del cucciolo.<\/p>\r\n\r\n<p>Questo significa:<\/p>\r\n\r\n3000 EUR prezzo totale del cucciolo<\/br>\r\n\r\n\u2013 deposito di 500 EUR<\/br>\r\n\r\n=  2500 EUR saldo rimanente<\/span><span> <\/span><span>(+ costo di spedizione)<\/br>\r\n\r\n<p><strong>Spedizione<p><strong>\r\n\r\n<p>I costi di spedizione dipendono dalla posizione del cliente.<\/p>\r\n\r\n<p>Non esitare a contattarci indicando il tuo Paese e ti forniremo a breve un preventivo di spedizione preciso.<\/p>\r\n\r\n<p>Offriamo spedizioni in tutto il mondo.<\/p>\r\n\r\n<p><strong>Politica del deposito &amp; Termini<\/strong><\/p>\r\n\r\n<p>Deposito non rimborsabile<\/p>\r\n\r\n<p>Il deposito non \u00e8 rimborsabile da parte del cliente.<\/p>\r\n\r\n<p>Solo Black And Tan Pearls si riserva il diritto di annullare la prenotazione\/ordine ed emettere un rimborso completo, per qualsiasi motivo.<\/p>\r\n\r\n<p>Questa politica esiste perch\u00e9 i cuccioli sono molto delicati e amati, e la nostra priorit\u00e0 \u00e8 sempre garantire che ogni cucciolo vada nella migliore casa e abbia la migliore vita possibile.<\/p>\r\n\r\n<p><strong>Opzione di rimborso solo se non \u00e8 disponibile alcun cucciolo<\/strong><\/p>\r\n\r\n<p>Nel caso in cui Black And Tan Pearls non abbia alcun cucciolo disponibile per il cliente entro il periodo di prenotazione di 12 mesi, il cliente pu\u00f2 scegliere una delle seguenti opzioni:<\/p>\r\n\r\n-Richiedere un rimborso completo<\/br>\r\n\r\n<p>OPPURE<\/p>\r\n\r\n&#8211; Rinnovare la prenotazione per l\u2019anno successivo (senza costi aggiuntivi)<\/br>\r\n\r\n<p><strong>Scadenza del deposito<\/strong><\/p>\r\n\r\n<p>Se il cliente non sceglie un cucciolo entro il periodo di 12 mesi, il deposito scadr\u00e0 e non sar\u00e0 pi\u00f9 utilizzabile.<\/p>\r\n\r\n<p><strong>Ordine di scelta \/ Selezione del cucciolo<\/strong><\/p>\r\n\r\n<p>Una volta che il cliente decide da quale cucciolata desidera scegliere un cucciolo, Black &amp; Tan Pearls informer\u00e0 il cliente su quanti posti sono gi\u00e0 stati prenotati per quella cucciolata.<\/p>\r\n\r\n<p>Questo determina l\u2019ordine di scelta e la priorit\u00e0 di selezione del cliente per quella cucciolata.<\/p>\r\n\r\n<p><strong>Dopo l\u2019acquisto<\/strong><\/p>\r\n\r\n<p>Una volta versato il deposito e completato con successo il pagamento, ti contatteremo personalmente per raccogliere eventuali dettagli aggiuntivi necessari e confermare le tue preferenze. Rimarr\r\nemo in contatto durante tutto l\u2019anno e ti terremo tra i primi informati sulle future cucciolate e disponibilit\u00e0.<\/p>\r\n\r\n<p>A volte ti senti pronto nel cuore&#8230; anche se il momento non \u00e8 ancora perfetto. Se stai pensando a un cucciolo ma stai aspettando il \u201cmomento giusto\u201d, questo potrebbe essere il tuo segno dall\u2019universo: un modo per riservare il tuo futuro membro della famiglia mentre tutto va al suo posto.<\/p>\r\n\r\n&nbsp;\r\n\r\n&nbsp;\r\n","protected":false},"excerpt":{"rendered":"<p>Non sei sicuro\/a esattamente di quando sar\u00e0 il momento giusto per accogliere un cucciolo Black And Tan Pearls nella tua vita, ma sai che ne vuoi uno nel prossimo futuro?<\/p>\n<p>Questo deposito garantisce il tuo posto nella nostra Lista d\u2019Attesa per le cucciolate future per i prossimi 12 mesi<\/p>\n<p>Questo \u00e8 il modo perfetto per assicurarti il tuo posto in lista e iniziare il tuo percorso con noi.<\/p>\n","protected":false},"featured_media":24198,"template":"","meta":[],"product_brand":[],"product_cat":[211,230],"product_tag":[],"class_list":{"0":"post-24393","1":"product","2":"type-product","3":"status-publish","4":"has-post-thumbnail","6":"product_cat-future-litters","7":"product_cat-prossime-cucciolate","9":"first","10":"instock","11":"virtual","12":"purchasable","13":"product-type-simple"},"acf":[],"_links":{"self":[{"href":"https:\/\/blackandtanpearls.com\/it\/wp-json\/wp\/v2\/product\/24393","targetHints":{"allow":["GET"]}}],"collection":[{"href":"https:\/\/blackandtanpearls.com\/it\/wp-json\/wp\/v2\/product"}],"about":[{"href":"https:\/\/blackandtanpearls.com\/it\/wp-json\/wp\/v2\/types\/product"}],"wp:featuredmedia":[{"embeddable":true,"href":"https:\/\/blackandtanpearls.com\/it\/wp-json\/wp\/v2\/media\/24198"}],"wp:attachment":[{"href":"https:\/\/blackandtanpearls.com\/it\/wp-json\/wp\/v2\/media?parent=24393"}],"wp:term":[{"taxonomy":"product_brand","embeddable":true,"href":"https:\/\/blackandtanpearls.com\/it\/wp-json\/wp\/v2\/product_brand?post=24393"},{"taxonomy":"product_cat","embeddable":true,"href":"https:\/\/blackandtanpearls.com\/it\/wp-json\/wp\/v2\/product_cat?post=24393"},{"taxonomy":"product_tag","embeddable":true,"href":"https:\/\/blackandtanpearls.com\/it\/wp-json\/wp\/v2\/product_tag?post=24393"}],"curies":[{"name":"wp","href":"https:\/\/api.w.org\/{rel}","templated":true}]}}