{"id":3230,"date":"2022-04-29T02:49:49","date_gmt":"2022-04-29T02:49:49","guid":{"rendered":"https:\/\/blackandtanpearls.w3lab.dev\/about-us\/"},"modified":"2024-09-09T22:59:54","modified_gmt":"2024-09-09T22:59:54","slug":"sobre-nos","status":"publish","type":"page","link":"https:\/\/blackandtanpearls.com\/pt-pt\/sobre-nos\/","title":{"rendered":"Sobre N\u00f3s"},"content":{"rendered":"\t\t<div data-elementor-type=\"wp-page\" data-elementor-id=\"3230\" class=\"elementor elementor-3230 elementor-76\">\n\t\t\t\t\t\t<section class=\"elementor-section elementor-top-section elementor-element elementor-element-a5ea5a6 elementor-section-full_width elementor-section-height-default elementor-section-height-default\" data-id=\"a5ea5a6\" data-element_type=\"section\">\n\t\t\t\t\t\t<div class=\"elementor-container elementor-column-gap-no\">\n\t\t\t\t\t<div class=\"elementor-column elementor-col-100 elementor-top-column elementor-element elementor-element-40a22b6\" data-id=\"40a22b6\" data-element_type=\"column\">\n\t\t\t<div class=\"elementor-widget-wrap elementor-element-populated\">\n\t\t\t\t\t\t<div class=\"elementor-element elementor-element-0790f65 elementor-align-left elementor-widget elementor-widget-pages-banner\" data-id=\"0790f65\" data-element_type=\"widget\" data-widget_type=\"pages-banner.default\">\n\t\t\t\t<div class=\"elementor-widget-container\">\n\t\t\t\t\t\r\n\t\t\t\t<div class=\"banner-header section-padding valign bg-img bg-fixed\" data-overlay-dark=\"4\" data-background=\"https:\/\/blackandtanpearls.com\/wp-content\/uploads\/2024\/01\/IMG_0412.jpeg\">\r\n\t\t\t\t\t<div class=\"container\">\r\n\t\t\t\t<div class=\"row\">\r\n\t\t\t\t\t<div class=\"col-md-12 caption mt-90\">\r\n\t\t\t\t\t\t\t\t\t\t\t\t\t\t\t\t\t\t<h1>Sobre N\u00f3s<\/h1>\r\n\t\t\t\t\t\t\t\t\t\t\t<\/div>\r\n\t\t\t\t<\/div>\r\n\t\t\t<\/div>\r\n\t\t<\/div>\r\n\r\n\t\t\t\t\t<\/div>\n\t\t\t\t<\/div>\n\t\t\t\t\t<\/div>\n\t\t<\/div>\n\t\t\t\t\t<\/div>\n\t\t<\/section>\n\t\t\t\t<section class=\"elementor-section elementor-top-section elementor-element elementor-element-87591f9 elementor-section-full_width elementor-section-height-default elementor-section-height-default\" data-id=\"87591f9\" data-element_type=\"section\">\n\t\t\t\t\t\t<div class=\"elementor-container elementor-column-gap-no\">\n\t\t\t\t\t<div class=\"elementor-column elementor-col-100 elementor-top-column elementor-element elementor-element-a01a421\" data-id=\"a01a421\" data-element_type=\"column\">\n\t\t\t<div class=\"elementor-widget-wrap elementor-element-populated\">\n\t\t\t\t\t\t<div class=\"elementor-element elementor-element-cfcb09d elementor-align-left home-about-top elementor-widget elementor-widget-home-about\" data-id=\"cfcb09d\" data-element_type=\"widget\" data-widget_type=\"home-about.default\">\n\t\t\t\t<div class=\"elementor-widget-container\">\n\t\t\t\t\t\r\n\t\t<section class=\"about section-padding\">\r\n\t\t\t<h2 style=\"display: none!important;\">The Cappa<\/h2>\r\n\t\t\t<div class=\"container\">\r\n\t\t\t\t<div class=\"row\">\r\n\t\t\t\t\t<div class=\"col-md-6 mb-30 animate-box\" data-animate-effect=\"fadeInUp\">\r\n\t\t\t\t\t\t<span>\r\n\t\t\t\t\t\t\t\t\t\t\t\t\t\t\t<i class=\"star-rating\"><\/i>\r\n\t\t\t\t\t\t\t\t<i class=\"star-rating\"><\/i>\r\n\t\t\t\t\t\t\t\t<i class=\"star-rating\"><\/i>\r\n\t\t\t\t\t\t\t\t<i class=\"star-rating\"><\/i>\r\n\t\t\t\t\t\t\t\t<i class=\"star-rating\"><\/i>\r\n\t\t\t\t\t\t\t\t\t\t\t\t\t<\/span>\r\n\t\t\t\t\t\t\t\t\t\t\t\t<div class=\"section-subtitle\">Canil profissional de Rottweilers<\/div>\r\n\t\t\t\t\t\t\t\t\t\t\t\t\t\t\t\t\t\t<div class=\"section-title\">Black and Tan Pearls <\/div>\r\n\t\t\t\t\t\t\t\t\t\t\t\t\t\t\t\t\t\t<p>Bem-vindo \u00e0 Black And Tan Pearls, um canil profissional de Rottweilers localizado na S\u00e9rvia. Fundado em 2016 por Jovana Gavrilovic, nosso canil se concentra na cria\u00e7\u00e3o de Rottweilers de alta qualidade e na oferta de s\u00eamen congelado para envio global.<\/p>\n\n <p>Temos muito orgulho do nosso programa de cria\u00e7\u00e3o, que \u00e9 dedicado a produzir Rottweilers que se destacam em conforma\u00e7\u00e3o, temperamento e sa\u00fade. Nossos c\u00e3es v\u00eam das melhores linhagens europeias, e seguimos o padr\u00e3o de ra\u00e7a da FCI. Na Black And Tan Pearls, priorizamos o bem-estar e a felicidade de nossos c\u00e3es, garantindo que recebam os melhores cuidados e socializa\u00e7\u00e3o.<\/p>\n\n <p>Nosso amor e paix\u00e3o pelos Rottweilers nos impulsionam a melhorar e evoluir continuamente nossas pr\u00e1ticas de cria\u00e7\u00e3o para criar c\u00e3es que n\u00e3o apenas atendam, mas superem suas expectativas.<\/p> <p>Para mais informa\u00e7\u00f5es ou para saber mais sobre nosso programa de cria\u00e7\u00e3o de Rottweilers e servi\u00e7os de s\u00eamen congelado, sinta-se \u00e0 vontade para entrar em contato com nossa equipe.<\/p>\t\t\t\t\t\t\t\t\t\t\t\t<!-- call -->\r\n\t\t\t\t\t\t\t\t\t\t\t\t<div class=\"reservations\">\r\n\t\t\t\t\t\t\t<div class=\"icon\"><span class=\"flaticon-call\"><\/span><\/div>\r\n\t\t\t\t\t\t\t<div class=\"text\">\r\n\t\t\t\t\t\t\t\t+381628437411\t\t\t\t\t\t\t<\/div>\r\n\t\t\t\t\t\t<\/div>\r\n\t\t\t\t\t\t\t\t\t\t\t<\/div>\r\n\t\t\t\t\t\t\t\t\t\t<div class=\"col col-md-3 animate-box\" data-animate-effect=\"fadeInUp\">\r\n\t\t\t\t\t\t<img decoding=\"async\" src=\"https:\/\/blackandtanpearls.com\/wp-content\/uploads\/2024\/07\/851033F2-67B5-4E47-B864-976A4271CD04.jpeg\" alt=\"\" class=\"mt-90 mb-30\">\r\n\t\t\t\t\t<\/div>\r\n\t\t\t\t\t\t\t\t\t\t\t\t\t\t\t<div class=\"col col-md-3 animate-box\" data-animate-effect=\"fadeInUp\">\r\n\t\t\t\t\t\t<img decoding=\"async\" src=\"https:\/\/blackandtanpearls.com\/wp-content\/uploads\/2024\/07\/A313E7BE-EB3C-44F9-A7D9-2E846A1203D6.jpeg\" alt=\"\">\r\n\t\t\t\t\t<\/div>\r\n\t\t\t\t\t\t\t\t\t<\/div>\r\n\t\t\t<\/div>\r\n\t\t<\/section>\r\n\r\n\t\t\t\t\t<\/div>\n\t\t\t\t<\/div>\n\t\t\t\t\t<\/div>\n\t\t<\/div>\n\t\t\t\t\t<\/div>\n\t\t<\/section>\n\t\t\t\t<section class=\"elementor-section elementor-top-section elementor-element elementor-element-e2c593a elementor-section-full_width elementor-section-height-default elementor-section-height-default\" data-id=\"e2c593a\" data-element_type=\"section\">\n\t\t\t\t\t\t<div class=\"elementor-container elementor-column-gap-no\">\n\t\t\t\t\t<div class=\"elementor-column elementor-col-100 elementor-top-column elementor-element elementor-element-f1c465e\" data-id=\"f1c465e\" data-element_type=\"column\" data-settings=\"{&quot;background_background&quot;:&quot;slideshow&quot;,&quot;background_slideshow_gallery&quot;:[],&quot;background_slideshow_loop&quot;:&quot;yes&quot;,&quot;background_slideshow_slide_duration&quot;:5000,&quot;background_slideshow_slide_transition&quot;:&quot;fade&quot;,&quot;background_slideshow_transition_duration&quot;:500}\">\n\t\t\t<div class=\"elementor-widget-wrap elementor-element-populated\">\n\t\t\t\t\t\t<div class=\"elementor-element elementor-element-91b125f elementor-align-left e-transform e-transform e-transform elementor-widget elementor-widget-home-pricing\" data-id=\"91b125f\" data-element_type=\"widget\" data-settings=\"{&quot;_transform_rotateZ_effect&quot;:{&quot;unit&quot;:&quot;px&quot;,&quot;size&quot;:&quot;&quot;,&quot;sizes&quot;:[]},&quot;_transform_rotateZ_effect_tablet&quot;:{&quot;unit&quot;:&quot;deg&quot;,&quot;size&quot;:&quot;&quot;,&quot;sizes&quot;:[]},&quot;_transform_rotateZ_effect_mobile&quot;:{&quot;unit&quot;:&quot;deg&quot;,&quot;size&quot;:&quot;&quot;,&quot;sizes&quot;:[]},&quot;_transform_translateX_effect&quot;:{&quot;unit&quot;:&quot;px&quot;,&quot;size&quot;:&quot;&quot;,&quot;sizes&quot;:[]},&quot;_transform_translateX_effect_tablet&quot;:{&quot;unit&quot;:&quot;px&quot;,&quot;size&quot;:&quot;&quot;,&quot;sizes&quot;:[]},&quot;_transform_translateX_effect_mobile&quot;:{&quot;unit&quot;:&quot;px&quot;,&quot;size&quot;:&quot;&quot;,&quot;sizes&quot;:[]},&quot;_transform_translateY_effect&quot;:{&quot;unit&quot;:&quot;px&quot;,&quot;size&quot;:&quot;&quot;,&quot;sizes&quot;:[]},&quot;_transform_translateY_effect_tablet&quot;:{&quot;unit&quot;:&quot;px&quot;,&quot;size&quot;:&quot;&quot;,&quot;sizes&quot;:[]},&quot;_transform_translateY_effect_mobile&quot;:{&quot;unit&quot;:&quot;px&quot;,&quot;size&quot;:&quot;&quot;,&quot;sizes&quot;:[]},&quot;_transform_scaleX_effect&quot;:{&quot;unit&quot;:&quot;px&quot;,&quot;size&quot;:&quot;&quot;,&quot;sizes&quot;:[]},&quot;_transform_scaleX_effect_tablet&quot;:{&quot;unit&quot;:&quot;px&quot;,&quot;size&quot;:&quot;&quot;,&quot;sizes&quot;:[]},&quot;_transform_scaleX_effect_mobile&quot;:{&quot;unit&quot;:&quot;px&quot;,&quot;size&quot;:&quot;&quot;,&quot;sizes&quot;:[]},&quot;_transform_scaleY_effect&quot;:{&quot;unit&quot;:&quot;px&quot;,&quot;size&quot;:&quot;&quot;,&quot;sizes&quot;:[]},&quot;_transform_scaleY_effect_tablet&quot;:{&quot;unit&quot;:&quot;px&quot;,&quot;size&quot;:&quot;&quot;,&quot;sizes&quot;:[]},&quot;_transform_scaleY_effect_mobile&quot;:{&quot;unit&quot;:&quot;px&quot;,&quot;size&quot;:&quot;&quot;,&quot;sizes&quot;:[]}}\" data-widget_type=\"home-pricing.default\">\n\t\t\t\t<div class=\"elementor-widget-container\">\n\t\t\t\t\t\n\t\t\t\t<section class=\"pricing section-padding bg-black\">\n\t\t\t \n\t\t\t<h2 style=\"display: none!important;\">The Cappa<\/h2>\n\t\t\t<div class=\"container\">\n\t\t\t\t<div class=\"row\">\n\t\t\t\t\t<div class=\"col-md-4\">\n\t\t\t\t\t\t\t\t\t\t\t\t<div class=\"section-subtitle\"><span>Black And Tan Pearls<\/span><\/div>\n\t\t\t\t\t\t\t\t\t\t\t\t\t\t\t\t\t\t<div class=\"section-title\"><span>Jovana Gavrilovic Fundadora e CEO<\/span><\/div>\n\t\t\t\t\t\t\t\t\t\t\t\t\t\t\t\t\t\t<p class=\"color-5\">Ol\u00e1, meu nome \u00e9 Jovana Gavrilovic. Sou criadora de Rottweilers, Fundadora e CEO da Black N Tan Pearls! Para mim, criar Rottweilers \u00e9 puro amor e paix\u00e3o. Meus c\u00e3es n\u00e3o s\u00e3o apenas animais de estima\u00e7\u00e3o, s\u00e3o membros da minha fam\u00edlia, e eu os amo mais do que qualquer coisa neste mundo.<\/p>\n\n <p class=\"color-5\">Tudo o que voc\u00ea v\u00ea aqui \u00e9 resultado de amor! Para mim, o amor \u00e9 a for\u00e7a motriz por tr\u00e1s de tudo o que fa\u00e7o. Meus c\u00e3es s\u00e3o minha energia, meu poder, meu lugar seguro, meu lar e meus melhores amigos. Eles me inspiram a ser a melhor pessoa que posso ser, assim como sou aos olhos deles. \u00c9 dif\u00edcil colocar em palavras!<\/p> \n\n<p class=\"color-5\">Minha maior alegria \u00e9 ver meus c\u00e3es felizes e saud\u00e1veis com suas novas fam\u00edlias. Isso me traz imensa felicidade ver seus rostos felizes, sendo mimados e amados. N\u00e3o trocaria isso por nada. Saber que meus Rottweilers est\u00e3o trazendo alegria e amor para seus novos lares \u00e9 a maior recompensa para mim como criadora.<\/p>\t\t\t\t\t\t\t\t\t\t\t\t\t\t\t\t\t\t<div class=\"reservations mb-30\">\n\t\t\t\t\t\t\t<div class=\"icon\"><span class=\"flaticon-call\"><\/span><\/div>\n\t\t\t\t\t\t\t<div class=\"text\">\n\t\t\t\t\t\t\t\t<p class=\"color-2\">Para mais informa\u00e7\u00f5es, sinta-se \u00e0 vontade para entrar em contato!<\/p> <a href=\"tel:+381628437411\">+381 62 8437411<\/a>\t\t\t\t\t\t\t<\/div>\n\t\t\t\t\t\t<\/div>\n\t\t\t\t\t\t\t\t\t\t\t<\/div>\n\t\t\t\t\t<div class=\"col-md-8\">\n\t\t\t\t\t\t<div class=\"owl-carousel owl-theme\">\n\t\t\t\t\t\t\t\t\t\t\t\t\t\t\t<div class=\"pricing-card\">\n\t\t\t\t\t\t\t\t\t\t\t\t\t\t\t\t\t\t<img decoding=\"async\" src=\"https:\/\/blackandtanpearls.com\/wp-content\/uploads\/2024\/07\/5B5608E5-E418-45BF-ACE0-1D5472FA56B4.jpeg\" alt=\"\">\n\t\t\t\t\t\t\t\t\t\t\t\t\t\t\t\t\t\t<div class=\"desc\">\n\t\t\t\t\t\t\t\t\t\t\t\t\t\t\t\t\t\t\t\t<div class=\"name\">TODOS OS NOSSOS C\u00c3ES S\u00c3O VERIFICADOS PARA SA\u00daDE<\/div>\n\t\t\t\t\t\t\t\t\t\t\t\t\t\t\t\t\t\t\t\t\t\t\t\t\t\t\t\t\t\t\t\t\t\t\t\t\t\t\t\t<ul class=\"list-unstyled list\">\n\t\t\t\t\t\t\t\t\t\t\t<li><i class=\"ti-check\"><\/i>Para cada c\u00e3o, s\u00e3o verificadas a HD (Displasia de Quadril) e ED (Displasia de Cotovelo)<\/li>\n<li><i class=\"ti-check\"><\/i>JLPP (Paralisia Lar\u00edngea Juvenil e Polineuropatia) tamb\u00e9m \u00e9 verificada<\/li>\n<li><i class=\"ti-check\"><\/i>Al\u00e9m disso, todos os c\u00e3es passam por check-ups regulares duas vezes ao ano<\/li>\n\t\t\t\t\t\t\t\t\t\t<\/ul>\n\t\t\t\t\t\t\t\t\t\t\t\t\t\t\t\t\t\t\t<\/div>\n\t\t\t\t\t\t\t\t<\/div>\n\t\t\t\t\t\t\t\t\t\t\t\t\t\t\t<div class=\"pricing-card\">\n\t\t\t\t\t\t\t\t\t\t\t\t\t\t\t\t\t\t<img decoding=\"async\" src=\"https:\/\/blackandtanpearls.com\/wp-content\/uploads\/2024\/07\/1A375F7B-498D-4148-A384-995058C49C21.jpeg\" alt=\"\">\n\t\t\t\t\t\t\t\t\t\t\t\t\t\t\t\t\t\t<div class=\"desc\">\n\t\t\t\t\t\t\t\t\t\t\t\t\t\t\t\t\t\t\t\t<div class=\"name\">TODOS OS NOSSOS FILHOTES VIAJAM TOTALMENTE VACINADOS<\/div>\n\t\t\t\t\t\t\t\t\t\t\t\t\t\t\t\t\t\t\t\t\t\t\t\t\t\t\t\t\t\t\t\t\t\t\t\t\t\t\t\t<ul class=\"list-unstyled list\">\n\t\t\t\t\t\t\t\t\t\t\t<li><i class=\"ti-check\"><\/i>Eles recebem 3 vacinas contra v\u00edrus (posteriormente, refor\u00e7os s\u00e3o recomendados uma vez por ano)<\/li>\n<li><i class=\"ti-check\"><\/i>1 vacina contra a raiva (recomendado revacinar uma vez por ano, dependendo das regulamenta\u00e7\u00f5es de cada pa\u00eds)<\/li>\n<li><i class=\"ti-check\"><\/i>Cada filhote \u00e9 regularmente desparasitado<\/li>\n\n\t\t\t\t\t\t\t\t\t\t<\/ul>\n\t\t\t\t\t\t\t\t\t\t\t\t\t\t\t\t\t\t\t<\/div>\n\t\t\t\t\t\t\t\t<\/div>\n\t\t\t\t\t\t\t\t\t\t\t\t\t\t\t<div class=\"pricing-card\">\n\t\t\t\t\t\t\t\t\t\t\t\t\t\t\t\t\t\t<img decoding=\"async\" src=\"https:\/\/blackandtanpearls.com\/wp-content\/uploads\/2024\/07\/B08CDE20-0B5F-4D8E-8E10-886C50FD409C.jpeg\" alt=\"\">\n\t\t\t\t\t\t\t\t\t\t\t\t\t\t\t\t\t\t<div class=\"desc\">\n\t\t\t\t\t\t\t\t\t\t\t\t\t\t\t\t\t\t\t\t<div class=\"name\">SOCIALIZA\u00c7\u00c3O E TREINAMENTO PRECOCE<\/div>\n\t\t\t\t\t\t\t\t\t\t\t\t\t\t\t\t\t\t\t\t\t\t\t\t\t\t\t\t\t\t\t\t\t\t\t\t\t\t\t\t<ul class=\"list-unstyled list\">\n\t\t\t\t\t\t\t\t\t\t\t<li><i class=\"ti-check\"><\/i>Cada filhote \u00e9 treinado para fazer suas necessidades no lugar certo<\/li>\n<li><i class=\"ti-check\"><\/i>Todos os nossos filhotes vivem dentro de casa, ent\u00e3o est\u00e3o acostumados com o ambiente e muito confort\u00e1veis. Eles n\u00e3o destroem as coisas ao redor<\/li>\n<li><i class=\"ti-check\"><\/i>Eles s\u00e3o socializados com pessoas, sons, crian\u00e7as e outros animais<\/li>\n<li><i class=\"ti-check\"><\/i>Mesmo que n\u00e3o estejam totalmente vacinados em uma idade precoce, quando ainda n\u00e3o podem sair para passear, est\u00e3o familiarizados com coleiras, peitorais e guias. Praticamos com eles em nosso jardim<\/li>\n\t\t\t\t\t\t\t\t\t\t<\/ul>\n\t\t\t\t\t\t\t\t\t\t\t\t\t\t\t\t\t\t\t<\/div>\n\t\t\t\t\t\t\t\t<\/div>\n\t\t\t\t\t\t\t\t\t\t\t\t\t\t\t<div class=\"pricing-card\">\n\t\t\t\t\t\t\t\t\t\t\t\t\t\t\t\t\t\t<img decoding=\"async\" src=\"https:\/\/blackandtanpearls.com\/wp-content\/uploads\/2024\/07\/IMG_0370-scaled.jpeg\" alt=\"\">\n\t\t\t\t\t\t\t\t\t\t\t\t\t\t\t\t\t\t<div class=\"desc\">\n\t\t\t\t\t\t\t\t\t\t\t\t\t\t\t\t\t\t\t\t<div class=\"name\">COMPANHEIROS ADULTOS<\/div>\n\t\t\t\t\t\t\t\t\t\t\t\t\t\t\t\t\t\t\t\t\t\t\t\t\t\t\t\t\t\t\t\t\t\t\t\t\t\t\t\t<ul class=\"list-unstyled list\">\n\t\t\t\t\t\t\t\t\t\t\t<li><i class=\"ti-check\"><\/i>Se voc\u00ea n\u00e3o tem tempo para cuidar de um filhote, mas gostaria de um companheiro adulto<\/li>\n<li><i class=\"ti-check\"><\/i>Todos os nossos c\u00e3es t\u00eam car\u00e1teres incr\u00edveis, s\u00e3o muito amig\u00e1veis e altamente adapt\u00e1veis<\/li>\n<li><i class=\"ti-check\"><\/i>Machos jovens e adultos para reprodu\u00e7\u00e3o<\/li>\n\t\t\t\t\t\t\t\t\t\t<\/ul>\n\t\t\t\t\t\t\t\t\t\t\t\t\t\t\t\t\t\t\t<\/div>\n\t\t\t\t\t\t\t\t<\/div>\n\t\t\t\t\t\t\t\t\t\t\t\t\t\t\t<div class=\"pricing-card\">\n\t\t\t\t\t\t\t\t\t\t\t\t\t\t\t\t\t\t<img decoding=\"async\" src=\"https:\/\/blackandtanpearls.com\/wp-content\/uploads\/2024\/07\/1092624E-349B-48BE-856D-DED31ED18C4E.jpeg\" alt=\"\">\n\t\t\t\t\t\t\t\t\t\t\t\t\t\t\t\t\t\t<div class=\"desc\">\n\t\t\t\t\t\t\t\t\t\t\t\t\t\t\t\t\t\t\t\t<div class=\"name\">SEMPRE CONECTADOS<\/div>\n\t\t\t\t\t\t\t\t\t\t\t\t\t\t\t\t\t\t\t\t\t\t\t\t\t\t\t\t\t\t\t\t\t\t\t\t\t\t\t\t<ul class=\"list-unstyled list\">\n\t\t\t\t\t\t\t\t\t\t\t<li><i class=\"ti-check\"><\/i>Enviando informa\u00e7\u00f5es, fotos e v\u00eddeos frequentes dos filhotes<\/li>\n<li><i class=\"ti-check\"><\/i>Voc\u00ea ser\u00e1 atualizado sobre como seu filhote est\u00e1 crescendo<\/li>\n<li><i class=\"ti-check\"><\/i>Chamadas de v\u00eddeo e FaceTime s\u00e3o sempre bem-vindas<\/li>\n\n\t\t\t\t\t\t\t\t\t\t<\/ul>\n\t\t\t\t\t\t\t\t\t\t\t\t\t\t\t\t\t\t\t<\/div>\n\t\t\t\t\t\t\t\t<\/div>\n\t\t\t\t\t\t\t\t\t\t\t\t\t\t\t<div class=\"pricing-card\">\n\t\t\t\t\t\t\t\t\t\t\t\t\t\t\t\t\t\t<img decoding=\"async\" src=\"https:\/\/blackandtanpearls.com\/wp-content\/uploads\/2024\/07\/727D12AB-EDE8-4E97-8719-4F1CA98C36A5.jpeg\" alt=\"\">\n\t\t\t\t\t\t\t\t\t\t\t\t\t\t\t\t\t\t<div class=\"desc\">\n\t\t\t\t\t\t\t\t\t\t\t\t\t\t\t\t\t\t\t\t<div class=\"name\">FICAMOS FELIZES EM MANTER CONTATO COM AS FAM\u00cdLIAS<\/div>\n\t\t\t\t\t\t\t\t\t\t\t\t\t\t\t\t\t\t\t\t\t\t\t\t\t\t\t\t\t\t\t\t\t\t\t\t\t\t\t\t<ul class=\"list-unstyled list\">\n\t\t\t\t\t\t\t\t\t\t\t<li><i class=\"ti-check\"><\/i>Sempre ficamos muito felizes e animados ao ver fotos e v\u00eddeos dos nossos filhotes em seus novos lares<\/li>\n<li><i class=\"ti-check\"><\/i>Sempre dispon\u00edveis para dar conselhos, recomenda\u00e7\u00f5es e dicas<\/li>\n<li><i class=\"ti-check\"><\/i>O sentimento mais maravilhoso \u00e9 compartilhar o mesmo amor pelos mesmos filhotes com outras pessoas e fazer amigos para a vida toda<\/li>\n\n\t\t\t\t\t\t\t\t\t\t<\/ul>\n\t\t\t\t\t\t\t\t\t\t\t\t\t\t\t\t\t\t\t<\/div>\n\t\t\t\t\t\t\t\t<\/div>\n\t\t\t\t\t\t\t\t\t\t\t\t\t<\/div>\n\t\t\t\t\t<\/div>\n\t\t\t\t<\/div>\n\t\t\t<\/div>\n\t\t<\/section>\n\n\t\t\t\t\t<\/div>\n\t\t\t\t<\/div>\n\t\t\t\t\t<\/div>\n\t\t<\/div>\n\t\t\t\t\t<\/div>\n\t\t<\/section>\n\t\t\t\t<section class=\"elementor-section elementor-top-section elementor-element elementor-element-b50dfb9 elementor-section-boxed elementor-section-height-default elementor-section-height-default\" data-id=\"b50dfb9\" data-element_type=\"section\">\n\t\t\t\t\t\t<div class=\"elementor-container elementor-column-gap-default\">\n\t\t\t\t\t<div class=\"elementor-column elementor-col-100 elementor-top-column elementor-element elementor-element-efbf558\" data-id=\"efbf558\" data-element_type=\"column\">\n\t\t\t<div class=\"elementor-widget-wrap\">\n\t\t\t\t\t\t\t<\/div>\n\t\t<\/div>\n\t\t\t\t\t<\/div>\n\t\t<\/section>\n\t\t\t\t<section class=\"elementor-section elementor-top-section elementor-element elementor-element-3e4309e elementor-section-boxed elementor-section-height-default elementor-section-height-default\" data-id=\"3e4309e\" data-element_type=\"section\">\n\t\t\t\t\t\t<div class=\"elementor-container elementor-column-gap-default\">\n\t\t\t\t\t<div class=\"elementor-column elementor-col-100 elementor-top-column elementor-element elementor-element-fb35f7c\" data-id=\"fb35f7c\" data-element_type=\"column\">\n\t\t\t<div class=\"elementor-widget-wrap\">\n\t\t\t\t\t\t\t<\/div>\n\t\t<\/div>\n\t\t\t\t\t<\/div>\n\t\t<\/section>\n\t\t\t\t<section class=\"elementor-section elementor-top-section elementor-element elementor-element-2a02a0c5 elementor-section-content-middle elementor-section-boxed elementor-section-height-default elementor-section-height-default\" data-id=\"2a02a0c5\" data-element_type=\"section\">\n\t\t\t\t\t\t<div class=\"elementor-container elementor-column-gap-no\">\n\t\t\t\t\t<div class=\"elementor-column elementor-col-33 elementor-top-column elementor-element elementor-element-486333d5\" data-id=\"486333d5\" data-element_type=\"column\">\n\t\t\t<div class=\"elementor-widget-wrap elementor-element-populated\">\n\t\t\t\t\t\t<div class=\"elementor-element elementor-element-1d489b25 elementor-widget elementor-widget-text-editor\" data-id=\"1d489b25\" data-element_type=\"widget\" data-widget_type=\"text-editor.default\">\n\t\t\t\t<div class=\"elementor-widget-container\">\n\t\t\t\t\t\t\t\t\t<h5>&#8211;BLACK AND TAN PEARLS<\/h5>\t\t\t\t\t\t\t\t<\/div>\n\t\t\t\t<\/div>\n\t\t\t\t<div class=\"elementor-element elementor-element-773a2461 elementor-widget elementor-widget-heading\" data-id=\"773a2461\" data-element_type=\"widget\" data-widget_type=\"heading.default\">\n\t\t\t\t<div class=\"elementor-widget-container\">\n\t\t\t\t\t<h3 class=\"elementor-heading-title elementor-size-default\">O AMOR \u00c9 A RESPOSTA!<\/h3>\t\t\t\t<\/div>\n\t\t\t\t<\/div>\n\t\t\t\t<div class=\"elementor-element elementor-element-f5a547f elementor-widget elementor-widget-image\" data-id=\"f5a547f\" data-element_type=\"widget\" data-widget_type=\"image.default\">\n\t\t\t\t<div class=\"elementor-widget-container\">\n\t\t\t\t\t\t\t\t\t\t\t\t\t\t\t<img fetchpriority=\"high\" decoding=\"async\" width=\"683\" height=\"1024\" src=\"https:\/\/blackandtanpearls.com\/wp-content\/uploads\/2024\/01\/IMG_2428-683x1024.jpeg\" class=\"elementor-animation-grow attachment-large size-large wp-image-5097\" alt=\"\" srcset=\"https:\/\/blackandtanpearls.com\/wp-content\/uploads\/2024\/01\/IMG_2428-683x1024.jpeg 683w, https:\/\/blackandtanpearls.com\/wp-content\/uploads\/2024\/01\/IMG_2428-scaled-300x450.jpeg 300w, https:\/\/blackandtanpearls.com\/wp-content\/uploads\/2024\/01\/IMG_2428-scaled-600x900.jpeg 600w, https:\/\/blackandtanpearls.com\/wp-content\/uploads\/2024\/01\/IMG_2428-200x300.jpeg 200w, https:\/\/blackandtanpearls.com\/wp-content\/uploads\/2024\/01\/IMG_2428-768x1152.jpeg 768w, https:\/\/blackandtanpearls.com\/wp-content\/uploads\/2024\/01\/IMG_2428-1024x1536.jpeg 1024w, https:\/\/blackandtanpearls.com\/wp-content\/uploads\/2024\/01\/IMG_2428-1365x2048.jpeg 1365w, https:\/\/blackandtanpearls.com\/wp-content\/uploads\/2024\/01\/IMG_2428-scaled.jpeg 1707w\" sizes=\"(max-width: 683px) 100vw, 683px\" \/>\t\t\t\t\t\t\t\t\t\t\t\t\t\t\t<\/div>\n\t\t\t\t<\/div>\n\t\t\t\t\t<\/div>\n\t\t<\/div>\n\t\t\t\t<div class=\"elementor-column elementor-col-33 elementor-top-column elementor-element elementor-element-28b3998\" data-id=\"28b3998\" data-element_type=\"column\">\n\t\t\t<div class=\"elementor-widget-wrap elementor-element-populated\">\n\t\t\t\t\t\t<div class=\"elementor-element elementor-element-22a408e0 elementor-widget elementor-widget-image\" data-id=\"22a408e0\" data-element_type=\"widget\" data-widget_type=\"image.default\">\n\t\t\t\t<div class=\"elementor-widget-container\">\n\t\t\t\t\t\t\t\t\t\t\t\t\t\t\t<img decoding=\"async\" width=\"683\" height=\"1024\" src=\"https:\/\/blackandtanpearls.com\/wp-content\/uploads\/2024\/01\/IMG_2427-1-683x1024.jpeg\" class=\"elementor-animation-grow attachment-large size-large wp-image-5111\" alt=\"\" srcset=\"https:\/\/blackandtanpearls.com\/wp-content\/uploads\/2024\/01\/IMG_2427-1-683x1024.jpeg 683w, https:\/\/blackandtanpearls.com\/wp-content\/uploads\/2024\/01\/IMG_2427-1-scaled-300x450.jpeg 300w, https:\/\/blackandtanpearls.com\/wp-content\/uploads\/2024\/01\/IMG_2427-1-scaled-600x900.jpeg 600w, https:\/\/blackandtanpearls.com\/wp-content\/uploads\/2024\/01\/IMG_2427-1-200x300.jpeg 200w, https:\/\/blackandtanpearls.com\/wp-content\/uploads\/2024\/01\/IMG_2427-1-768x1152.jpeg 768w, https:\/\/blackandtanpearls.com\/wp-content\/uploads\/2024\/01\/IMG_2427-1-1024x1536.jpeg 1024w, https:\/\/blackandtanpearls.com\/wp-content\/uploads\/2024\/01\/IMG_2427-1-1365x2048.jpeg 1365w, https:\/\/blackandtanpearls.com\/wp-content\/uploads\/2024\/01\/IMG_2427-1-scaled.jpeg 1707w\" sizes=\"(max-width: 683px) 100vw, 683px\" \/>\t\t\t\t\t\t\t\t\t\t\t\t\t\t\t<\/div>\n\t\t\t\t<\/div>\n\t\t\t\t<div class=\"elementor-element elementor-element-14cb7106 elementor-widget elementor-widget-text-editor\" data-id=\"14cb7106\" data-element_type=\"widget\" data-widget_type=\"text-editor.default\">\n\t\t\t\t<div class=\"elementor-widget-container\">\n\t\t\t\t\t\t\t\t\t<h3>No meu Blog, compartilharei minha vasta experi\u00eancia e conhecimento no mundo dos Rottweilers, detalhando minha jornada pessoal, percep\u00e7\u00f5es e li\u00e7\u00f5es aprendidas.<br \/>Fique conectado e informado assinando nosso Newsletter para receber as \u00faltimas atualiza\u00e7\u00f5es!<\/h3>\t\t\t\t\t\t\t\t<\/div>\n\t\t\t\t<\/div>\n\t\t\t\t\t<\/div>\n\t\t<\/div>\n\t\t\t\t<div class=\"elementor-column elementor-col-33 elementor-top-column elementor-element elementor-element-3a0963ca\" data-id=\"3a0963ca\" data-element_type=\"column\">\n\t\t\t<div class=\"elementor-widget-wrap elementor-element-populated\">\n\t\t\t\t\t\t<div class=\"elementor-element elementor-element-1047cfd8 elementor-widget elementor-widget-image\" data-id=\"1047cfd8\" data-element_type=\"widget\" data-widget_type=\"image.default\">\n\t\t\t\t<div class=\"elementor-widget-container\">\n\t\t\t\t\t\t\t\t\t\t\t\t\t\t\t<img decoding=\"async\" width=\"1707\" height=\"2560\" src=\"https:\/\/blackandtanpearls.com\/wp-content\/uploads\/2024\/01\/IMG_2341-scaled.jpeg\" class=\"elementor-animation-grow attachment-full size-full wp-image-5126\" alt=\"\" srcset=\"https:\/\/blackandtanpearls.com\/wp-content\/uploads\/2024\/01\/IMG_2341-scaled.jpeg 1707w, https:\/\/blackandtanpearls.com\/wp-content\/uploads\/2024\/01\/IMG_2341-scaled-300x450.jpeg 300w, https:\/\/blackandtanpearls.com\/wp-content\/uploads\/2024\/01\/IMG_2341-scaled-600x900.jpeg 600w, https:\/\/blackandtanpearls.com\/wp-content\/uploads\/2024\/01\/IMG_2341-200x300.jpeg 200w, https:\/\/blackandtanpearls.com\/wp-content\/uploads\/2024\/01\/IMG_2341-683x1024.jpeg 683w, https:\/\/blackandtanpearls.com\/wp-content\/uploads\/2024\/01\/IMG_2341-768x1152.jpeg 768w, https:\/\/blackandtanpearls.com\/wp-content\/uploads\/2024\/01\/IMG_2341-1024x1536.jpeg 1024w, https:\/\/blackandtanpearls.com\/wp-content\/uploads\/2024\/01\/IMG_2341-1365x2048.jpeg 1365w\" sizes=\"(max-width: 1707px) 100vw, 1707px\" \/>\t\t\t\t\t\t\t\t\t\t\t\t\t\t\t<\/div>\n\t\t\t\t<\/div>\n\t\t\t\t\t<\/div>\n\t\t<\/div>\n\t\t\t\t\t<\/div>\n\t\t<\/section>\n\t\t\t\t<\/div>\n\t\t","protected":false},"excerpt":{"rendered":"<p>Sobre N\u00f3s The Cappa Canil profissional de Rottweilers Black and Tan Pearls Bem-vindo \u00e0 Black And Tan Pearls, um canil profissional de Rottweilers localizado na S\u00e9rvia. Fundado em 2016 por Jovana Gavrilovic, nosso canil se concentra na cria\u00e7\u00e3o de Rottweilers de alta qualidade e na oferta de s\u00eamen congelado para envio global. Temos muito orgulho [&hellip;]<\/p>\n","protected":false},"author":21,"featured_media":0,"parent":0,"menu_order":0,"comment_status":"closed","ping_status":"closed","template":"page-templates\/home.php","meta":{"footnotes":""},"class_list":["post-3230","page","type-page","status-publish","hentry"],"acf":[],"_links":{"self":[{"href":"https:\/\/blackandtanpearls.com\/pt-pt\/wp-json\/wp\/v2\/pages\/3230","targetHints":{"allow":["GET"]}}],"collection":[{"href":"https:\/\/blackandtanpearls.com\/pt-pt\/wp-json\/wp\/v2\/pages"}],"about":[{"href":"https:\/\/blackandtanpearls.com\/pt-pt\/wp-json\/wp\/v2\/types\/page"}],"author":[{"embeddable":true,"href":"https:\/\/blackandtanpearls.com\/pt-pt\/wp-json\/wp\/v2\/users\/21"}],"replies":[{"embeddable":true,"href":"https:\/\/blackandtanpearls.com\/pt-pt\/wp-json\/wp\/v2\/comments?post=3230"}],"version-history":[{"count":199,"href":"https:\/\/blackandtanpearls.com\/pt-pt\/wp-json\/wp\/v2\/pages\/3230\/revisions"}],"predecessor-version":[{"id":12694,"href":"https:\/\/blackandtanpearls.com\/pt-pt\/wp-json\/wp\/v2\/pages\/3230\/revisions\/12694"}],"wp:attachment":[{"href":"https:\/\/blackandtanpearls.com\/pt-pt\/wp-json\/wp\/v2\/media?parent=3230"}],"curies":[{"name":"wp","href":"https:\/\/api.w.org\/{rel}","templated":true}]}}