{"id":4155,"date":"2022-09-30T09:02:12","date_gmt":"2022-09-30T09:02:12","guid":{"rendered":"https:\/\/blackandtanpearls.w3lab.dev\/shipping\/"},"modified":"2024-09-10T11:07:45","modified_gmt":"2024-09-10T11:07:45","slug":"envio","status":"publish","type":"page","link":"https:\/\/blackandtanpearls.com\/pt-pt\/envio\/","title":{"rendered":"Envio"},"content":{"rendered":"\t\t<div data-elementor-type=\"wp-page\" data-elementor-id=\"4155\" class=\"elementor elementor-4155 elementor-1580\">\n\t\t\t\t\t\t<section class=\"elementor-section elementor-top-section elementor-element elementor-element-510a6027 elementor-section-full_width elementor-section-height-default elementor-section-height-default\" data-id=\"510a6027\" data-element_type=\"section\">\n\t\t\t\t\t\t<div class=\"elementor-container elementor-column-gap-no\">\n\t\t\t\t\t<div class=\"elementor-column elementor-col-100 elementor-top-column elementor-element elementor-element-748ddcb\" data-id=\"748ddcb\" data-element_type=\"column\">\n\t\t\t<div class=\"elementor-widget-wrap elementor-element-populated\">\n\t\t\t\t\t\t<div class=\"elementor-element elementor-element-2b07b43a elementor-align-left elementor-widget elementor-widget-pages-banner\" data-id=\"2b07b43a\" data-element_type=\"widget\" data-widget_type=\"pages-banner.default\">\n\t\t\t\t<div class=\"elementor-widget-container\">\n\t\t\t\t\t\r\n\t\t\t\t<div class=\"banner-header section-padding valign bg-img bg-fixed\" data-overlay-dark=\"4\" data-background=\"https:\/\/blackandtanpearls.com\/wp-content\/uploads\/2024\/01\/IMG_0412.jpeg\">\r\n\t\t\t\t\t<div class=\"container\">\r\n\t\t\t\t<div class=\"row\">\r\n\t\t\t\t\t<div class=\"col-md-12 caption mt-90\">\r\n\t\t\t\t\t\t\t\t\t\t\t\t\t\t\t\t\t\t<h1>Envio<\/h1>\r\n\t\t\t\t\t\t\t\t\t\t\t<\/div>\r\n\t\t\t\t<\/div>\r\n\t\t\t<\/div>\r\n\t\t<\/div>\r\n\r\n\t\t\t\t\t<\/div>\n\t\t\t\t<\/div>\n\t\t\t\t\t<\/div>\n\t\t<\/div>\n\t\t\t\t\t<\/div>\n\t\t<\/section>\n\t\t\t\t<section class=\"elementor-section elementor-top-section elementor-element elementor-element-2cdf462 elementor-section-boxed elementor-section-height-default elementor-section-height-default\" data-id=\"2cdf462\" data-element_type=\"section\">\n\t\t\t\t\t\t<div class=\"elementor-container elementor-column-gap-default\">\n\t\t\t\t\t<div class=\"elementor-column elementor-col-100 elementor-top-column elementor-element elementor-element-62cdc6f\" data-id=\"62cdc6f\" data-element_type=\"column\">\n\t\t\t<div class=\"elementor-widget-wrap elementor-element-populated\">\n\t\t\t\t\t\t<section class=\"elementor-section elementor-inner-section elementor-element elementor-element-c8ea2c0 elementor-section-boxed elementor-section-height-default elementor-section-height-default\" data-id=\"c8ea2c0\" data-element_type=\"section\">\n\t\t\t\t\t\t<div class=\"elementor-container elementor-column-gap-default\">\n\t\t\t\t\t<div class=\"elementor-column elementor-col-100 elementor-inner-column elementor-element elementor-element-9171ce2\" data-id=\"9171ce2\" data-element_type=\"column\">\n\t\t\t<div class=\"elementor-widget-wrap elementor-element-populated\">\n\t\t\t\t\t\t<div class=\"elementor-element elementor-element-bbca2e9 section-suptitle elementor-widget elementor-widget-heading\" data-id=\"bbca2e9\" data-element_type=\"widget\" data-widget_type=\"heading.default\">\n\t\t\t\t<div class=\"elementor-widget-container\">\n\t\t\t\t\t<h6 class=\"elementor-heading-title elementor-size-default\">Black And Tan Pearls<\/h6>\t\t\t\t<\/div>\n\t\t\t\t<\/div>\n\t\t\t\t\t<\/div>\n\t\t<\/div>\n\t\t\t\t\t<\/div>\n\t\t<\/section>\n\t\t\t\t<section class=\"elementor-section elementor-inner-section elementor-element elementor-element-ace14ec elementor-section-boxed elementor-section-height-default elementor-section-height-default\" data-id=\"ace14ec\" data-element_type=\"section\">\n\t\t\t\t\t\t<div class=\"elementor-container elementor-column-gap-default\">\n\t\t\t\t\t<div class=\"elementor-column elementor-col-100 elementor-inner-column elementor-element elementor-element-235c886\" data-id=\"235c886\" data-element_type=\"column\">\n\t\t\t<div class=\"elementor-widget-wrap elementor-element-populated\">\n\t\t\t\t\t\t<div class=\"elementor-element elementor-element-205ffa5 elementor-widget elementor-widget-text-editor\" data-id=\"205ffa5\" data-element_type=\"widget\" data-widget_type=\"text-editor.default\">\n\t\t\t\t<div class=\"elementor-widget-container\">\n\t\t\t\t\t\t\t\t\t<h2><strong>Colaboramos com as melhores empresas de transporte para cada destino, garantindo que nossos Rottweilers cheguem ao destino da maneira mais segura e r\u00e1pida poss\u00edvel. Nossa parceria com as principais empresas de transporte nos permite oferecer o melhor servi\u00e7o de entrega para cada pa\u00eds e regi\u00e3o.<\/strong><\/h2><h2><strong>O envio \u00e9 feito por via terrestre e a\u00e9rea, dependendo do destino. Para dist\u00e2ncias mais curtas, utilizamos servi\u00e7os de entrega terrestre r\u00e1pidos e confi\u00e1veis, enquanto, para dist\u00e2ncias mais longas, usamos os servi\u00e7os das principais companhias a\u00e9reas para garantir uma entrega r\u00e1pida e segura.<\/strong><\/h2><h2><strong>As empresas de transporte levam a s\u00e9rio a seguran\u00e7a e o conforto dos nossos Rottweilers durante o transporte. Os c\u00e3es s\u00e3o mantidos em uma \u00e1rea separada na aeronave\/van, com ventila\u00e7\u00e3o adequada e temperatura controlada. Tigelas de comida e \u00e1gua s\u00e3o fixadas nas caixas de transporte, permitindo que os c\u00e3es comam e bebam durante a viagem.<\/strong><\/h2><h2><strong>Nas \u00e1reas de espera designadas entre voos de conex\u00e3o, todos os c\u00e3es s\u00e3o mantidos sob observa\u00e7\u00e3o por funcion\u00e1rios em terra.<\/strong><\/h2><h2><strong>Os c\u00e3es s\u00e3o passeados, e, se necess\u00e1rio, recebem \u00e1gua fresca ou comida adicional.<\/strong><\/h2><h2><strong>Transportamos pessoalmente os c\u00e3es at\u00e9 o aeroporto ou outros locais de encontro onde a empresa de transporte os recolhe. Colocamos os c\u00e3es em suas caixas de transporte e fornecemos aos novos donos v\u00eddeos e imagens de seus c\u00e3es antes da viagem.<\/strong><\/h2>\t\t\t\t\t\t\t\t<\/div>\n\t\t\t\t<\/div>\n\t\t\t\t\t<\/div>\n\t\t<\/div>\n\t\t\t\t\t<\/div>\n\t\t<\/section>\n\t\t\t\t\t<\/div>\n\t\t<\/div>\n\t\t\t\t\t<\/div>\n\t\t<\/section>\n\t\t\t\t<section class=\"elementor-section elementor-top-section elementor-element elementor-element-7875b86 elementor-section-boxed elementor-section-height-default elementor-section-height-default\" data-id=\"7875b86\" data-element_type=\"section\">\n\t\t\t\t\t\t<div class=\"elementor-container elementor-column-gap-default\">\n\t\t\t\t\t<div class=\"elementor-column elementor-col-100 elementor-top-column elementor-element elementor-element-3c16557\" data-id=\"3c16557\" data-element_type=\"column\">\n\t\t\t<div class=\"elementor-widget-wrap elementor-element-populated\">\n\t\t\t\t\t\t<div class=\"elementor-element elementor-element-cae8498 elementor-arrows-position-inside elementor-pagination-position-outside elementor-widget elementor-widget-image-carousel\" data-id=\"cae8498\" data-element_type=\"widget\" data-settings=\"{&quot;navigation&quot;:&quot;both&quot;,&quot;autoplay&quot;:&quot;yes&quot;,&quot;pause_on_hover&quot;:&quot;yes&quot;,&quot;pause_on_interaction&quot;:&quot;yes&quot;,&quot;autoplay_speed&quot;:5000,&quot;infinite&quot;:&quot;yes&quot;,&quot;speed&quot;:500}\" data-widget_type=\"image-carousel.default\">\n\t\t\t\t<div class=\"elementor-widget-container\">\n\t\t\t\t\t\t\t<div class=\"elementor-image-carousel-wrapper swiper\" role=\"region\" aria-roledescription=\"carousel\" aria-label=\"Carrossel de imagens\" dir=\"ltr\">\n\t\t\t<div class=\"elementor-image-carousel swiper-wrapper\" aria-live=\"off\">\n\t\t\t\t\t\t\t\t<div class=\"swiper-slide\" role=\"group\" aria-roledescription=\"slide\" aria-label=\"1 of 5\"><figure class=\"swiper-slide-inner\"><img decoding=\"async\" class=\"swiper-slide-image\" src=\"https:\/\/blackandtanpearls.com\/wp-content\/uploads\/2024\/07\/778E26DC-51E7-4784-B265-A251B1D393D4.jpeg\" alt=\"778E26DC-51E7-4784-B265-A251B1D393D4\" \/><\/figure><\/div><div class=\"swiper-slide\" role=\"group\" aria-roledescription=\"slide\" aria-label=\"2 of 5\"><figure class=\"swiper-slide-inner\"><img decoding=\"async\" class=\"swiper-slide-image\" src=\"https:\/\/blackandtanpearls.com\/wp-content\/uploads\/2024\/07\/851033F2-67B5-4E47-B864-976A4271CD04.jpeg\" alt=\"851033F2-67B5-4E47-B864-976A4271CD04\" \/><\/figure><\/div><div class=\"swiper-slide\" role=\"group\" aria-roledescription=\"slide\" aria-label=\"3 of 5\"><figure class=\"swiper-slide-inner\"><img decoding=\"async\" class=\"swiper-slide-image\" src=\"https:\/\/blackandtanpearls.com\/wp-content\/uploads\/2024\/07\/A313E7BE-EB3C-44F9-A7D9-2E846A1203D6.jpeg\" alt=\"A313E7BE-EB3C-44F9-A7D9-2E846A1203D6\" \/><\/figure><\/div><div class=\"swiper-slide\" role=\"group\" aria-roledescription=\"slide\" aria-label=\"4 of 5\"><figure class=\"swiper-slide-inner\"><img decoding=\"async\" class=\"swiper-slide-image\" src=\"https:\/\/blackandtanpearls.com\/wp-content\/uploads\/2024\/07\/1092624E-349B-48BE-856D-DED31ED18C4E.jpeg\" alt=\"1092624E-349B-48BE-856D-DED31ED18C4E\" \/><\/figure><\/div><div class=\"swiper-slide\" role=\"group\" aria-roledescription=\"slide\" aria-label=\"5 of 5\"><figure class=\"swiper-slide-inner\"><img decoding=\"async\" class=\"swiper-slide-image\" src=\"https:\/\/blackandtanpearls.com\/wp-content\/uploads\/2024\/07\/727D12AB-EDE8-4E97-8719-4F1CA98C36A5.jpeg\" alt=\"727D12AB-EDE8-4E97-8719-4F1CA98C36A5\" \/><\/figure><\/div>\t\t\t<\/div>\n\t\t\t\t\t\t\t\t\t\t\t\t<div class=\"elementor-swiper-button elementor-swiper-button-prev\" role=\"button\" tabindex=\"0\">\n\t\t\t\t\t\t<i aria-hidden=\"true\" class=\"eicon-chevron-left\"><\/i>\t\t\t\t\t<\/div>\n\t\t\t\t\t<div class=\"elementor-swiper-button elementor-swiper-button-next\" role=\"button\" tabindex=\"0\">\n\t\t\t\t\t\t<i aria-hidden=\"true\" class=\"eicon-chevron-right\"><\/i>\t\t\t\t\t<\/div>\n\t\t\t\t\n\t\t\t\t\t\t\t\t\t<div class=\"swiper-pagination\"><\/div>\n\t\t\t\t\t\t\t\t\t<\/div>\n\t\t\t\t\t\t<\/div>\n\t\t\t\t<\/div>\n\t\t\t\t\t<\/div>\n\t\t<\/div>\n\t\t\t\t\t<\/div>\n\t\t<\/section>\n\t\t\t\t<section class=\"elementor-section elementor-top-section elementor-element elementor-element-39c843e elementor-section-boxed elementor-section-height-default elementor-section-height-default\" data-id=\"39c843e\" data-element_type=\"section\">\n\t\t\t\t\t\t<div class=\"elementor-container elementor-column-gap-default\">\n\t\t\t\t\t<div class=\"elementor-column elementor-col-100 elementor-top-column elementor-element elementor-element-3f48ef8\" data-id=\"3f48ef8\" data-element_type=\"column\">\n\t\t\t<div class=\"elementor-widget-wrap elementor-element-populated\">\n\t\t\t\t\t\t<div class=\"elementor-element elementor-element-9b0ab3d elementor-widget elementor-widget-text-editor\" data-id=\"9b0ab3d\" data-element_type=\"widget\" data-widget_type=\"text-editor.default\">\n\t\t\t\t<div class=\"elementor-widget-container\">\n\t\t\t\t\t\t\t\t\t<h2><strong>As empresas com as quais trabalhamos tamb\u00e9m oferecem entrega porta a porta nos EUA, Europa e Reino Unido, garantindo que o seu novo filhote de Rottweiler chegue em seguran\u00e7a \u00e0 sua porta.<\/strong><\/h2><h2><strong>Todos os nossos c\u00e3es ter\u00e3o passaporte para animais de estima\u00e7\u00e3o e todas as vacinas em dia, al\u00e9m de um certificado de sa\u00fade emitido por um veterin\u00e1rio oficial que ateste que o c\u00e3o est\u00e1 apto para viajar.<\/strong><\/h2><h2><strong>Se tiver mais alguma d\u00favida sobre o processo de envio para o seu pa\u00eds, n\u00e3o hesite em nos contatar. Nossa equipe ficar\u00e1 muito feliz em explicar cada detalhe e responder a qualquer pergunta que voc\u00ea possa ter.<\/strong><\/h2><h2><strong>Esperamos ouvir de voc\u00ea em breve!<\/strong><\/h2>\t\t\t\t\t\t\t\t<\/div>\n\t\t\t\t<\/div>\n\t\t\t\t\t<\/div>\n\t\t<\/div>\n\t\t\t\t\t<\/div>\n\t\t<\/section>\n\t\t\t\t<section class=\"elementor-section elementor-top-section elementor-element elementor-element-bf4a41f elementor-section-boxed elementor-section-height-default elementor-section-height-default\" data-id=\"bf4a41f\" data-element_type=\"section\">\n\t\t\t\t\t\t<div class=\"elementor-container elementor-column-gap-default\">\n\t\t\t\t\t<div class=\"elementor-column elementor-col-100 elementor-top-column elementor-element elementor-element-ac33431\" data-id=\"ac33431\" data-element_type=\"column\">\n\t\t\t<div class=\"elementor-widget-wrap elementor-element-populated\">\n\t\t\t\t\t\t<div class=\"elementor-element elementor-element-ac3fd44 elementor-arrows-position-inside elementor-pagination-position-outside elementor-widget elementor-widget-image-carousel\" data-id=\"ac3fd44\" data-element_type=\"widget\" data-settings=\"{&quot;navigation&quot;:&quot;both&quot;,&quot;autoplay&quot;:&quot;yes&quot;,&quot;pause_on_hover&quot;:&quot;yes&quot;,&quot;pause_on_interaction&quot;:&quot;yes&quot;,&quot;autoplay_speed&quot;:5000,&quot;infinite&quot;:&quot;yes&quot;,&quot;speed&quot;:500}\" data-widget_type=\"image-carousel.default\">\n\t\t\t\t<div class=\"elementor-widget-container\">\n\t\t\t\t\t\t\t<div class=\"elementor-image-carousel-wrapper swiper\" role=\"region\" aria-roledescription=\"carousel\" aria-label=\"Carrossel de imagens\" dir=\"ltr\">\n\t\t\t<div class=\"elementor-image-carousel swiper-wrapper\" aria-live=\"off\">\n\t\t\t\t\t\t\t\t<div class=\"swiper-slide\" role=\"group\" aria-roledescription=\"slide\" aria-label=\"1 of 8\"><figure class=\"swiper-slide-inner\"><img decoding=\"async\" class=\"swiper-slide-image\" src=\"https:\/\/blackandtanpearls.com\/wp-content\/uploads\/2023\/12\/IMG_1716-scaled.jpeg\" alt=\"IMG_1716\" \/><\/figure><\/div><div class=\"swiper-slide\" role=\"group\" aria-roledescription=\"slide\" aria-label=\"2 of 8\"><figure class=\"swiper-slide-inner\"><img decoding=\"async\" class=\"swiper-slide-image\" src=\"https:\/\/blackandtanpearls.com\/wp-content\/uploads\/2023\/12\/23899091-17a3-4199-88a5-4f0c89a6378b.jpeg\" alt=\"23899091-17a3-4199-88a5-4f0c89a6378b\" \/><\/figure><\/div><div class=\"swiper-slide\" role=\"group\" aria-roledescription=\"slide\" aria-label=\"3 of 8\"><figure class=\"swiper-slide-inner\"><img decoding=\"async\" class=\"swiper-slide-image\" src=\"https:\/\/blackandtanpearls.com\/wp-content\/uploads\/2023\/12\/e02faa13-f901-4797-81b1-0d3c596771b6.jpeg\" alt=\"e02faa13-f901-4797-81b1-0d3c596771b6\" \/><\/figure><\/div><div class=\"swiper-slide\" role=\"group\" aria-roledescription=\"slide\" aria-label=\"4 of 8\"><figure class=\"swiper-slide-inner\"><img decoding=\"async\" class=\"swiper-slide-image\" src=\"https:\/\/blackandtanpearls.com\/wp-content\/uploads\/2023\/12\/b40e413f-0a51-4f0c-ab9b-abcc647e6a6b.jpeg\" alt=\"b40e413f-0a51-4f0c-ab9b-abcc647e6a6b\" \/><\/figure><\/div><div class=\"swiper-slide\" role=\"group\" aria-roledescription=\"slide\" aria-label=\"5 of 8\"><figure class=\"swiper-slide-inner\"><img decoding=\"async\" class=\"swiper-slide-image\" src=\"https:\/\/blackandtanpearls.com\/wp-content\/uploads\/2023\/12\/f1ee11cf-d214-4122-882b-c055a4bc509e.jpeg\" alt=\"f1ee11cf-d214-4122-882b-c055a4bc509e\" \/><\/figure><\/div><div class=\"swiper-slide\" role=\"group\" aria-roledescription=\"slide\" aria-label=\"6 of 8\"><figure class=\"swiper-slide-inner\"><img decoding=\"async\" class=\"swiper-slide-image\" src=\"https:\/\/blackandtanpearls.com\/wp-content\/uploads\/2023\/12\/IMG_0669-scaled.jpeg\" alt=\"IMG_0669\" \/><\/figure><\/div><div class=\"swiper-slide\" role=\"group\" aria-roledescription=\"slide\" aria-label=\"7 of 8\"><figure class=\"swiper-slide-inner\"><img decoding=\"async\" class=\"swiper-slide-image\" src=\"https:\/\/blackandtanpearls.com\/wp-content\/uploads\/2023\/12\/d9c47c74-c053-485c-b23a-1c1165045c62.jpeg\" alt=\"d9c47c74-c053-485c-b23a-1c1165045c62\" \/><\/figure><\/div><div class=\"swiper-slide\" role=\"group\" aria-roledescription=\"slide\" aria-label=\"8 of 8\"><figure class=\"swiper-slide-inner\"><img decoding=\"async\" class=\"swiper-slide-image\" src=\"https:\/\/blackandtanpearls.com\/wp-content\/uploads\/2023\/12\/f2f1a47e-76a3-4444-89a6-2f3c0a24909f.jpeg\" alt=\"f2f1a47e-76a3-4444-89a6-2f3c0a24909f\" \/><\/figure><\/div>\t\t\t<\/div>\n\t\t\t\t\t\t\t\t\t\t\t\t<div class=\"elementor-swiper-button elementor-swiper-button-prev\" role=\"button\" tabindex=\"0\">\n\t\t\t\t\t\t<i aria-hidden=\"true\" class=\"eicon-chevron-left\"><\/i>\t\t\t\t\t<\/div>\n\t\t\t\t\t<div class=\"elementor-swiper-button elementor-swiper-button-next\" role=\"button\" tabindex=\"0\">\n\t\t\t\t\t\t<i aria-hidden=\"true\" class=\"eicon-chevron-right\"><\/i>\t\t\t\t\t<\/div>\n\t\t\t\t\n\t\t\t\t\t\t\t\t\t<div class=\"swiper-pagination\"><\/div>\n\t\t\t\t\t\t\t\t\t<\/div>\n\t\t\t\t\t\t<\/div>\n\t\t\t\t<\/div>\n\t\t\t\t\t<\/div>\n\t\t<\/div>\n\t\t\t\t\t<\/div>\n\t\t<\/section>\n\t\t\t\t<section class=\"elementor-section elementor-top-section elementor-element elementor-element-b097641 elementor-section-boxed elementor-section-height-default elementor-section-height-default\" data-id=\"b097641\" data-element_type=\"section\">\n\t\t\t\t\t\t<div class=\"elementor-container elementor-column-gap-default\">\n\t\t\t\t\t<div class=\"elementor-column elementor-col-100 elementor-top-column elementor-element elementor-element-fbf7353\" data-id=\"fbf7353\" data-element_type=\"column\">\n\t\t\t<div class=\"elementor-widget-wrap elementor-element-populated\">\n\t\t\t\t\t\t<div class=\"elementor-element elementor-element-a14f409 elementor-widget elementor-widget-spacer\" data-id=\"a14f409\" data-element_type=\"widget\" data-widget_type=\"spacer.default\">\n\t\t\t\t<div class=\"elementor-widget-container\">\n\t\t\t\t\t\t\t<div class=\"elementor-spacer\">\n\t\t\t<div class=\"elementor-spacer-inner\"><\/div>\n\t\t<\/div>\n\t\t\t\t\t\t<\/div>\n\t\t\t\t<\/div>\n\t\t\t\t\t<\/div>\n\t\t<\/div>\n\t\t\t\t\t<\/div>\n\t\t<\/section>\n\t\t\t\t<section class=\"elementor-section elementor-top-section elementor-element elementor-element-6ce8f8e elementor-section-boxed elementor-section-height-default elementor-section-height-default\" data-id=\"6ce8f8e\" data-element_type=\"section\">\n\t\t\t\t\t\t<div class=\"elementor-container elementor-column-gap-default\">\n\t\t\t\t\t<div class=\"elementor-column elementor-col-25 elementor-top-column elementor-element elementor-element-fc6430d\" data-id=\"fc6430d\" data-element_type=\"column\">\n\t\t\t<div class=\"elementor-widget-wrap elementor-element-populated\">\n\t\t\t\t\t\t<div class=\"elementor-element elementor-element-e38afee elementor-widget elementor-widget-video\" data-id=\"e38afee\" data-element_type=\"widget\" data-settings=\"{&quot;video_type&quot;:&quot;hosted&quot;,&quot;loop&quot;:&quot;yes&quot;,&quot;autoplay&quot;:&quot;yes&quot;,&quot;play_on_mobile&quot;:&quot;yes&quot;,&quot;mute&quot;:&quot;yes&quot;}\" data-widget_type=\"video.default\">\n\t\t\t\t<div class=\"elementor-widget-container\">\n\t\t\t\t\t\t\t<div class=\"e-hosted-video elementor-wrapper elementor-open-inline\">\n\t\t\t\t\t<video class=\"elementor-video\" src=\"https:\/\/blackandtanpearls.com\/wp-content\/uploads\/2024\/07\/IMG_0650.mov\" autoplay=\"\" loop=\"\" muted=\"muted\" playsinline=\"\" controlsList=\"nodownload\"><\/video>\n\t\t\t\t<\/div>\n\t\t\t\t\t\t<\/div>\n\t\t\t\t<\/div>\n\t\t\t\t\t<\/div>\n\t\t<\/div>\n\t\t\t\t<div class=\"elementor-column elementor-col-25 elementor-top-column elementor-element elementor-element-012b6ed\" data-id=\"012b6ed\" data-element_type=\"column\">\n\t\t\t<div class=\"elementor-widget-wrap\">\n\t\t\t\t\t\t\t<\/div>\n\t\t<\/div>\n\t\t\t\t<div class=\"elementor-column elementor-col-25 elementor-top-column elementor-element elementor-element-1a49a80\" data-id=\"1a49a80\" data-element_type=\"column\">\n\t\t\t<div class=\"elementor-widget-wrap\">\n\t\t\t\t\t\t\t<\/div>\n\t\t<\/div>\n\t\t\t\t<div class=\"elementor-column elementor-col-25 elementor-top-column elementor-element elementor-element-38d557c\" data-id=\"38d557c\" data-element_type=\"column\">\n\t\t\t<div class=\"elementor-widget-wrap\">\n\t\t\t\t\t\t\t<\/div>\n\t\t<\/div>\n\t\t\t\t\t<\/div>\n\t\t<\/section>\n\t\t\t\t<\/div>\n\t\t","protected":false},"excerpt":{"rendered":"<p>Envio Black And Tan Pearls Colaboramos com as melhores empresas de transporte para cada destino, garantindo que nossos Rottweilers cheguem ao destino da maneira mais segura e r\u00e1pida poss\u00edvel. Nossa parceria com as principais empresas de transporte nos permite oferecer o melhor servi\u00e7o de entrega para cada pa\u00eds e regi\u00e3o. O envio \u00e9 feito por [&hellip;]<\/p>\n","protected":false},"author":21,"featured_media":0,"parent":0,"menu_order":0,"comment_status":"open","ping_status":"closed","template":"elementor_header_footer","meta":{"footnotes":""},"class_list":["post-4155","page","type-page","status-publish","hentry"],"acf":[],"_links":{"self":[{"href":"https:\/\/blackandtanpearls.com\/pt-pt\/wp-json\/wp\/v2\/pages\/4155","targetHints":{"allow":["GET"]}}],"collection":[{"href":"https:\/\/blackandtanpearls.com\/pt-pt\/wp-json\/wp\/v2\/pages"}],"about":[{"href":"https:\/\/blackandtanpearls.com\/pt-pt\/wp-json\/wp\/v2\/types\/page"}],"author":[{"embeddable":true,"href":"https:\/\/blackandtanpearls.com\/pt-pt\/wp-json\/wp\/v2\/users\/21"}],"replies":[{"embeddable":true,"href":"https:\/\/blackandtanpearls.com\/pt-pt\/wp-json\/wp\/v2\/comments?post=4155"}],"version-history":[{"count":22,"href":"https:\/\/blackandtanpearls.com\/pt-pt\/wp-json\/wp\/v2\/pages\/4155\/revisions"}],"predecessor-version":[{"id":12794,"href":"https:\/\/blackandtanpearls.com\/pt-pt\/wp-json\/wp\/v2\/pages\/4155\/revisions\/12794"}],"wp:attachment":[{"href":"https:\/\/blackandtanpearls.com\/pt-pt\/wp-json\/wp\/v2\/media?parent=4155"}],"curies":[{"name":"wp","href":"https:\/\/api.w.org\/{rel}","templated":true}]}}