{"id":24249,"date":"2026-01-29T13:48:47","date_gmt":"2026-01-29T13:48:47","guid":{"rendered":"https:\/\/blackandtanpearls.com\/product\/deposito-de-ninhadas-futuras\/"},"modified":"2026-01-31T22:12:37","modified_gmt":"2026-01-31T22:12:37","slug":"deposito-de-ninhadas-futuras","status":"publish","type":"product","link":"https:\/\/blackandtanpearls.com\/pt-pt\/produto\/deposito-de-ninhadas-futuras\/","title":{"rendered":"Dep\u00f3sito de Ninhadas Futuras"},"content":{"rendered":"<p>Ao comprar este produto, est\u00e1s a fazer um dep\u00f3sito de 500 EUR (ou o montante equivalente na moeda que escolheres) <\/span>para um cachorro de qualquer ninhada futura nos pr\u00f3ximos 12 meses.  <\/p>\r\n\r\n<p>Este dep\u00f3sito mant\u00e9m a tua reserva durante 1 ano inteiro, dando-te acesso antecipado e prioridade na sele\u00e7\u00e3o.<\/p>\r\n\r\n<p><strong>O que inclui este dep\u00f3sito:<\/strong><\/p>\r\n\r\n&#8211; Dep\u00f3sito de 500 EUR (ou o montante equivalente na moeda que escolheres) reservado para um cachorro<\/br>\r\n\r\n&#8211; Reserva v\u00e1lida por 1 ano (12 meses)<\/br>\r\n\r\n&#8211; Ser\u00e1s um dos primeiros a ser informado sobre as pr\u00f3ximas ninhadas<\/br>\r\n\r\n&#8211; Tens o direito de escolher a tua ninhada preferida durante o per\u00edodo de 12 meses<\/br>\r\n\r\n&#8211; Comunica\u00e7\u00e3o e apoio priorit\u00e1rios durante o teu per\u00edodo de espera<\/br>\r\n\r\n<p><strong>Vantagem de pre\u00e7o especial (bloqueado):<\/strong><\/p>\r\n\r\n<p>Ao fazeres o dep\u00f3sito desta forma, est\u00e1s a garantir o pre\u00e7o do cachorro a:<\/p>\r\n\r\n<p>3000 EUR por cachorro (ou o montante equivalente na moeda que escolheres) + custos de envio<\/span><span> <\/span><span>(o envio depende da tua localiza\u00e7\u00e3o)<p>\r\n\r\n<p>Tem em aten\u00e7\u00e3o que o pre\u00e7o para reservar cachorros separadamente pode aumentar ao longo do ano, mas ao fazeres este dep\u00f3sito para a futura ninhada, o pre\u00e7o do teu cachorro fica assegurado durante o per\u00edodo de reserva de 12 meses.<\/p>\r\n\r\n<p><strong>Dedu\u00e7\u00e3o do dep\u00f3sito (importante):<\/strong><\/p>\r\n\r\n<p>O teu dep\u00f3sito de 500 EUR \u00e9 deduzido do pre\u00e7o total do cachorro.<\/p>\r\n\r\n<p>Isso quer dizer que:<\/p>\r\n\r\n3000 EUR pre\u00e7o total do cachorro<\/br>\r\n\r\n&#8211; Dep\u00f3sito de 500 EUR<\/br>\r\n\r\n= saldo restante de 2500 EUR<\/span><span> <\/span><span>(+ custos de envio)<\/br>\r\n\r\n<p><strong>Envio<p><strong>\r\n\r\n<p>Os custos de envio dependem da localiza\u00e7\u00e3o do cliente.<\/p>\r\n\r\n<p>N\u00e3o hesites em contactar-nos com o teu pa\u00eds e fornecer-te-emos em breve um or\u00e7amento exato para o envio.<\/p>\r\n\r\n<p>Oferecemos envio para todo o mundo.<\/p>\r\n\r\n<p><strong>Pol\u00edtica de dep\u00f3sito e condi\u00e7\u00f5es<\/strong><\/p>\r\n\r\n<p>Dep\u00f3sito n\u00e3o reembols\u00e1vel<\/p>\r\n\r\n<p>O dep\u00f3sito n\u00e3o \u00e9 reembols\u00e1vel pelo cliente.<\/p>\r\n\r\n<p>Only Black And Tan Pearls reserva-se o direito de cancelar a reserva\/encomenda e emitir um reembolso total, por qualquer motivo.<\/p>\r\n\r\n<p>Esta pol\u00edtica existe porque os cachorros s\u00e3o muito delicados e amados, e a nossa prioridade \u00e9 sempre garantir que cada cachorro vai para a melhor casa e vida poss\u00edvel.<\/p>\r\n\r\n<p><strong>Op\u00e7\u00e3o de reembolso apenas se n\u00e3o tiveres um cachorro dispon\u00edvel<\/strong><\/p>\r\n\r\n<p>Caso a Black And Tan Pearls n\u00e3o tenha nenhum cachorro dispon\u00edvel para o cliente dentro do per\u00edodo de reserva de 12 meses, o cliente pode escolher uma das seguintes op\u00e7\u00f5es:<\/p>\r\n\r\n-Pedir um reembolso total<\/br>\r\n\r\n<p>OU<\/p>\r\n\r\n&#8211; Renova a reserva para o ano seguinte (sem custos adicionais)<\/br>\r\n\r\n<p><strong>Expira\u00e7\u00e3o do dep\u00f3sito<\/strong><\/p>\r\n\r\n<p>Se o cliente n\u00e3o escolher um cachorro no prazo de 12 meses, o dep\u00f3sito caduca e deixa de poder ser utilizado.<\/p>\r\n\r\n<p><strong>Ordem de Escolha \/ Sele\u00e7\u00e3o de Cachorros<\/strong><\/p>\r\n\r\n<p>Assim que o cliente decidir de que ninhada pretende escolher um cachorro, a Black &amp; Tan Pearls informar\u00e1 o cliente de quantos lugares j\u00e1 est\u00e3o reservados para essa ninhada.<\/p>\r\n\r\n<p>Isto determina a ordem de picking do cliente e a prioridade de sele\u00e7\u00e3o para essa ninhada.<\/p>\r\n\r\n<p><strong>Ap\u00f3s a compra<\/strong><\/p>\r\n\r\n<p>Assim que o dep\u00f3sito for efectuado e o pagamento for bem sucedido, entraremos em contacto contigo pessoalmente para recolher quaisquer detalhes adicionais necess\u00e1rios e para confirmar as tuas prefer\u00eancias. Manter-nos-emos em contacto durante todo o ano e manter-te-emos entre os primeiros informados sobre futuras ninhadas e disponibilidade. <\/p>\r\n\r\n<p>Por vezes, sentes-te pronto no teu cora\u00e7\u00e3o&#8230; mesmo que o teu momento ainda n\u00e3o seja perfeito. Se tens pensado num c\u00e3ozinho, mas est\u00e1s \u00e0 espera do &#8220;momento certo&#8221;, este pode ser o teu sinal do universo, um sinal para reservares o teu futuro membro da fam\u00edlia enquanto tudo se encaixa <\/p>\r\n\r\n&nbsp;\r\n\r\n&nbsp;","protected":false},"excerpt":{"rendered":"<p>N\u00e3o sabes exatamente quando ser\u00e1 a altura certa para receberes um cachorrinho Black And Tan Pearls na tua vida, mas sabes que queres um num futuro pr\u00f3ximo?<\/p>\n<p>Este dep\u00f3sito assegura o teu lugar na nossa lista de espera para futuros litros durante os pr\u00f3ximos 12 meses<\/p>\n<p>Esta \u00e9 a forma perfeita de garantir o teu lugar na fila e come\u00e7ar a tua viagem connosco.<\/p>\n","protected":false},"featured_media":24353,"template":"","meta":[],"product_brand":[],"product_cat":[214],"product_tag":[],"class_list":{"0":"post-24249","1":"product","2":"type-product","3":"status-publish","4":"has-post-thumbnail","6":"product_cat-ninhadas-futuras","8":"first","9":"instock","10":"virtual","11":"purchasable","12":"product-type-simple"},"acf":[],"_links":{"self":[{"href":"https:\/\/blackandtanpearls.com\/pt-pt\/wp-json\/wp\/v2\/product\/24249","targetHints":{"allow":["GET"]}}],"collection":[{"href":"https:\/\/blackandtanpearls.com\/pt-pt\/wp-json\/wp\/v2\/product"}],"about":[{"href":"https:\/\/blackandtanpearls.com\/pt-pt\/wp-json\/wp\/v2\/types\/product"}],"wp:featuredmedia":[{"embeddable":true,"href":"https:\/\/blackandtanpearls.com\/pt-pt\/wp-json\/wp\/v2\/media\/24353"}],"wp:attachment":[{"href":"https:\/\/blackandtanpearls.com\/pt-pt\/wp-json\/wp\/v2\/media?parent=24249"}],"wp:term":[{"taxonomy":"product_brand","embeddable":true,"href":"https:\/\/blackandtanpearls.com\/pt-pt\/wp-json\/wp\/v2\/product_brand?post=24249"},{"taxonomy":"product_cat","embeddable":true,"href":"https:\/\/blackandtanpearls.com\/pt-pt\/wp-json\/wp\/v2\/product_cat?post=24249"},{"taxonomy":"product_tag","embeddable":true,"href":"https:\/\/blackandtanpearls.com\/pt-pt\/wp-json\/wp\/v2\/product_tag?post=24249"}],"curies":[{"name":"wp","href":"https:\/\/api.w.org\/{rel}","templated":true}]}}