{"id":3272,"date":"2022-04-29T02:58:24","date_gmt":"2022-04-29T02:58:24","guid":{"rendered":"https:\/\/blackandtanpearls.w3lab.dev\/gallery\/"},"modified":"2024-06-12T20:56:12","modified_gmt":"2024-06-12T20:56:12","slug":"gallery","status":"publish","type":"page","link":"https:\/\/blackandtanpearls.com\/tr\/gallery\/","title":{"rendered":"Galerimiz"},"content":{"rendered":"\t\t<div data-elementor-type=\"wp-page\" data-elementor-id=\"3272\" class=\"elementor elementor-3272 elementor-84\">\n\t\t\t\t\t\t<section class=\"elementor-section elementor-top-section elementor-element elementor-element-af4cd72 elementor-section-full_width elementor-section-height-default elementor-section-height-default\" data-id=\"af4cd72\" data-element_type=\"section\">\n\t\t\t\t\t\t<div class=\"elementor-container elementor-column-gap-no\">\n\t\t\t\t\t<div class=\"elementor-column elementor-col-100 elementor-top-column elementor-element elementor-element-9d1bb60\" data-id=\"9d1bb60\" data-element_type=\"column\">\n\t\t\t<div class=\"elementor-widget-wrap\">\n\t\t\t\t\t\t\t<\/div>\n\t\t<\/div>\n\t\t\t\t\t<\/div>\n\t\t<\/section>\n\t\t\t\t<section class=\"elementor-section elementor-top-section elementor-element elementor-element-ce1c3f1 elementor-section-full_width elementor-section-height-default elementor-section-height-default\" data-id=\"ce1c3f1\" data-element_type=\"section\" data-settings=\"{&quot;background_background&quot;:&quot;classic&quot;}\">\n\t\t\t\t\t\t<div class=\"elementor-container elementor-column-gap-no\">\n\t\t\t\t\t<div class=\"elementor-column elementor-col-100 elementor-top-column elementor-element elementor-element-f4fc2e0\" data-id=\"f4fc2e0\" data-element_type=\"column\">\n\t\t\t<div class=\"elementor-widget-wrap elementor-element-populated\">\n\t\t\t\t\t\t<div class=\"elementor-element elementor-element-f5c20ea elementor-align-left elementor-hidden-desktop elementor-hidden-tablet elementor-hidden-mobile elementor-widget elementor-widget-pages-gallery\" data-id=\"f5c20ea\" data-element_type=\"widget\" data-widget_type=\"pages-gallery.default\">\n\t\t\t\t<div class=\"elementor-widget-container\">\n\t\t\t\t\t\n\t\t<section class=\"section-padding\">\n\t\t\t<div class=\"container\">\n\t\t\t\t<div class=\"row\">\n\t\t\t\t\t<div class=\"col-md-12\">\n\t\t\t\t\t\t\t\t\t\t\t\t\t\t\t\t\t\t\t<div class=\"section-title\">Explore our gallery to see photos and information about our Rottweilers. Enjoy!<\/div>\n\t\t\t\t\t\t\t\t\t\t\t<\/div>\n\t\t\t\t\t<!-- 3 columns -->\n\t\t\t\t\t\t\t\t\t\t\t\t\t\t\t\t\t<div class=\"col-md-4 gallery-item\">\n\t\t\t\t\t\t\t\t\t\t\t\t\t\t\t\t\t\t\t<a href=\"https:\/\/blackandtanpearls.com\/wp-content\/uploads\/2022\/09\/Galerija1-1.jpg\" title=\"\" class=\"img-zoom\">\n\t\t\t\t\t\t\t\t<div class=\"gallery-box\">\n\t\t\t\t\t\t\t\t\t<div class=\"gallery-img\"> <img decoding=\"async\" src=\"https:\/\/blackandtanpearls.com\/wp-content\/uploads\/2022\/09\/Galerija1-1.jpg\" class=\"img-fluid mx-auto d-block\" alt=\"work-img\"> <\/div>\n\t\t\t\t\t\t\t\t<\/div>\n\t\t\t\t\t\t\t<\/a>\n\t\t\t\t\t\t\t\t\t\t\t\t\t<\/div>\n\t\t\t\t\t\t\t\t\t\t\t\t\t\t\t\t\t<div class=\"col-md-4 gallery-item\">\n\t\t\t\t\t\t\t\t\t\t\t\t\t\t\t\t\t\t\t<a href=\"https:\/\/blackandtanpearls.com\/wp-content\/uploads\/2022\/09\/Galerija2-1.jpg\" title=\"\" class=\"img-zoom\">\n\t\t\t\t\t\t\t\t<div class=\"gallery-box\">\n\t\t\t\t\t\t\t\t\t<div class=\"gallery-img\"> <img decoding=\"async\" src=\"https:\/\/blackandtanpearls.com\/wp-content\/uploads\/2022\/09\/Galerija2-1.jpg\" class=\"img-fluid mx-auto d-block\" alt=\"work-img\"> <\/div>\n\t\t\t\t\t\t\t\t<\/div>\n\t\t\t\t\t\t\t<\/a>\n\t\t\t\t\t\t\t\t\t\t\t\t\t<\/div>\n\t\t\t\t\t\t\t\t\t\t\t\t\t\t\t\t\t<div class=\"col-md-4 gallery-item\">\n\t\t\t\t\t\t\t\t\t\t\t\t\t\t\t\t\t\t\t<a href=\"https:\/\/blackandtanpearls.com\/wp-content\/uploads\/2022\/09\/Galerija3.jpg\" title=\"\" class=\"img-zoom\">\n\t\t\t\t\t\t\t\t<div class=\"gallery-box\">\n\t\t\t\t\t\t\t\t\t<div class=\"gallery-img\"> <img decoding=\"async\" src=\"https:\/\/blackandtanpearls.com\/wp-content\/uploads\/2022\/09\/Galerija3.jpg\" class=\"img-fluid mx-auto d-block\" alt=\"work-img\"> <\/div>\n\t\t\t\t\t\t\t\t<\/div>\n\t\t\t\t\t\t\t<\/a>\n\t\t\t\t\t\t\t\t\t\t\t\t\t<\/div>\n\t\t\t\t\t\t\t\t\t\t\t\t\t\t\t\t\t<div class=\"col-md-6 gallery-item\">\n\t\t\t\t\t\t\t\t\t\t\t\t\t\t\t\t\t\t\t<a href=\"https:\/\/blackandtanpearls.com\/wp-content\/uploads\/2022\/09\/Galerija7.jpg\" title=\"\" class=\"img-zoom\">\n\t\t\t\t\t\t\t\t<div class=\"gallery-box\">\n\t\t\t\t\t\t\t\t\t<div class=\"gallery-img\"> <img decoding=\"async\" src=\"https:\/\/blackandtanpearls.com\/wp-content\/uploads\/2022\/09\/Galerija7.jpg\" class=\"img-fluid mx-auto d-block\" alt=\"work-img\"> <\/div>\n\t\t\t\t\t\t\t\t<\/div>\n\t\t\t\t\t\t\t<\/a>\n\t\t\t\t\t\t\t\t\t\t\t\t\t<\/div>\n\t\t\t\t\t\t\t\t\t\t\t\t\t\t\t\t\t<div class=\"col-md-6 gallery-item\">\n\t\t\t\t\t\t\t\t\t\t\t\t\t\t\t\t\t\t\t<a href=\"https:\/\/blackandtanpearls.com\/wp-content\/uploads\/2022\/09\/Galerija7-1.jpg\" title=\"\" class=\"img-zoom\">\n\t\t\t\t\t\t\t\t<div class=\"gallery-box\">\n\t\t\t\t\t\t\t\t\t<div class=\"gallery-img\"> <img decoding=\"async\" src=\"https:\/\/blackandtanpearls.com\/wp-content\/uploads\/2022\/09\/Galerija7-1.jpg\" class=\"img-fluid mx-auto d-block\" alt=\"work-img\"> <\/div>\n\t\t\t\t\t\t\t\t<\/div>\n\t\t\t\t\t\t\t<\/a>\n\t\t\t\t\t\t\t\t\t\t\t\t\t<\/div>\n\t\t\t\t\t\t\t\t\t\t\t\t\t\t\t\t\t<div class=\"col-md-4 gallery-item\">\n\t\t\t\t\t\t\t\t\t\t\t\t\t\t\t\t\t\t\t<a href=\"https:\/\/blackandtanpearls.com\/wp-content\/uploads\/2022\/09\/Galerija4.jpg\" title=\"\" class=\"img-zoom\">\n\t\t\t\t\t\t\t\t<div class=\"gallery-box\">\n\t\t\t\t\t\t\t\t\t<div class=\"gallery-img\"> <img decoding=\"async\" src=\"https:\/\/blackandtanpearls.com\/wp-content\/uploads\/2022\/09\/Galerija4.jpg\" class=\"img-fluid mx-auto d-block\" alt=\"work-img\"> <\/div>\n\t\t\t\t\t\t\t\t<\/div>\n\t\t\t\t\t\t\t<\/a>\n\t\t\t\t\t\t\t\t\t\t\t\t\t<\/div>\n\t\t\t\t\t\t\t\t\t\t\t\t\t\t\t\t\t<div class=\"col-md-4 gallery-item\">\n\t\t\t\t\t\t\t\t\t\t\t\t\t\t\t\t\t\t\t<a href=\"https:\/\/blackandtanpearls.com\/wp-content\/uploads\/2022\/09\/Galerija5.jpg\" title=\"\" class=\"img-zoom\">\n\t\t\t\t\t\t\t\t<div class=\"gallery-box\">\n\t\t\t\t\t\t\t\t\t<div class=\"gallery-img\"> <img decoding=\"async\" src=\"https:\/\/blackandtanpearls.com\/wp-content\/uploads\/2022\/09\/Galerija5.jpg\" class=\"img-fluid mx-auto d-block\" alt=\"work-img\"> <\/div>\n\t\t\t\t\t\t\t\t<\/div>\n\t\t\t\t\t\t\t<\/a>\n\t\t\t\t\t\t\t\t\t\t\t\t\t<\/div>\n\t\t\t\t\t\t\t\t\t\t\t\t\t\t\t\t\t<div class=\"col-md-4 gallery-item\">\n\t\t\t\t\t\t\t\t\t\t\t\t\t\t\t\t\t\t\t<a href=\"https:\/\/blackandtanpearls.com\/wp-content\/uploads\/2022\/09\/Galerija8.jpg\" title=\"\" class=\"img-zoom\">\n\t\t\t\t\t\t\t\t<div class=\"gallery-box\">\n\t\t\t\t\t\t\t\t\t<div class=\"gallery-img\"> <img decoding=\"async\" src=\"https:\/\/blackandtanpearls.com\/wp-content\/uploads\/2022\/09\/Galerija8.jpg\" class=\"img-fluid mx-auto d-block\" alt=\"work-img\"> <\/div>\n\t\t\t\t\t\t\t\t<\/div>\n\t\t\t\t\t\t\t<\/a>\n\t\t\t\t\t\t\t\t\t\t\t\t\t<\/div>\n\t\t\t\t\t\t\t\t\t<\/div>\n\t\t\t<\/div>\n\t\t<\/section>\n\t\t\n\n\t\t\t\t\t<\/div>\n\t\t\t\t<\/div>\n\t\t\t\t<div class=\"elementor-element elementor-element-56d038c elementor-align-left elementor-widget elementor-widget-pages-banner\" data-id=\"56d038c\" data-element_type=\"widget\" data-widget_type=\"pages-banner.default\">\n\t\t\t\t<div class=\"elementor-widget-container\">\n\t\t\t\t\t\r\n\t\t\t\t<div class=\"banner-header section-padding valign bg-img bg-fixed\" data-overlay-dark=\"4\" data-background=\"https:\/\/blackandtanpearls.com\/wp-content\/uploads\/2024\/01\/IMG_6030-1.jpeg\">\r\n\t\t\t\t\t<div class=\"container\">\r\n\t\t\t\t<div class=\"row\">\r\n\t\t\t\t\t<div class=\"col-md-12 caption mt-90\">\r\n\t\t\t\t\t\t\t\t\t\t\t\t<h5>Black And Tan Pearls<\/h5>\r\n\t\t\t\t\t\t\t\t\t\t\t\t\t\t\t\t\t\t<h1>Galerimiz<\/h1>\r\n\t\t\t\t\t\t\t\t\t\t\t<\/div>\r\n\t\t\t\t<\/div>\r\n\t\t\t<\/div>\r\n\t\t<\/div>\r\n\r\n\t\t\t\t\t<\/div>\n\t\t\t\t<\/div>\n\t\t\t\t\t<\/div>\n\t\t<\/div>\n\t\t\t\t\t<\/div>\n\t\t<\/section>\n\t\t\t\t<section class=\"elementor-section elementor-top-section elementor-element elementor-element-5372a8f elementor-section-full_width elementor-section-height-default elementor-section-height-default\" data-id=\"5372a8f\" data-element_type=\"section\">\n\t\t\t\t\t\t<div class=\"elementor-container elementor-column-gap-no\">\n\t\t\t\t\t<div class=\"elementor-column elementor-col-100 elementor-top-column elementor-element elementor-element-d050113\" data-id=\"d050113\" data-element_type=\"column\">\n\t\t\t<div class=\"elementor-widget-wrap elementor-element-populated\">\n\t\t\t\t\t\t<div class=\"elementor-element elementor-element-a73b5af elementor-align-left elementor-hidden-desktop elementor-hidden-tablet elementor-hidden-mobile elementor-widget elementor-widget-pages-video\" data-id=\"a73b5af\" data-element_type=\"widget\" data-widget_type=\"pages-video.default\">\n\t\t\t\t<div class=\"elementor-widget-container\">\n\t\t\t\t\t\n\t\t\t\t<section class=\"section-padding bg-cream\">\n\t\t\t\t\t\t<div class=\"container\">\n\t\t\t\t<div class=\"row\">\n\t\t\t\t\t<div class=\"col-md-12\">\n\t\t\t\t\t\t\t\t\t\t\t\t\t<div class=\"section-subtitle\">Videos<\/div>\n\t\t\t\t\t\t\t\t\t\t\t\t\t\t\t\t\t\t\t<div class=\"section-title\">Video Gallery<\/div>\n\t\t\t\t\t\t\t\t\t\t\t<\/div>\n\t\t\t\t\t<!-- 2 columns -->\n\t\t\t\t\t\t\t\t\t\t\t\t\t\t\t\t\t<div class=\"col-md-6\">\n\t\t\t\t\t\t\t\t\t\t\t\t\t\t<div class=\"vid-area mb-30\">\n\t\t\t\t\t\t\t\t<div class=\"vid-icon\"> \n\t\t\t\t\t\t\t\t\t\t\t\t\t\t\t\t\t\t<img decoding=\"async\" src=\"https:\/\/blackandtanpearls.com\/wp-content\/uploads\/2022\/10\/Untitled-1.jpg\" alt=\"YouTube\">\n\t\t\t\t\t\t\t\t\t\t\t\t\t\t\t\t\t\t\t\t\t\t\t\t\t\t\t<a class=\"video-gallery-button vid\" href=\"https:\/\/www.youtube.com\/shorts\/bx5fHFrut98\" target=\"_blank\" rel=\"noopener\"> <span class=\"video-gallery-polygon\">\n\t\t\t\t\t\t\t\t\t\t<i class=\"ti-control-play\"><\/i>\n\t\t\t\t\t\t\t\t\t<\/span> <\/a>\n\t\t\t\t\t\t\t\t\t\t\t\t\t\t\t\t\t<\/div>\n\t\t\t\t\t\t\t<\/div>\n\t\t\t\t\t\t<\/div>\n\t\t\t\t\t\t\t\t\t\t\t\t\t\t\t\t\t<div class=\"col-md-6\">\n\t\t\t\t\t\t\t\t\t\t\t\t\t\t<div class=\"vid-area mb-30\">\n\t\t\t\t\t\t\t\t<div class=\"vid-icon\"> \n\t\t\t\t\t\t\t\t\t\t\t\t\t\t\t\t\t\t<img decoding=\"async\" src=\"https:\/\/blackandtanpearls.com\/wp-content\/uploads\/2022\/10\/IMG-20221010-WA0000.jpg\" alt=\"YouTube\">\n\t\t\t\t\t\t\t\t\t\t\t\t\t\t\t\t\t\t\t\t\t\t\t\t\t\t\t<a class=\"video-gallery-button vid\" href=\"https:\/\/www.youtube.com\/watch?v=c5x17ZJDxcU\" target=\"_blank\" rel=\"noopener\"> <span class=\"video-gallery-polygon\">\n\t\t\t\t\t\t\t\t\t\t<i class=\"ti-control-play\"><\/i>\n\t\t\t\t\t\t\t\t\t<\/span> <\/a>\n\t\t\t\t\t\t\t\t\t\t\t\t\t\t\t\t\t<\/div>\n\t\t\t\t\t\t\t<\/div>\n\t\t\t\t\t\t<\/div>\n\t\t\t\t\t\t\t\t\t<\/div>\n\t\t\t<\/div>\n\t\t<\/section>\n\n\t\t\t\t\t<\/div>\n\t\t\t\t<\/div>\n\t\t\t\t\t<\/div>\n\t\t<\/div>\n\t\t\t\t\t<\/div>\n\t\t<\/section>\n\t\t\t\t<section class=\"elementor-section elementor-top-section elementor-element elementor-element-7c48f9f elementor-section-full_width elementor-section-height-default elementor-section-height-default\" data-id=\"7c48f9f\" data-element_type=\"section\">\n\t\t\t\t\t\t<div class=\"elementor-container elementor-column-gap-no\">\n\t\t\t\t\t<div class=\"elementor-column elementor-col-100 elementor-top-column elementor-element elementor-element-865260d\" data-id=\"865260d\" data-element_type=\"column\">\n\t\t\t<div class=\"elementor-widget-wrap\">\n\t\t\t\t\t\t\t<\/div>\n\t\t<\/div>\n\t\t\t\t\t<\/div>\n\t\t<\/section>\n\t\t\t\t<section class=\"elementor-section elementor-top-section elementor-element elementor-element-8915ded elementor-section-boxed elementor-section-height-default elementor-section-height-default\" data-id=\"8915ded\" data-element_type=\"section\">\n\t\t\t\t\t\t<div class=\"elementor-container elementor-column-gap-default\">\n\t\t\t\t\t<div class=\"elementor-column elementor-col-100 elementor-top-column elementor-element elementor-element-4581b02\" data-id=\"4581b02\" data-element_type=\"column\">\n\t\t\t<div class=\"elementor-widget-wrap elementor-element-populated\">\n\t\t\t\t\t\t<div class=\"elementor-element elementor-element-bc7963b elementor-align-left cta-form elementor-hidden-desktop elementor-hidden-tablet elementor-hidden-mobile elementor-widget elementor-widget-home-testimonials-2\" data-id=\"bc7963b\" data-element_type=\"widget\" data-widget_type=\"home-testimonials-2.default\">\n\t\t\t\t<div class=\"elementor-widget-container\">\n\t\t\t\t\t\r\n\t\t<section class=\"testimonials\">\r\n\t\t\t\t\t\t<div class=\"background bg-img bg-fixed section-padding pb-0\" data-background=\"https:\/\/shtheme.com\/demosd\/thecappa\/wp-content\/uploads\/2022\/06\/2.jpg\" data-overlay-dark=\"2\">\r\n\t\t\t\t\t\t\t<div class=\"container\">\r\n\t\t\t\t\t<div class=\"row\">\r\n\t\t\t\t\t\t<!-- Reservation -->\r\n\t\t\t\t\t\t<div class=\"col-md-5 mb-30 mt-30\">\r\n\t\t\t\t\t\t\t<p>\t\t\t\t\t\t\t\t<i class=\"star-rating\"><\/i>\r\n\t\t\t\t\t\t\t\t<i class=\"star-rating\"><\/i>\r\n\t\t\t\t\t\t\t\t<i class=\"star-rating\"><\/i>\r\n\t\t\t\t\t\t\t\t<i class=\"star-rating\"><\/i>\r\n\t\t\t\t\t\t\t\t<i class=\"star-rating\"><\/i>\r\n\t\t\t\t\t\t\t\t<\/p>\r\n\t\t\t\t\t\t\t\t\t\t\t\t\t\t<h5>If you would like to find out more about us or learn how you can become an owner of one of our magnificent dogs, feel free to send us a message by using the contact form or call us at the number below.\n<\/h5>\r\n\t\t\t\t\t\t\t\t\t\t\t\t\t\t\t\t\t\t\t\t\t<div class=\"reservations mb-30\">\r\n\t\t\t\t\t\t\t\t<div class=\"icon color-1\"><span class=\"flaticon-call\"><\/span><\/div>\r\n\t\t\t\t\t\t\t\t<div class=\"text\">\r\n\t\t\t\t\t\t\t\t\t<p class=\"color-1\">Call us up!<\/p> <a class=\"color-1\" href=\"tel:+381628437411\">+381 62 8437411<\/a>\t\t\t\t\t\t\t\t<\/div>\r\n\t\t\t\t\t\t\t<\/div>\r\n\t\t\t\t\t\t\t\t\t\t\t\t\t\t\t\t\t\t\t\t<\/div>\r\n\t\t\t\t\t\t<!-- Booking From -->\r\n\t\t\t\t\t\t<div class=\"col-md-5 offset-md-2\">\r\n\t\t\t\t\t\t\t<div class=\"booking-box\">\r\n\t\t\t\t\t\t\t\t<div class=\"head-box\">\r\n\t\t\t\t\t\t\t\t\t\t\t\t\t\t\t\t\t\t\t\t\t\t\t\t\t\t<\/div>\r\n\t\t\t\t\t\t\t\t\t\t\t\t\t\t\t\t<div class=\"booking-inner clearfix\">\r\n\t\t\t\t\t\t\t\t\t<p class=\"wpcf7-contact-form-not-found\"><strong>Hata:<\/strong> \u0130leti\u015fim formu bulunamad\u0131.<\/p>\t\t\t\t\t\t\t\t<\/div>\r\n\t\t\t\t\t\t\t\t\t\t\t\t\t\t\t<\/div>\r\n\t\t\t\t\t\t<\/div>\r\n\t\t\t\t\t<\/div>\r\n\t\t\t\t<\/div>\r\n\t\t\t<\/div>\r\n\t\t<\/section>\r\n\r\n\t\t\t\t\t<\/div>\n\t\t\t\t<\/div>\n\t\t\t\t<div class=\"elementor-element elementor-element-29b5a12 elementor-widget elementor-widget-heading\" data-id=\"29b5a12\" data-element_type=\"widget\" data-widget_type=\"heading.default\">\n\t\t\t\t<div class=\"elementor-widget-container\">\n\t\t\t\t\t<h2 class=\"elementor-heading-title elementor-size-default\">Rottweilerlar\u0131m\u0131z\u0131n foto\u011fraflar\u0131n\u0131 ve detayl\u0131 bilgilerini g\u00f6rmek i\u00e7in galerimizi ziyaret edebilirsiniz. E\u011flence!<\/h2>\t\t\t\t<\/div>\n\t\t\t\t<\/div>\n\t\t\t\t<section class=\"elementor-section elementor-inner-section elementor-element elementor-element-cb92056 elementor-section-full_width elementor-section-content-middle elementor-section-height-default elementor-section-height-default\" data-id=\"cb92056\" data-element_type=\"section\">\n\t\t\t\t\t\t<div class=\"elementor-container elementor-column-gap-default\">\n\t\t\t\t\t<div class=\"elementor-column elementor-col-33 elementor-inner-column elementor-element elementor-element-d6893f0\" data-id=\"d6893f0\" data-element_type=\"column\">\n\t\t\t<div class=\"elementor-widget-wrap elementor-element-populated\">\n\t\t\t\t\t\t<div class=\"elementor-element elementor-element-8aa47ed elementor-align-justify butn-dark elementor-widget__width-initial elementor-widget elementor-widget-button\" data-id=\"8aa47ed\" data-element_type=\"widget\" data-widget_type=\"button.default\">\n\t\t\t\t<div class=\"elementor-widget-container\">\n\t\t\t\t\t\t\t\t\t<div class=\"elementor-button-wrapper\">\n\t\t\t\t\t<a class=\"elementor-button elementor-button-link elementor-size-sm\" href=\"https:\/\/blackandtanpearls.com\/gallery-categories\/males\/\">\n\t\t\t\t\t\t<span class=\"elementor-button-content-wrapper\">\n\t\t\t\t\t\t\t\t\t<span class=\"elementor-button-text\">ERKEKLER<\/span>\n\t\t\t\t\t<\/span>\n\t\t\t\t\t<\/a>\n\t\t\t\t<\/div>\n\t\t\t\t\t\t\t\t<\/div>\n\t\t\t\t<\/div>\n\t\t\t\t\t<\/div>\n\t\t<\/div>\n\t\t\t\t<div class=\"elementor-column elementor-col-33 elementor-inner-column elementor-element elementor-element-4590a18\" data-id=\"4590a18\" data-element_type=\"column\">\n\t\t\t<div class=\"elementor-widget-wrap elementor-element-populated\">\n\t\t\t\t\t\t<div class=\"elementor-element elementor-element-de3418f elementor-align-justify butn-dark elementor-widget__width-initial elementor-widget elementor-widget-button\" data-id=\"de3418f\" data-element_type=\"widget\" data-widget_type=\"button.default\">\n\t\t\t\t<div class=\"elementor-widget-container\">\n\t\t\t\t\t\t\t\t\t<div class=\"elementor-button-wrapper\">\n\t\t\t\t\t<a class=\"elementor-button elementor-button-link elementor-size-sm\" href=\"https:\/\/blackandtanpearls.com\/gallery-categories\/females\/\">\n\t\t\t\t\t\t<span class=\"elementor-button-content-wrapper\">\n\t\t\t\t\t\t\t\t\t<span class=\"elementor-button-text\">D\u0130\u015e\u0130LER<\/span>\n\t\t\t\t\t<\/span>\n\t\t\t\t\t<\/a>\n\t\t\t\t<\/div>\n\t\t\t\t\t\t\t\t<\/div>\n\t\t\t\t<\/div>\n\t\t\t\t\t<\/div>\n\t\t<\/div>\n\t\t\t\t<div class=\"elementor-column elementor-col-33 elementor-inner-column elementor-element elementor-element-ff58e5d\" data-id=\"ff58e5d\" data-element_type=\"column\">\n\t\t\t<div class=\"elementor-widget-wrap elementor-element-populated\">\n\t\t\t\t\t\t<div class=\"elementor-element elementor-element-a644c45 elementor-align-justify butn-dark elementor-widget__width-initial elementor-widget elementor-widget-button\" data-id=\"a644c45\" data-element_type=\"widget\" data-widget_type=\"button.default\">\n\t\t\t\t<div class=\"elementor-widget-container\">\n\t\t\t\t\t\t\t\t\t<div class=\"elementor-button-wrapper\">\n\t\t\t\t\t<a class=\"elementor-button elementor-button-link elementor-size-sm\" href=\"https:\/\/blackandtanpearls.com\/gallery-categories\/around-the-world\/\">\n\t\t\t\t\t\t<span class=\"elementor-button-content-wrapper\">\n\t\t\t\t\t\t\t\t\t<span class=\"elementor-button-text\">D\u00fcnya \u00e7ap\u0131nda<\/span>\n\t\t\t\t\t<\/span>\n\t\t\t\t\t<\/a>\n\t\t\t\t<\/div>\n\t\t\t\t\t\t\t\t<\/div>\n\t\t\t\t<\/div>\n\t\t\t\t\t<\/div>\n\t\t<\/div>\n\t\t\t\t\t<\/div>\n\t\t<\/section>\n\t\t\t\t\t<\/div>\n\t\t<\/div>\n\t\t\t\t\t<\/div>\n\t\t<\/section>\n\t\t\t\t<\/div>\n\t\t","protected":false},"excerpt":{"rendered":"<p>Explore our gallery to see photos and information about our Rottweilers. Enjoy! Black And Tan Pearls Galerimiz Videos Video Gallery If you would like to find out more about us or learn how you can become an owner of one of our magnificent dogs, feel free to send us a message by using the contact [&hellip;]<\/p>\n","protected":false},"author":21,"featured_media":0,"parent":0,"menu_order":0,"comment_status":"closed","ping_status":"closed","template":"page-templates\/home.php","meta":{"footnotes":""},"class_list":["post-3272","page","type-page","status-publish","hentry"],"acf":[],"_links":{"self":[{"href":"https:\/\/blackandtanpearls.com\/tr\/wp-json\/wp\/v2\/pages\/3272","targetHints":{"allow":["GET"]}}],"collection":[{"href":"https:\/\/blackandtanpearls.com\/tr\/wp-json\/wp\/v2\/pages"}],"about":[{"href":"https:\/\/blackandtanpearls.com\/tr\/wp-json\/wp\/v2\/types\/page"}],"author":[{"embeddable":true,"href":"https:\/\/blackandtanpearls.com\/tr\/wp-json\/wp\/v2\/users\/21"}],"replies":[{"embeddable":true,"href":"https:\/\/blackandtanpearls.com\/tr\/wp-json\/wp\/v2\/comments?post=3272"}],"version-history":[{"count":50,"href":"https:\/\/blackandtanpearls.com\/tr\/wp-json\/wp\/v2\/pages\/3272\/revisions"}],"predecessor-version":[{"id":10106,"href":"https:\/\/blackandtanpearls.com\/tr\/wp-json\/wp\/v2\/pages\/3272\/revisions\/10106"}],"wp:attachment":[{"href":"https:\/\/blackandtanpearls.com\/tr\/wp-json\/wp\/v2\/media?parent=3272"}],"curies":[{"name":"wp","href":"https:\/\/api.w.org\/{rel}","templated":true}]}}