{"id":4161,"date":"2022-09-30T09:02:12","date_gmt":"2022-09-30T09:02:12","guid":{"rendered":"https:\/\/blackandtanpearls.w3lab.dev\/shipping\/"},"modified":"2024-02-06T23:07:51","modified_gmt":"2024-02-06T23:07:51","slug":"shipping","status":"publish","type":"page","link":"https:\/\/blackandtanpearls.com\/tr\/shipping\/","title":{"rendered":"Nakliye"},"content":{"rendered":"\t\t<div data-elementor-type=\"wp-page\" data-elementor-id=\"4161\" class=\"elementor elementor-4161 elementor-1580\">\n\t\t\t\t\t\t<section class=\"elementor-section elementor-top-section elementor-element elementor-element-510a6027 elementor-section-full_width elementor-section-height-default elementor-section-height-default\" data-id=\"510a6027\" data-element_type=\"section\">\n\t\t\t\t\t\t<div class=\"elementor-container elementor-column-gap-no\">\n\t\t\t\t\t<div class=\"elementor-column elementor-col-100 elementor-top-column elementor-element elementor-element-748ddcb\" data-id=\"748ddcb\" data-element_type=\"column\">\n\t\t\t<div class=\"elementor-widget-wrap elementor-element-populated\">\n\t\t\t\t\t\t<div class=\"elementor-element elementor-element-2b07b43a elementor-align-left elementor-widget elementor-widget-pages-banner\" data-id=\"2b07b43a\" data-element_type=\"widget\" data-widget_type=\"pages-banner.default\">\n\t\t\t\t<div class=\"elementor-widget-container\">\n\t\t\t\t\t\r\n\t\t\t\t<div class=\"banner-header section-padding valign bg-img bg-fixed\" data-overlay-dark=\"4\" data-background=\"https:\/\/blackandtanpearls.com\/wp-content\/uploads\/2024\/01\/IMG_0412.jpeg\">\r\n\t\t\t\t\t<div class=\"container\">\r\n\t\t\t\t<div class=\"row\">\r\n\t\t\t\t\t<div class=\"col-md-12 caption mt-90\">\r\n\t\t\t\t\t\t\t\t\t\t\t\t\t\t\t\t\t\t<h1>Nakliye<\/h1>\r\n\t\t\t\t\t\t\t\t\t\t\t<\/div>\r\n\t\t\t\t<\/div>\r\n\t\t\t<\/div>\r\n\t\t<\/div>\r\n\r\n\t\t\t\t\t<\/div>\n\t\t\t\t<\/div>\n\t\t\t\t\t<\/div>\n\t\t<\/div>\n\t\t\t\t\t<\/div>\n\t\t<\/section>\n\t\t\t\t<section class=\"elementor-section elementor-top-section elementor-element elementor-element-2cdf462 elementor-section-boxed elementor-section-height-default elementor-section-height-default\" data-id=\"2cdf462\" data-element_type=\"section\">\n\t\t\t\t\t\t<div class=\"elementor-container elementor-column-gap-default\">\n\t\t\t\t\t<div class=\"elementor-column elementor-col-100 elementor-top-column elementor-element elementor-element-62cdc6f\" data-id=\"62cdc6f\" data-element_type=\"column\">\n\t\t\t<div class=\"elementor-widget-wrap elementor-element-populated\">\n\t\t\t\t\t\t<section class=\"elementor-section elementor-inner-section elementor-element elementor-element-c8ea2c0 elementor-section-boxed elementor-section-height-default elementor-section-height-default\" data-id=\"c8ea2c0\" data-element_type=\"section\">\n\t\t\t\t\t\t<div class=\"elementor-container elementor-column-gap-default\">\n\t\t\t\t\t<div class=\"elementor-column elementor-col-100 elementor-inner-column elementor-element elementor-element-9171ce2\" data-id=\"9171ce2\" data-element_type=\"column\">\n\t\t\t<div class=\"elementor-widget-wrap elementor-element-populated\">\n\t\t\t\t\t\t<div class=\"elementor-element elementor-element-bbca2e9 section-suptitle elementor-widget elementor-widget-heading\" data-id=\"bbca2e9\" data-element_type=\"widget\" data-widget_type=\"heading.default\">\n\t\t\t\t<div class=\"elementor-widget-container\">\n\t\t\t\t\t<h6 class=\"elementor-heading-title elementor-size-default\">Black And Tan Pearls<\/h6>\t\t\t\t<\/div>\n\t\t\t\t<\/div>\n\t\t\t\t<div class=\"elementor-element elementor-element-8d08a6f elementor-widget elementor-widget-animated-headline\" data-id=\"8d08a6f\" data-element_type=\"widget\" data-widget_type=\"animated-headline.default\">\n\t\t\t\t<div class=\"elementor-widget-container\">\n\t\t\t\t\t \t\t\t\t<\/div>\n\t\t\t\t<\/div>\n\t\t\t\t\t<\/div>\n\t\t<\/div>\n\t\t\t\t\t<\/div>\n\t\t<\/section>\n\t\t\t\t<section class=\"elementor-section elementor-inner-section elementor-element elementor-element-ace14ec elementor-section-boxed elementor-section-height-default elementor-section-height-default\" data-id=\"ace14ec\" data-element_type=\"section\">\n\t\t\t\t\t\t<div class=\"elementor-container elementor-column-gap-default\">\n\t\t\t\t\t<div class=\"elementor-column elementor-col-100 elementor-inner-column elementor-element elementor-element-235c886\" data-id=\"235c886\" data-element_type=\"column\">\n\t\t\t<div class=\"elementor-widget-wrap elementor-element-populated\">\n\t\t\t\t\t\t<div class=\"elementor-element elementor-element-205ffa5 elementor-widget elementor-widget-text-editor\" data-id=\"205ffa5\" data-element_type=\"widget\" data-widget_type=\"text-editor.default\">\n\t\t\t\t<div class=\"elementor-widget-container\">\n\t\t\t\t\t\t\t\t\t<h4>D\u00fcnya \u00e7ap\u0131nda nakliye hizmetimiz bulunmaktad\u0131r! Her var\u0131\u015f noktas\u0131 i\u00e7in en iyi ta\u015f\u0131ma \u015firketleriyle i\u015fbirli\u011fi yaparak Rottweilerlerimizin en g\u00fcvenli ve h\u0131zl\u0131 \u015fekilde hedeflerine ula\u015fmas\u0131n\u0131 sa\u011fl\u0131yoruz. \u00d6nde gelen ta\u015f\u0131ma \u015firketleriyle olan ortakl\u0131\u011f\u0131m\u0131z, her \u00fclke ve b\u00f6lge i\u00e7in en iyi teslimat hizmetini sunmam\u0131za olanak tan\u0131r.<\/h4><h4>Nakliye, destinasyona ba\u011fl\u0131 olarak karayolu ve havayoluyla ger\u00e7ekle\u015ftirilir. K\u0131sa mesafeler i\u00e7in h\u0131zl\u0131 ve g\u00fcvenilir karayolu teslimat hizmetlerini kullan\u0131rken, uzun mesafeler i\u00e7in \u00f6nde gelen havayolu \u015firketlerinin hizmetlerini kullanarak h\u0131zl\u0131 ve g\u00fcvenli teslimat sa\u011flar\u0131z.<\/h4><h4>Nakliye \u015firketleri, Rottweilerlerimizin ta\u015f\u0131nmas\u0131 s\u0131ras\u0131nda g\u00fcvenliklerini ve konforlar\u0131n\u0131 ciddiye al\u0131r. K\u00f6pekler, uygun havaland\u0131rmaya ve belirlenen bir s\u0131cakl\u0131\u011fa sahip u\u00e7ak\/kamyonetin ayr\u0131 bir b\u00f6l\u00fcm\u00fcnde tutulur. Yiyecek ve su kaplar\u0131, k\u00f6peklerin yolculuk s\u0131ras\u0131nda yemek yemelerine ve i\u00e7melerine olanak tan\u0131r.<\/h4><h4>Aktarmal\u0131 u\u00e7u\u015flar aras\u0131ndaki belirlenmi\u015f bekleme alanlar\u0131nda, t\u00fcm k\u00f6pekler yer g\u00f6revlileri taraf\u0131ndan g\u00f6zetim alt\u0131nda tutulur.<\/h4><h4>K\u00f6pekler y\u00fcr\u00fct\u00fcl\u00fcr ve ihtiya\u00e7 duyduklar\u0131 takdirde taze su veya ek g\u0131da verilir.<\/h4><h4>K\u00f6pekleri ki\u015fisel olarak havaalan\u0131na veya nakliye \u015firketinin alacaklar\u0131 belirlenen di\u011fer yerlere ta\u015f\u0131r\u0131z. Onlar\u0131 kafeslerine yerle\u015ftirir ve yolculuktan \u00f6nce yeni sahiplerine k\u00f6peklerinin videolar\u0131n\u0131 ve resimlerini sa\u011flar\u0131z.<\/h4><h4>\u00c7al\u0131\u015ft\u0131\u011f\u0131m\u0131z \u015firketler, ABD, Avrupa ve \u0130ngiltere&#8217;de kap\u0131dan kap\u0131ya teslimat sa\u011flayarak yeni Rottweiler bebe\u011finizin g\u00fcvenli bir \u015fekilde kap\u0131n\u0131za ula\u015fmas\u0131n\u0131 sa\u011flar.<\/h4><h4>T\u00fcm k\u00f6peklerimizin evcil hayvan pasaportu ve t\u00fcm a\u015f\u0131lar\u0131 g\u00fcncel olacak, ayr\u0131ca k\u00f6pe\u011fin seyahate uygun oldu\u011funu belirten resmi bir veteriner taraf\u0131ndan d\u00fczenlenmi\u015f bir sa\u011fl\u0131k sertifikas\u0131 bulunacakt\u0131r.<\/h4><h4>\u00dclkenize y\u00f6nelik nakliye s\u00fcreciyle ilgili ba\u015fka sorular\u0131n\u0131z varsa, l\u00fctfen bize iletin. Ekibimiz, her ayr\u0131nt\u0131y\u0131 a\u00e7\u0131klamaktan ve sorular\u0131n\u0131z\u0131 yan\u0131tlamaktan mutluluk duyacakt\u0131r.<\/h4><h4>L\u00fctfen unutmay\u0131n ki nakliye s\u00fcreci boyunca Rottweilerlerimizin g\u00fcvenli\u011fi ve refah\u0131 bizim i\u00e7in en \u00f6nemli \u00f6nceliktir. Ta\u015f\u0131ma \u015firketleriyle yak\u0131n bir i\u015fbirli\u011fi i\u00e7inde \u00e7al\u0131\u015farak, k\u00f6peklerimizin her ad\u0131mda en iyi bak\u0131m\u0131 ve korumay\u0131 ald\u0131\u011f\u0131ndan emin oluyoruz.<\/h4><h4>Ayr\u0131ca, k\u00f6peklerimizin seyahat s\u0131ras\u0131nda stres ya\u015famamas\u0131 i\u00e7in gerekli \u00f6nlemleri al\u0131yoruz. K\u00f6peklerimiz, seyahat \u00f6ncesinde ve s\u0131ras\u0131nda d\u00fczenli olarak egzersiz yaparlar ve rahatlat\u0131c\u0131 teknikler kullan\u0131l\u0131r. B\u00f6ylece, m\u00fcmk\u00fcn olan en iyi ko\u015fullarda seyahat ederler.<\/h4><h4>Nakliye s\u00fcreci hakk\u0131nda daha fazla bilgi almak veya \u00f6zel talepleriniz varsa, l\u00fctfen bizimle ileti\u015fime ge\u00e7mekten \u00e7ekinmeyin. Size yard\u0131mc\u0131 olmaktan mutluluk duyaca\u011f\u0131z ve t\u00fcm sorular\u0131n\u0131z\u0131 yan\u0131tlayaca\u011f\u0131z.<\/h4><h4>Yeni Rottweiler bebe\u011finizi g\u00fcvenli bir \u015fekilde size ula\u015ft\u0131rmak i\u00e7in sab\u0131rs\u0131zlan\u0131yoruz. \u0130leti\u015fime ge\u00e7mek i\u00e7in bize bir mesaj g\u00f6nderin veya telefonla aray\u0131n.<\/h4><h4>Size yak\u0131n olmak i\u00e7in sab\u0131rs\u0131zlan\u0131yoruz ve Rottweilerlerimizi sevgiyle ve tutkuyla b\u00fcy\u00fctmek i\u00e7in elimizden gelenin en iyisini yapmaya devam edece\u011fiz.<\/h4><h4>Te\u015fekk\u00fcr ederiz ve bizi tercih etti\u011finiz i\u00e7in minnettar\u0131z! Yak\u0131nda sizden haber bekliyoruz!<\/h4>\t\t\t\t\t\t\t\t<\/div>\n\t\t\t\t<\/div>\n\t\t\t\t\t<\/div>\n\t\t<\/div>\n\t\t\t\t\t<\/div>\n\t\t<\/section>\n\t\t\t\t\t<\/div>\n\t\t<\/div>\n\t\t\t\t\t<\/div>\n\t\t<\/section>\n\t\t\t\t<section class=\"elementor-section elementor-top-section elementor-element elementor-element-7fbaa78 elementor-section-boxed elementor-section-height-default elementor-section-height-default\" data-id=\"7fbaa78\" data-element_type=\"section\">\n\t\t\t\t\t\t<div class=\"elementor-container elementor-column-gap-default\">\n\t\t\t\t\t<div class=\"elementor-column elementor-col-100 elementor-top-column elementor-element elementor-element-bea831e\" data-id=\"bea831e\" data-element_type=\"column\">\n\t\t\t<div class=\"elementor-widget-wrap elementor-element-populated\">\n\t\t\t\t\t\t<div class=\"elementor-element elementor-element-caeb902 elementor-arrows-position-inside elementor-pagination-position-outside elementor-widget elementor-widget-image-carousel\" data-id=\"caeb902\" data-element_type=\"widget\" data-settings=\"{&quot;slides_to_show&quot;:&quot;3&quot;,&quot;slides_to_scroll&quot;:&quot;1&quot;,&quot;image_spacing_custom&quot;:{&quot;unit&quot;:&quot;px&quot;,&quot;size&quot;:9,&quot;sizes&quot;:[]},&quot;navigation&quot;:&quot;both&quot;,&quot;autoplay&quot;:&quot;yes&quot;,&quot;pause_on_hover&quot;:&quot;yes&quot;,&quot;pause_on_interaction&quot;:&quot;yes&quot;,&quot;autoplay_speed&quot;:5000,&quot;infinite&quot;:&quot;yes&quot;,&quot;speed&quot;:500,&quot;image_spacing_custom_tablet&quot;:{&quot;unit&quot;:&quot;px&quot;,&quot;size&quot;:&quot;&quot;,&quot;sizes&quot;:[]},&quot;image_spacing_custom_mobile&quot;:{&quot;unit&quot;:&quot;px&quot;,&quot;size&quot;:&quot;&quot;,&quot;sizes&quot;:[]}}\" data-widget_type=\"image-carousel.default\">\n\t\t\t\t<div class=\"elementor-widget-container\">\n\t\t\t\t\t\t\t<div class=\"elementor-image-carousel-wrapper swiper\" role=\"region\" aria-roledescription=\"carousel\" aria-label=\"Resim D\u00f6ng\u00fcs\u00fc\" dir=\"ltr\">\n\t\t\t<div class=\"elementor-image-carousel swiper-wrapper\" aria-live=\"off\">\n\t\t\t\t\t\t\t\t<div class=\"swiper-slide\" role=\"group\" aria-roledescription=\"slide\" aria-label=\"1 \/ 9\"><figure class=\"swiper-slide-inner\"><img decoding=\"async\" class=\"swiper-slide-image\" src=\"https:\/\/blackandtanpearls.com\/wp-content\/uploads\/2023\/12\/IMG_0669-768x1024.jpeg\" alt=\"IMG_0669\" \/><\/figure><\/div><div class=\"swiper-slide\" role=\"group\" aria-roledescription=\"slide\" aria-label=\"2 \/ 9\"><figure class=\"swiper-slide-inner\"><img decoding=\"async\" class=\"swiper-slide-image\" src=\"https:\/\/blackandtanpearls.com\/wp-content\/uploads\/2023\/12\/b40e413f-0a51-4f0c-ab9b-abcc647e6a6b.jpeg\" alt=\"b40e413f-0a51-4f0c-ab9b-abcc647e6a6b\" \/><\/figure><\/div><div class=\"swiper-slide\" role=\"group\" aria-roledescription=\"slide\" aria-label=\"3 \/ 9\"><figure class=\"swiper-slide-inner\"><img decoding=\"async\" class=\"swiper-slide-image\" src=\"https:\/\/blackandtanpearls.com\/wp-content\/uploads\/2023\/12\/d9c47c74-c053-485c-b23a-1c1165045c62.jpeg\" alt=\"d9c47c74-c053-485c-b23a-1c1165045c62\" \/><\/figure><\/div><div class=\"swiper-slide\" role=\"group\" aria-roledescription=\"slide\" aria-label=\"4 \/ 9\"><figure class=\"swiper-slide-inner\"><img decoding=\"async\" class=\"swiper-slide-image\" src=\"https:\/\/blackandtanpearls.com\/wp-content\/uploads\/2023\/12\/e02faa13-f901-4797-81b1-0d3c596771b6.jpeg\" alt=\"e02faa13-f901-4797-81b1-0d3c596771b6\" \/><\/figure><\/div><div class=\"swiper-slide\" role=\"group\" aria-roledescription=\"slide\" aria-label=\"5 \/ 9\"><figure class=\"swiper-slide-inner\"><img decoding=\"async\" class=\"swiper-slide-image\" src=\"https:\/\/blackandtanpearls.com\/wp-content\/uploads\/2023\/12\/23899091-17a3-4199-88a5-4f0c89a6378b.jpeg\" alt=\"23899091-17a3-4199-88a5-4f0c89a6378b\" \/><\/figure><\/div><div class=\"swiper-slide\" role=\"group\" aria-roledescription=\"slide\" aria-label=\"6 \/ 9\"><figure class=\"swiper-slide-inner\"><img decoding=\"async\" class=\"swiper-slide-image\" src=\"https:\/\/blackandtanpearls.com\/wp-content\/uploads\/2023\/12\/f1ee11cf-d214-4122-882b-c055a4bc509e-768x1008.jpeg\" alt=\"f1ee11cf-d214-4122-882b-c055a4bc509e\" \/><\/figure><\/div><div class=\"swiper-slide\" role=\"group\" aria-roledescription=\"slide\" aria-label=\"7 \/ 9\"><figure class=\"swiper-slide-inner\"><img decoding=\"async\" class=\"swiper-slide-image\" src=\"https:\/\/blackandtanpearls.com\/wp-content\/uploads\/2023\/12\/IMG_1716-768x1024.jpeg\" alt=\"IMG_1716\" \/><\/figure><\/div><div class=\"swiper-slide\" role=\"group\" aria-roledescription=\"slide\" aria-label=\"8 \/ 9\"><figure class=\"swiper-slide-inner\"><img decoding=\"async\" class=\"swiper-slide-image\" src=\"https:\/\/blackandtanpearls.com\/wp-content\/uploads\/2023\/12\/f2f1a47e-76a3-4444-89a6-2f3c0a24909f.jpeg\" alt=\"f2f1a47e-76a3-4444-89a6-2f3c0a24909f\" \/><\/figure><\/div><div class=\"swiper-slide\" role=\"group\" aria-roledescription=\"slide\" aria-label=\"9 \/ 9\"><figure class=\"swiper-slide-inner\"><img decoding=\"async\" class=\"swiper-slide-image\" src=\"https:\/\/blackandtanpearls.com\/wp-content\/uploads\/2023\/12\/765234cb-9e46-4bee-9e8b-328761d6df87-768x576.jpeg\" alt=\"765234cb-9e46-4bee-9e8b-328761d6df87\" \/><\/figure><\/div>\t\t\t<\/div>\n\t\t\t\t\t\t\t\t\t\t\t\t<div class=\"elementor-swiper-button elementor-swiper-button-prev\" role=\"button\" tabindex=\"0\">\n\t\t\t\t\t\t<i aria-hidden=\"true\" class=\"eicon-chevron-left\"><\/i>\t\t\t\t\t<\/div>\n\t\t\t\t\t<div class=\"elementor-swiper-button elementor-swiper-button-next\" role=\"button\" tabindex=\"0\">\n\t\t\t\t\t\t<i aria-hidden=\"true\" class=\"eicon-chevron-right\"><\/i>\t\t\t\t\t<\/div>\n\t\t\t\t\n\t\t\t\t\t\t\t\t\t<div class=\"swiper-pagination\"><\/div>\n\t\t\t\t\t\t\t\t\t<\/div>\n\t\t\t\t\t\t<\/div>\n\t\t\t\t<\/div>\n\t\t\t\t\t<\/div>\n\t\t<\/div>\n\t\t\t\t\t<\/div>\n\t\t<\/section>\n\t\t\t\t<\/div>\n\t\t","protected":false},"excerpt":{"rendered":"<p>Nakliye Black And Tan Pearls D\u00dcNYA \u00c7APINDA G\u00d6NDER\u0130M MEVCUTTUR D\u00fcnya \u00e7ap\u0131nda nakliye hizmetimiz bulunmaktad\u0131r! Her var\u0131\u015f noktas\u0131 i\u00e7in en iyi ta\u015f\u0131ma \u015firketleriyle i\u015fbirli\u011fi yaparak Rottweilerlerimizin en g\u00fcvenli ve h\u0131zl\u0131 \u015fekilde hedeflerine ula\u015fmas\u0131n\u0131 sa\u011fl\u0131yoruz. \u00d6nde gelen ta\u015f\u0131ma \u015firketleriyle olan ortakl\u0131\u011f\u0131m\u0131z, her \u00fclke ve b\u00f6lge i\u00e7in en iyi teslimat hizmetini sunmam\u0131za olanak tan\u0131r. Nakliye, destinasyona ba\u011fl\u0131 olarak [&hellip;]<\/p>\n","protected":false},"author":21,"featured_media":0,"parent":0,"menu_order":0,"comment_status":"open","ping_status":"closed","template":"elementor_header_footer","meta":{"footnotes":""},"class_list":["post-4161","page","type-page","status-publish","hentry"],"acf":[],"_links":{"self":[{"href":"https:\/\/blackandtanpearls.com\/tr\/wp-json\/wp\/v2\/pages\/4161","targetHints":{"allow":["GET"]}}],"collection":[{"href":"https:\/\/blackandtanpearls.com\/tr\/wp-json\/wp\/v2\/pages"}],"about":[{"href":"https:\/\/blackandtanpearls.com\/tr\/wp-json\/wp\/v2\/types\/page"}],"author":[{"embeddable":true,"href":"https:\/\/blackandtanpearls.com\/tr\/wp-json\/wp\/v2\/users\/21"}],"replies":[{"embeddable":true,"href":"https:\/\/blackandtanpearls.com\/tr\/wp-json\/wp\/v2\/comments?post=4161"}],"version-history":[{"count":40,"href":"https:\/\/blackandtanpearls.com\/tr\/wp-json\/wp\/v2\/pages\/4161\/revisions"}],"predecessor-version":[{"id":7420,"href":"https:\/\/blackandtanpearls.com\/tr\/wp-json\/wp\/v2\/pages\/4161\/revisions\/7420"}],"wp:attachment":[{"href":"https:\/\/blackandtanpearls.com\/tr\/wp-json\/wp\/v2\/media?parent=4161"}],"curies":[{"name":"wp","href":"https:\/\/api.w.org\/{rel}","templated":true}]}}