{"id":9077,"date":"2024-01-31T14:39:52","date_gmt":"2024-01-31T14:39:52","guid":{"rendered":"https:\/\/blackandtanpearls.w3lab.dev\/frozen-semen\/"},"modified":"2024-08-04T16:10:30","modified_gmt":"2024-08-04T16:10:30","slug":"dondurulmus-sperm","status":"publish","type":"page","link":"https:\/\/blackandtanpearls.com\/tr\/dondurulmus-sperm\/","title":{"rendered":"Dondurulmu\u015f sperm"},"content":{"rendered":"\t\t<div data-elementor-type=\"wp-page\" data-elementor-id=\"9077\" class=\"elementor elementor-9077 elementor-6845\">\n\t\t\t\t\t\t<section class=\"elementor-section elementor-top-section elementor-element elementor-element-6646a2e elementor-section-full_width elementor-section-height-default elementor-section-height-default\" data-id=\"6646a2e\" data-element_type=\"section\">\n\t\t\t\t\t\t<div class=\"elementor-container elementor-column-gap-no\">\n\t\t\t\t\t<div class=\"elementor-column elementor-col-100 elementor-top-column elementor-element elementor-element-d99841b\" data-id=\"d99841b\" data-element_type=\"column\">\n\t\t\t<div class=\"elementor-widget-wrap elementor-element-populated\">\n\t\t\t\t\t\t<div class=\"elementor-element elementor-element-55e69fd elementor-align-left elementor-widget elementor-widget-pages-banner\" data-id=\"55e69fd\" data-element_type=\"widget\" data-widget_type=\"pages-banner.default\">\n\t\t\t\t<div class=\"elementor-widget-container\">\n\t\t\t\t\t\r\n\t\t\t\t<div class=\"banner-header section-padding valign bg-img bg-fixed\" data-overlay-dark=\"4\" data-background=\"https:\/\/blackandtanpearls.com\/wp-content\/uploads\/2024\/03\/istockphoto-964828696-1024x1024-1.jpg\">\r\n\t\t\t\t\t<div class=\"container\">\r\n\t\t\t\t<div class=\"row\">\r\n\t\t\t\t\t<div class=\"col-md-12 caption mt-90\">\r\n\t\t\t\t\t\t\t\t\t\t\t\t\t\t\t\t\t\t<h1>DONDURULMU\u015e SPERM<\/h1>\r\n\t\t\t\t\t\t\t\t\t\t\t<\/div>\r\n\t\t\t\t<\/div>\r\n\t\t\t<\/div>\r\n\t\t<\/div>\r\n\r\n\t\t\t\t\t<\/div>\n\t\t\t\t<\/div>\n\t\t\t\t\t<\/div>\n\t\t<\/div>\n\t\t\t\t\t<\/div>\n\t\t<\/section>\n\t\t\t\t<section class=\"elementor-section elementor-top-section elementor-element elementor-element-22a1164 elementor-section-boxed elementor-section-height-default elementor-section-height-default\" data-id=\"22a1164\" data-element_type=\"section\">\n\t\t\t\t\t\t<div class=\"elementor-container elementor-column-gap-default\">\n\t\t\t\t\t<div class=\"elementor-column elementor-col-100 elementor-top-column elementor-element elementor-element-3738628\" data-id=\"3738628\" data-element_type=\"column\">\n\t\t\t<div class=\"elementor-widget-wrap elementor-element-populated\">\n\t\t\t\t\t\t<section class=\"elementor-section elementor-inner-section elementor-element elementor-element-d055358 elementor-section-boxed elementor-section-height-default elementor-section-height-default\" data-id=\"d055358\" data-element_type=\"section\">\n\t\t\t\t\t\t<div class=\"elementor-container elementor-column-gap-default\">\n\t\t\t\t\t<div class=\"elementor-column elementor-col-100 elementor-inner-column elementor-element elementor-element-6e77611\" data-id=\"6e77611\" data-element_type=\"column\">\n\t\t\t<div class=\"elementor-widget-wrap elementor-element-populated\">\n\t\t\t\t\t\t<div class=\"elementor-element elementor-element-092e0d6 section-suptitle elementor-widget elementor-widget-heading\" data-id=\"092e0d6\" data-element_type=\"widget\" data-widget_type=\"heading.default\">\n\t\t\t\t<div class=\"elementor-widget-container\">\n\t\t\t\t\t<h6 class=\"elementor-heading-title elementor-size-default\">BLACK AND TAN PEARLS<\/h6>\t\t\t\t<\/div>\n\t\t\t\t<\/div>\n\t\t\t\t\t<\/div>\n\t\t<\/div>\n\t\t\t\t\t<\/div>\n\t\t<\/section>\n\t\t\t\t<section class=\"elementor-section elementor-inner-section elementor-element elementor-element-bff6520 elementor-section-boxed elementor-section-height-default elementor-section-height-default\" data-id=\"bff6520\" data-element_type=\"section\">\n\t\t\t\t\t\t<div class=\"elementor-container elementor-column-gap-default\">\n\t\t\t\t\t<div class=\"elementor-column elementor-col-100 elementor-inner-column elementor-element elementor-element-75cf0ef\" data-id=\"75cf0ef\" data-element_type=\"column\">\n\t\t\t<div class=\"elementor-widget-wrap elementor-element-populated\">\n\t\t\t\t\t\t<div class=\"elementor-element elementor-element-a7da7ed elementor-widget elementor-widget-text-editor\" data-id=\"a7da7ed\" data-element_type=\"widget\" data-widget_type=\"text-editor.default\">\n\t\t\t\t<div class=\"elementor-widget-container\">\n\t\t\t\t\t\t\t\t\t<h2>Black And Tan Pearls&#8217;e ho\u015f geldiniz, g\u00fcvenilir Rottweiler \u00e7iftli\u011finiz, Dondurulmu\u015f Sperm Hizmetleri sunmaktad\u0131r.<\/h2><h2>B\u00fct\u00fcn erkek k\u00f6peklerimiz i\u00e7in dondurulmu\u015f sperm mevcuttur, \u00f6zenle toplanm\u0131\u015f ve uzman veteriner profesyonelleri taraf\u0131ndan i\u015flenmi\u015ftir. Uzman veteriner klini\u011fimiz, en y\u00fcksek uluslararas\u0131 nakliye standartlar\u0131na uygun olarak toplama ve i\u015fleme i\u015flemlerini sa\u011flar. Her k\u00f6pek i\u00e7in, toplama i\u015fleminden \u00f6nce genetik materyalin en y\u00fcksek kalitesini sa\u011flamak amac\u0131yla spermogram testi ve mikroskop alt\u0131nda sperm de\u011ferlendirmesi yap\u0131l\u0131r.<\/h2><h2>D\u00fcnyan\u0131n her yerine nakledilebilen dondurulmu\u015f spermin bulunabilirli\u011fi, her yerdeki yeti\u015ftiricilerin ola\u011fan\u00fcst\u00fc kan hatlar\u0131m\u0131zdan faydalanmas\u0131n\u0131 sa\u011flar. Dondurulmu\u015f spermin g\u00fcvenli ve verimli bir \u015fekilde ta\u015f\u0131nmas\u0131n\u0131 sa\u011flamak i\u00e7in, her \u00fcreme program\u0131n\u0131n benzersiz ihtiya\u00e7lar\u0131na ve \u00f6zelliklerine uygun hizmet sunmay\u0131 taahh\u00fct ediyoruz.<\/h2><h2>Dondurulmu\u015f spermimiz, yeti\u015ftiricilerin yat\u0131r\u0131mlar\u0131n\u0131 en iyi \u015fekilde de\u011ferlendirebilmeleri i\u00e7in tekli, \u00e7iftli veya toplu dozlar halinde mevcuttur. Her g\u00f6nderi, 10 doza kadar i\u00e7erebilir ve se\u00e7ti\u011finiz klini\u011fe g\u00fcvenli ve h\u0131zl\u0131 ko\u015fullar alt\u0131nda ta\u015f\u0131n\u0131r.<\/h2>\t\t\t\t\t\t\t\t<\/div>\n\t\t\t\t<\/div>\n\t\t\t\t\t<\/div>\n\t\t<\/div>\n\t\t\t\t\t<\/div>\n\t\t<\/section>\n\t\t\t\t\t<\/div>\n\t\t<\/div>\n\t\t\t\t\t<\/div>\n\t\t<\/section>\n\t\t\t\t<section class=\"elementor-section elementor-top-section elementor-element elementor-element-3f07147 elementor-section-boxed elementor-section-height-default elementor-section-height-default\" data-id=\"3f07147\" data-element_type=\"section\">\n\t\t\t\t\t\t<div class=\"elementor-container elementor-column-gap-default\">\n\t\t\t\t\t<div class=\"elementor-column elementor-col-50 elementor-top-column elementor-element elementor-element-1b61d09\" data-id=\"1b61d09\" data-element_type=\"column\">\n\t\t\t<div class=\"elementor-widget-wrap elementor-element-populated\">\n\t\t\t\t\t\t<div class=\"elementor-element elementor-element-318b460 elementor-widget elementor-widget-video\" data-id=\"318b460\" data-element_type=\"widget\" data-settings=\"{&quot;video_type&quot;:&quot;hosted&quot;,&quot;autoplay&quot;:&quot;yes&quot;,&quot;play_on_mobile&quot;:&quot;yes&quot;,&quot;loop&quot;:&quot;yes&quot;}\" data-widget_type=\"video.default\">\n\t\t\t\t<div class=\"elementor-widget-container\">\n\t\t\t\t\t\t\t<div class=\"e-hosted-video elementor-wrapper elementor-open-inline\">\n\t\t\t\t\t<video class=\"elementor-video\" src=\"https:\/\/blackandtanpearls.com\/wp-content\/uploads\/2024\/03\/istockphoto-1283035987-640_adpp_is.mp4\" autoplay=\"\" loop=\"\" playsinline=\"\" controlsList=\"nodownload\"><\/video>\n\t\t\t\t<\/div>\n\t\t\t\t\t\t<\/div>\n\t\t\t\t<\/div>\n\t\t\t\t\t<\/div>\n\t\t<\/div>\n\t\t\t\t<div class=\"elementor-column elementor-col-50 elementor-top-column elementor-element elementor-element-bddcb03\" data-id=\"bddcb03\" data-element_type=\"column\">\n\t\t\t<div class=\"elementor-widget-wrap elementor-element-populated\">\n\t\t\t\t\t\t<div class=\"elementor-element elementor-element-be39a45 elementor-widget elementor-widget-video\" data-id=\"be39a45\" data-element_type=\"widget\" data-settings=\"{&quot;video_type&quot;:&quot;hosted&quot;,&quot;autoplay&quot;:&quot;yes&quot;,&quot;play_on_mobile&quot;:&quot;yes&quot;,&quot;loop&quot;:&quot;yes&quot;}\" data-widget_type=\"video.default\">\n\t\t\t\t<div class=\"elementor-widget-container\">\n\t\t\t\t\t\t\t<div class=\"e-hosted-video elementor-wrapper elementor-open-inline\">\n\t\t\t\t\t<video class=\"elementor-video\" src=\"https:\/\/blackandtanpearls.com\/wp-content\/uploads\/2024\/03\/istockphoto-1300461476-640_adpp_is-1.mp4\" autoplay=\"\" loop=\"\" playsinline=\"\" controlsList=\"nodownload\"><\/video>\n\t\t\t\t<\/div>\n\t\t\t\t\t\t<\/div>\n\t\t\t\t<\/div>\n\t\t\t\t\t<\/div>\n\t\t<\/div>\n\t\t\t\t\t<\/div>\n\t\t<\/section>\n\t\t\t\t<section class=\"elementor-section elementor-top-section elementor-element elementor-element-7a40150 elementor-section-boxed elementor-section-height-default elementor-section-height-default\" data-id=\"7a40150\" data-element_type=\"section\">\n\t\t\t\t\t\t<div class=\"elementor-container elementor-column-gap-default\">\n\t\t\t\t\t<div class=\"elementor-column elementor-col-100 elementor-top-column elementor-element elementor-element-117e9b5\" data-id=\"117e9b5\" data-element_type=\"column\">\n\t\t\t<div class=\"elementor-widget-wrap elementor-element-populated\">\n\t\t\t\t\t\t<div class=\"elementor-element elementor-element-fcb1b22 elementor-widget elementor-widget-text-editor\" data-id=\"fcb1b22\" data-element_type=\"widget\" data-widget_type=\"text-editor.default\">\n\t\t\t\t<div class=\"elementor-widget-container\">\n\t\t\t\t\t\t\t\t\t<h2>\u00a0<\/h2><h2>Ta\u015f\u0131mac\u0131l\u0131k s\u0131ras\u0131nda, dondurulmu\u015f sperm nakliye kutusunda 19 g\u00fcne kadar g\u00fcvenli bir \u015fekilde kal\u0131r. Bundan \u00f6nce, dondurulmu\u015f sperm \u00f6zel bir bankada saklanmal\u0131 ve gerekti\u011fi kadar y\u0131l boyunca, son kullanma tarihi olmadan kullan\u0131labilir.<\/h2><h2>\u00a0<\/h2>\t\t\t\t\t\t\t\t<\/div>\n\t\t\t\t<\/div>\n\t\t\t\t\t<\/div>\n\t\t<\/div>\n\t\t\t\t\t<\/div>\n\t\t<\/section>\n\t\t\t\t<section class=\"elementor-section elementor-top-section elementor-element elementor-element-7d66c19 elementor-section-boxed elementor-section-height-default elementor-section-height-default\" data-id=\"7d66c19\" data-element_type=\"section\">\n\t\t\t\t\t\t<div class=\"elementor-container elementor-column-gap-default\">\n\t\t\t\t\t<div class=\"elementor-column elementor-col-33 elementor-top-column elementor-element elementor-element-6bb0d35\" data-id=\"6bb0d35\" data-element_type=\"column\">\n\t\t\t<div class=\"elementor-widget-wrap elementor-element-populated\">\n\t\t\t\t\t\t<div class=\"elementor-element elementor-element-9a463d9 elementor-widget elementor-widget-video\" data-id=\"9a463d9\" data-element_type=\"widget\" data-settings=\"{&quot;video_type&quot;:&quot;hosted&quot;,&quot;autoplay&quot;:&quot;yes&quot;,&quot;play_on_mobile&quot;:&quot;yes&quot;,&quot;loop&quot;:&quot;yes&quot;}\" data-widget_type=\"video.default\">\n\t\t\t\t<div class=\"elementor-widget-container\">\n\t\t\t\t\t\t\t<div class=\"e-hosted-video elementor-wrapper elementor-open-inline\">\n\t\t\t\t\t<video class=\"elementor-video\" src=\"https:\/\/blackandtanpearls.com\/wp-content\/uploads\/2024\/03\/istockphoto-1454302043-640_adpp_is.mp4\" autoplay=\"\" loop=\"\" playsinline=\"\" controlsList=\"nodownload\"><\/video>\n\t\t\t\t<\/div>\n\t\t\t\t\t\t<\/div>\n\t\t\t\t<\/div>\n\t\t\t\t\t<\/div>\n\t\t<\/div>\n\t\t\t\t<div class=\"elementor-column elementor-col-33 elementor-top-column elementor-element elementor-element-a658f23\" data-id=\"a658f23\" data-element_type=\"column\">\n\t\t\t<div class=\"elementor-widget-wrap elementor-element-populated\">\n\t\t\t\t\t\t<div class=\"elementor-element elementor-element-874d1c9 elementor-widget elementor-widget-video\" data-id=\"874d1c9\" data-element_type=\"widget\" data-settings=\"{&quot;video_type&quot;:&quot;hosted&quot;,&quot;autoplay&quot;:&quot;yes&quot;,&quot;play_on_mobile&quot;:&quot;yes&quot;,&quot;loop&quot;:&quot;yes&quot;}\" data-widget_type=\"video.default\">\n\t\t\t\t<div class=\"elementor-widget-container\">\n\t\t\t\t\t\t\t<div class=\"e-hosted-video elementor-wrapper elementor-open-inline\">\n\t\t\t\t\t<video class=\"elementor-video\" src=\"https:\/\/blackandtanpearls.com\/wp-content\/uploads\/2024\/03\/istockphoto-166621729-640_adpp_is.mp4\" autoplay=\"\" loop=\"\" playsinline=\"\" controlsList=\"nodownload\"><\/video>\n\t\t\t\t<\/div>\n\t\t\t\t\t\t<\/div>\n\t\t\t\t<\/div>\n\t\t\t\t\t<\/div>\n\t\t<\/div>\n\t\t\t\t<div class=\"elementor-column elementor-col-33 elementor-top-column elementor-element elementor-element-60f6e29\" data-id=\"60f6e29\" data-element_type=\"column\">\n\t\t\t<div class=\"elementor-widget-wrap elementor-element-populated\">\n\t\t\t\t\t\t<div class=\"elementor-element elementor-element-b694006 elementor-widget elementor-widget-video\" data-id=\"b694006\" data-element_type=\"widget\" data-settings=\"{&quot;video_type&quot;:&quot;hosted&quot;,&quot;autoplay&quot;:&quot;yes&quot;,&quot;play_on_mobile&quot;:&quot;yes&quot;,&quot;loop&quot;:&quot;yes&quot;}\" data-widget_type=\"video.default\">\n\t\t\t\t<div class=\"elementor-widget-container\">\n\t\t\t\t\t\t\t<div class=\"e-hosted-video elementor-wrapper elementor-open-inline\">\n\t\t\t\t\t<video class=\"elementor-video\" src=\"https:\/\/blackandtanpearls.com\/wp-content\/uploads\/2024\/03\/istockphoto-537492796-640_adpp_is-1.mp4\" autoplay=\"\" loop=\"\" playsinline=\"\" controlsList=\"nodownload\"><\/video>\n\t\t\t\t<\/div>\n\t\t\t\t\t\t<\/div>\n\t\t\t\t<\/div>\n\t\t\t\t\t<\/div>\n\t\t<\/div>\n\t\t\t\t\t<\/div>\n\t\t<\/section>\n\t\t\t\t<section class=\"elementor-section elementor-top-section elementor-element elementor-element-ce0915f elementor-section-boxed elementor-section-height-default elementor-section-height-default\" data-id=\"ce0915f\" data-element_type=\"section\">\n\t\t\t\t\t\t<div class=\"elementor-container elementor-column-gap-default\">\n\t\t\t\t\t<div class=\"elementor-column elementor-col-100 elementor-top-column elementor-element elementor-element-c031acc\" data-id=\"c031acc\" data-element_type=\"column\">\n\t\t\t<div class=\"elementor-widget-wrap elementor-element-populated\">\n\t\t\t\t\t\t<div class=\"elementor-element elementor-element-e1735e2 elementor-widget elementor-widget-text-editor\" data-id=\"e1735e2\" data-element_type=\"widget\" data-widget_type=\"text-editor.default\">\n\t\t\t\t<div class=\"elementor-widget-container\">\n\t\t\t\t\t\t\t\t\t<h2>Her \u00fclke i\u00e7in gerekli t\u00fcm evrak i\u015fleri ve ithalat lisanslar\u0131n\u0131 biz hallediyoruz, b\u00f6ylece d\u00fcnya \u00e7ap\u0131ndaki yeti\u015ftiriciler i\u00e7in sorunsuz ve zahmetsiz bir s\u00fcre\u00e7 sa\u011fl\u0131yoruz.<\/h2><h2>Kan hatt\u0131n\u0131z\u0131 veya \u00fcreme program\u0131n\u0131z\u0131 geni\u015fletmek ve geli\u015ftirmek istiyorsan\u0131z, bu ola\u011fan\u00fcst\u00fc s\u00fcre\u00e7 hakk\u0131nda daha fazla bilgi i\u00e7in bizimle ileti\u015fime ge\u00e7menizi bekliyoruz.<\/h2><h2>\u00a0<\/h2>\t\t\t\t\t\t\t\t<\/div>\n\t\t\t\t<\/div>\n\t\t\t\t\t<\/div>\n\t\t<\/div>\n\t\t\t\t\t<\/div>\n\t\t<\/section>\n\t\t\t\t<section class=\"elementor-section elementor-top-section elementor-element elementor-element-5d5b7a3 elementor-section-boxed elementor-section-height-default elementor-section-height-default\" data-id=\"5d5b7a3\" data-element_type=\"section\">\n\t\t\t\t\t\t<div class=\"elementor-container elementor-column-gap-default\">\n\t\t\t\t\t<div class=\"elementor-column elementor-col-100 elementor-top-column elementor-element elementor-element-817a4a6\" data-id=\"817a4a6\" data-element_type=\"column\">\n\t\t\t<div class=\"elementor-widget-wrap elementor-element-populated\">\n\t\t\t\t\t\t<div class=\"elementor-element elementor-element-5f45cfb elementor-arrows-position-inside elementor-pagination-position-outside elementor-widget elementor-widget-image-carousel\" data-id=\"5f45cfb\" data-element_type=\"widget\" data-settings=\"{&quot;navigation&quot;:&quot;both&quot;,&quot;autoplay&quot;:&quot;yes&quot;,&quot;pause_on_hover&quot;:&quot;yes&quot;,&quot;pause_on_interaction&quot;:&quot;yes&quot;,&quot;autoplay_speed&quot;:5000,&quot;infinite&quot;:&quot;yes&quot;,&quot;speed&quot;:500}\" data-widget_type=\"image-carousel.default\">\n\t\t\t\t<div class=\"elementor-widget-container\">\n\t\t\t\t\t\t\t<div class=\"elementor-image-carousel-wrapper swiper\" role=\"region\" aria-roledescription=\"carousel\" aria-label=\"Resim D\u00f6ng\u00fcs\u00fc\" dir=\"ltr\">\n\t\t\t<div class=\"elementor-image-carousel swiper-wrapper\" aria-live=\"off\">\n\t\t\t\t\t\t\t\t<div class=\"swiper-slide\" role=\"group\" aria-roledescription=\"slide\" aria-label=\"1 \/ 7\"><a data-elementor-open-lightbox=\"yes\" data-elementor-lightbox-slideshow=\"5f45cfb\" data-elementor-lightbox-title=\"IMG_6036\" data-e-action-hash=\"#elementor-action%3Aaction%3Dlightbox%26settings%3DeyJpZCI6NjIyMiwidXJsIjoiaHR0cHM6XC9cL2JsYWNrYW5kdGFucGVhcmxzLmNvbVwvd3AtY29udGVudFwvdXBsb2Fkc1wvMjAyNFwvMDFcL0lNR182MDM2LmpwZWciLCJzbGlkZXNob3ciOiI1ZjQ1Y2ZiIn0%3D\" href=\"https:\/\/blackandtanpearls.com\/gallery-categories\/males\/\"><figure class=\"swiper-slide-inner\"><img decoding=\"async\" class=\"swiper-slide-image\" src=\"https:\/\/blackandtanpearls.com\/wp-content\/uploads\/2024\/01\/IMG_6036.jpeg\" alt=\"BURAYA TIKLAYIN DAHA FAZLASINI G\u00d6R\u00dcN\" \/><figcaption class=\"elementor-image-carousel-caption\"><h4>BURAYA TIKLAYIN DAHA FAZLASINI G\u00d6R\u00dcN<\/h4><\/figcaption><\/figure><\/a><\/div><div class=\"swiper-slide\" role=\"group\" aria-roledescription=\"slide\" aria-label=\"2 \/ 7\"><a data-elementor-open-lightbox=\"yes\" data-elementor-lightbox-slideshow=\"5f45cfb\" data-elementor-lightbox-title=\"DSC_9285\" data-e-action-hash=\"#elementor-action%3Aaction%3Dlightbox%26settings%3DeyJpZCI6NTkxMSwidXJsIjoiaHR0cHM6XC9cL2JsYWNrYW5kdGFucGVhcmxzLmNvbVwvd3AtY29udGVudFwvdXBsb2Fkc1wvMjAyM1wvMDZcL0RTQ185Mjg1LXNjYWxlZC5qcGVnIiwic2xpZGVzaG93IjoiNWY0NWNmYiJ9\" href=\"https:\/\/blackandtanpearls.com\/gallery-categories\/males\/\"><figure class=\"swiper-slide-inner\"><img decoding=\"async\" class=\"swiper-slide-image\" src=\"https:\/\/blackandtanpearls.com\/wp-content\/uploads\/2023\/06\/DSC_9285-scaled.jpeg\" alt=\"HECTOR Black And Tan Pearls\" \/><figcaption class=\"elementor-image-carousel-caption\"><h4>HECTOR Black And Tan Pearls<\/h4><\/figcaption><\/figure><\/a><\/div><div class=\"swiper-slide\" role=\"group\" aria-roledescription=\"slide\" aria-label=\"3 \/ 7\"><a data-elementor-open-lightbox=\"yes\" data-elementor-lightbox-slideshow=\"5f45cfb\" data-elementor-lightbox-title=\"IMG_6028\" data-e-action-hash=\"#elementor-action%3Aaction%3Dlightbox%26settings%3DeyJpZCI6NTk1NSwidXJsIjoiaHR0cHM6XC9cL2JsYWNrYW5kdGFucGVhcmxzLmNvbVwvd3AtY29udGVudFwvdXBsb2Fkc1wvMjAyM1wvMDZcL0lNR182MDI4LmpwZWciLCJzbGlkZXNob3ciOiI1ZjQ1Y2ZiIn0%3D\" href=\"https:\/\/blackandtanpearls.com\/gallery-categories\/males\/\"><figure class=\"swiper-slide-inner\"><img decoding=\"async\" class=\"swiper-slide-image\" src=\"https:\/\/blackandtanpearls.com\/wp-content\/uploads\/2023\/06\/IMG_6028.jpeg\" alt=\"T\u00dcM ERKEKLER\u0130M\u0130Z\u0130 G\u00d6R\u00dcN\" \/><figcaption class=\"elementor-image-carousel-caption\"><h4>T\u00dcM ERKEKLER\u0130M\u0130Z\u0130 G\u00d6R\u00dcN<\/h4><\/figcaption><\/figure><\/a><\/div><div class=\"swiper-slide\" role=\"group\" aria-roledescription=\"slide\" aria-label=\"4 \/ 7\"><a data-elementor-open-lightbox=\"yes\" data-elementor-lightbox-slideshow=\"5f45cfb\" data-elementor-lightbox-title=\"DSC_1295\" data-e-action-hash=\"#elementor-action%3Aaction%3Dlightbox%26settings%3DeyJpZCI6NTg1NiwidXJsIjoiaHR0cHM6XC9cL2JsYWNrYW5kdGFucGVhcmxzLmNvbVwvd3AtY29udGVudFwvdXBsb2Fkc1wvMjAyM1wvMDZcL0RTQ18xMjk1LXNjYWxlZC5qcGVnIiwic2xpZGVzaG93IjoiNWY0NWNmYiJ9\" href=\"https:\/\/blackandtanpearls.com\/gallery-categories\/males\/\"><figure class=\"swiper-slide-inner\"><img decoding=\"async\" class=\"swiper-slide-image\" src=\"https:\/\/blackandtanpearls.com\/wp-content\/uploads\/2023\/06\/DSC_1295-scaled.jpeg\" alt=\"Kokan Black And Tan Pearls Rottweiler Stud Short muzzle\" \/><figcaption class=\"elementor-image-carousel-caption\"><h4>BURAYA TIKLAYIN<\/h4><\/figcaption><\/figure><\/a><\/div><div class=\"swiper-slide\" role=\"group\" aria-roledescription=\"slide\" aria-label=\"5 \/ 7\"><a data-elementor-open-lightbox=\"yes\" data-elementor-lightbox-slideshow=\"5f45cfb\" data-elementor-lightbox-title=\"IMG_5441\" data-e-action-hash=\"#elementor-action%3Aaction%3Dlightbox%26settings%3DeyJpZCI6NTg0MCwidXJsIjoiaHR0cHM6XC9cL2JsYWNrYW5kdGFucGVhcmxzLmNvbVwvd3AtY29udGVudFwvdXBsb2Fkc1wvMjAyM1wvMDZcL0lNR181NDQxLmpwZWciLCJzbGlkZXNob3ciOiI1ZjQ1Y2ZiIn0%3D\" href=\"https:\/\/blackandtanpearls.com\/gallery-categories\/males\/\"><figure class=\"swiper-slide-inner\"><img decoding=\"async\" class=\"swiper-slide-image\" src=\"https:\/\/blackandtanpearls.com\/wp-content\/uploads\/2023\/06\/IMG_5441.jpeg\" alt=\"Rottweiler dark male Helios\" \/><figcaption class=\"elementor-image-carousel-caption\"><h4>HELIOS Black And Tan Pearls<\/h4><\/figcaption><\/figure><\/a><\/div><div class=\"swiper-slide\" role=\"group\" aria-roledescription=\"slide\" aria-label=\"6 \/ 7\"><a data-elementor-open-lightbox=\"yes\" data-elementor-lightbox-slideshow=\"5f45cfb\" data-elementor-lightbox-title=\"IMG_9109\" data-e-action-hash=\"#elementor-action%3Aaction%3Dlightbox%26settings%3DeyJpZCI6NTgxMiwidXJsIjoiaHR0cHM6XC9cL2JsYWNrYW5kdGFucGVhcmxzLmNvbVwvd3AtY29udGVudFwvdXBsb2Fkc1wvMjAyM1wvMDZcL0lNR185MTA5LXNjYWxlZC1lMTcxMDU2MDY2NTMwOC5qcGVnIiwic2xpZGVzaG93IjoiNWY0NWNmYiJ9\" href=\"https:\/\/blackandtanpearls.com\/gallery-categories\/males\/\"><figure class=\"swiper-slide-inner\"><img decoding=\"async\" class=\"swiper-slide-image\" src=\"https:\/\/blackandtanpearls.com\/wp-content\/uploads\/2023\/06\/IMG_9109-scaled-e1710560665308.jpeg\" alt=\"GALER\u0130M\u0130Z\u0130 KONTROL ED\u0130N\" \/><figcaption class=\"elementor-image-carousel-caption\"><h4>GALER\u0130M\u0130Z\u0130 KONTROL ED\u0130N<\/h4><\/figcaption><\/figure><\/a><\/div><div class=\"swiper-slide\" role=\"group\" aria-roledescription=\"slide\" aria-label=\"7 \/ 7\"><a data-elementor-open-lightbox=\"yes\" data-elementor-lightbox-slideshow=\"5f45cfb\" data-elementor-lightbox-title=\"lambo\" data-e-action-hash=\"#elementor-action%3Aaction%3Dlightbox%26settings%3DeyJpZCI6MzMyNiwidXJsIjoiaHR0cHM6XC9cL2JsYWNrYW5kdGFucGVhcmxzLmNvbVwvd3AtY29udGVudFwvdXBsb2Fkc1wvMjAyM1wvMTJcL2xhbWJvLXNjYWxlZC5qcGciLCJzbGlkZXNob3ciOiI1ZjQ1Y2ZiIn0%3D\" href=\"https:\/\/blackandtanpearls.com\/gallery-categories\/males\/\"><figure class=\"swiper-slide-inner\"><img decoding=\"async\" class=\"swiper-slide-image\" src=\"https:\/\/blackandtanpearls.com\/wp-content\/uploads\/2023\/12\/lambo-scaled.jpg\" alt=\"LAMBO Black And Tan Pearls\" \/><figcaption class=\"elementor-image-carousel-caption\"><h4>LAMBO Black And Tan Pearls<\/h4><\/figcaption><\/figure><\/a><\/div>\t\t\t<\/div>\n\t\t\t\t\t\t\t\t\t\t\t\t<div class=\"elementor-swiper-button elementor-swiper-button-prev\" role=\"button\" tabindex=\"0\">\n\t\t\t\t\t\t<i aria-hidden=\"true\" class=\"eicon-chevron-left\"><\/i>\t\t\t\t\t<\/div>\n\t\t\t\t\t<div class=\"elementor-swiper-button elementor-swiper-button-next\" role=\"button\" tabindex=\"0\">\n\t\t\t\t\t\t<i aria-hidden=\"true\" class=\"eicon-chevron-right\"><\/i>\t\t\t\t\t<\/div>\n\t\t\t\t\n\t\t\t\t\t\t\t\t\t<div class=\"swiper-pagination\"><\/div>\n\t\t\t\t\t\t\t\t\t<\/div>\n\t\t\t\t\t\t<\/div>\n\t\t\t\t<\/div>\n\t\t\t\t\t<\/div>\n\t\t<\/div>\n\t\t\t\t\t<\/div>\n\t\t<\/section>\n\t\t\t\t<section class=\"elementor-section elementor-top-section elementor-element elementor-element-654cda1 elementor-section-boxed elementor-section-height-default elementor-section-height-default\" data-id=\"654cda1\" data-element_type=\"section\">\n\t\t\t\t\t\t<div class=\"elementor-container elementor-column-gap-default\">\n\t\t\t\t\t<div class=\"elementor-column elementor-col-100 elementor-top-column elementor-element elementor-element-066d4cf\" data-id=\"066d4cf\" data-element_type=\"column\">\n\t\t\t<div class=\"elementor-widget-wrap elementor-element-populated\">\n\t\t\t\t\t\t<div class=\"elementor-element elementor-element-7856b8d elementor-widget elementor-widget-spacer\" data-id=\"7856b8d\" data-element_type=\"widget\" data-widget_type=\"spacer.default\">\n\t\t\t\t<div class=\"elementor-widget-container\">\n\t\t\t\t\t\t\t<div class=\"elementor-spacer\">\n\t\t\t<div class=\"elementor-spacer-inner\"><\/div>\n\t\t<\/div>\n\t\t\t\t\t\t<\/div>\n\t\t\t\t<\/div>\n\t\t\t\t\t<\/div>\n\t\t<\/div>\n\t\t\t\t\t<\/div>\n\t\t<\/section>\n\t\t\t\t<\/div>\n\t\t","protected":false},"excerpt":{"rendered":"<p>DONDURULMU\u015e SPERM BLACK AND TAN PEARLS Black And Tan Pearls&#8217;e ho\u015f geldiniz, g\u00fcvenilir Rottweiler \u00e7iftli\u011finiz, Dondurulmu\u015f Sperm Hizmetleri sunmaktad\u0131r. B\u00fct\u00fcn erkek k\u00f6peklerimiz i\u00e7in dondurulmu\u015f sperm mevcuttur, \u00f6zenle toplanm\u0131\u015f ve uzman veteriner profesyonelleri taraf\u0131ndan i\u015flenmi\u015ftir. Uzman veteriner klini\u011fimiz, en y\u00fcksek uluslararas\u0131 nakliye standartlar\u0131na uygun olarak toplama ve i\u015fleme i\u015flemlerini sa\u011flar. Her k\u00f6pek i\u00e7in, toplama i\u015fleminden \u00f6nce [&hellip;]<\/p>\n","protected":false},"author":21,"featured_media":0,"parent":0,"menu_order":0,"comment_status":"closed","ping_status":"closed","template":"elementor_header_footer","meta":{"footnotes":""},"class_list":["post-9077","page","type-page","status-publish","hentry"],"acf":[],"_links":{"self":[{"href":"https:\/\/blackandtanpearls.com\/tr\/wp-json\/wp\/v2\/pages\/9077","targetHints":{"allow":["GET"]}}],"collection":[{"href":"https:\/\/blackandtanpearls.com\/tr\/wp-json\/wp\/v2\/pages"}],"about":[{"href":"https:\/\/blackandtanpearls.com\/tr\/wp-json\/wp\/v2\/types\/page"}],"author":[{"embeddable":true,"href":"https:\/\/blackandtanpearls.com\/tr\/wp-json\/wp\/v2\/users\/21"}],"replies":[{"embeddable":true,"href":"https:\/\/blackandtanpearls.com\/tr\/wp-json\/wp\/v2\/comments?post=9077"}],"version-history":[{"count":30,"href":"https:\/\/blackandtanpearls.com\/tr\/wp-json\/wp\/v2\/pages\/9077\/revisions"}],"predecessor-version":[{"id":11560,"href":"https:\/\/blackandtanpearls.com\/tr\/wp-json\/wp\/v2\/pages\/9077\/revisions\/11560"}],"wp:attachment":[{"href":"https:\/\/blackandtanpearls.com\/tr\/wp-json\/wp\/v2\/media?parent=9077"}],"curies":[{"name":"wp","href":"https:\/\/api.w.org\/{rel}","templated":true}]}}